{"id":99976,"date":"2026-04-21T01:59:05","date_gmt":"2026-04-21T07:59:05","guid":{"rendered":"https:\/\/www.veneciacr.com\/index.php\/producto\/agarradera-moderna-128mm-satin-jal-0711-hermex\/"},"modified":"2026-04-21T01:59:07","modified_gmt":"2026-04-21T07:59:07","slug":"agarradera-moderna-128mm-satin-jal-0711-hermex-pe139","status":"publish","type":"product","link":"https:\/\/www.veneciacr.com\/index.php\/producto\/agarradera-moderna-128mm-satin-jal-0711-hermex-pe139\/","title":{"rendered":"AGARRADERA MODERNA 128MM SATIN JAL-0711 HERMEX PE139"},"content":{"rendered":"<p>Met\u00e1lica con acabado n\u00edquel satinado<\/p>\n<p>Ideal para instalar en puertas y cajones de muebles<\/p>\n<p>Para carpinter\u00eda<\/p>\n","protected":false},"excerpt":{"rendered":"<p>Met\u00e1lica con acabado n\u00edquel satinado Ideal para instalar en puertas y cajones de muebles Para carpinter\u00eda<\/p>\n","protected":false},"featured_media":99977,"comment_status":"closed","ping_status":"open","template":"","meta":[],"product_brand":[],"product_cat":[15],"product_tag":[],"class_list":{"0":"post-99976","1":"product","2":"type-product","3":"status-publish","4":"has-post-thumbnail","6":"product_cat-uncategorized","8":"first","9":"instock","10":"purchasable","11":"product-type-simple"},"jetpack_sharing_enabled":true,"_links":{"self":[{"href":"https:\/\/www.veneciacr.com\/index.php\/wp-json\/wp\/v2\/product\/99976","targetHints":{"allow":["GET"]}}],"collection":[{"href":"https:\/\/www.veneciacr.com\/index.php\/wp-json\/wp\/v2\/product"}],"about":[{"href":"https:\/\/www.veneciacr.com\/index.php\/wp-json\/wp\/v2\/types\/product"}],"replies":[{"embeddable":true,"href":"https:\/\/www.veneciacr.com\/index.php\/wp-json\/wp\/v2\/comments?post=99976"}],"wp:featuredmedia":[{"embeddable":true,"href":"https:\/\/www.veneciacr.com\/index.php\/wp-json\/wp\/v2\/media\/99977"}],"wp:attachment":[{"href":"https:\/\/www.veneciacr.com\/index.php\/wp-json\/wp\/v2\/media?parent=99976"}],"wp:term":[{"taxonomy":"product_brand","embeddable":true,"href":"https:\/\/www.veneciacr.com\/index.php\/wp-json\/wp\/v2\/product_brand?post=99976"},{"taxonomy":"product_cat","embeddable":true,"href":"https:\/\/www.veneciacr.com\/index.php\/wp-json\/wp\/v2\/product_cat?post=99976"},{"taxonomy":"product_tag","embeddable":true,"href":"https:\/\/www.veneciacr.com\/index.php\/wp-json\/wp\/v2\/product_tag?post=99976"}],"curies":[{"name":"wp","href":"https:\/\/api.w.org\/{rel}","templated":true}]}}