{"id":99910,"date":"2026-04-21T01:59:18","date_gmt":"2026-04-21T07:59:18","guid":{"rendered":"https:\/\/www.veneciacr.com\/index.php\/producto\/sensor-puerta-y-ventana-wifi-t110-tapo-tp-link\/"},"modified":"2026-04-21T01:59:19","modified_gmt":"2026-04-21T07:59:19","slug":"sensor-puerta-y-ventana-wifi-t110-tapo-tp-link","status":"publish","type":"product","link":"https:\/\/www.veneciacr.com\/index.php\/producto\/sensor-puerta-y-ventana-wifi-t110-tapo-tp-link\/","title":{"rendered":"SENSOR PUERTA Y VENTANA WIFI T110 TAPO TP LINK"},"content":{"rendered":"<ul>\n<li><strong>Monitor en Tiempo Real<\/strong> &#8211; Verifica el estado de tus ventanas y puertas en cualquier momento y desde cualquier lugar.<\/li>\n<li><strong>Notificaci\u00f3n Instant\u00e1nea<\/strong> &#8211; Recibe en el m\u00f3vil un mensaje cuando el sensor se active para saber que ocurre en casa.<\/li>\n<li><strong>Automatizaci\u00f3n del Hogar<\/strong> &#8211; Crea una acci\u00f3n inteligente para automatizar tus dispositivos inteligentes, como bombillas, enchufes inteligentes y m\u00e1s.<\/li>\n<li><strong>F\u00e1cil Instalaci\u00f3n<\/strong> &#8211; M\u00f3ntalo en casi cualquier superficie con el adhesivo 3M incluido.<\/li>\n<li><strong>Bater\u00eda de 2 A\u00f1os de Duraci\u00f3n<\/strong> &#8211; Equipado con una bater\u00eda CR2032 para una energ\u00eda duradera.<\/li>\n<\/ul>\n","protected":false},"excerpt":{"rendered":"<p>Monitor en Tiempo Real &#8211; Verifica el estado de tus ventanas y puertas en cualquier momento y desde cualquier lugar.<\/p>\n","protected":false},"featured_media":99922,"comment_status":"closed","ping_status":"open","template":"","meta":[],"product_brand":[],"product_cat":[15],"product_tag":[],"class_list":{"0":"post-99910","1":"product","2":"type-product","3":"status-publish","4":"has-post-thumbnail","6":"product_cat-uncategorized","8":"first","9":"instock","10":"purchasable","11":"product-type-simple"},"jetpack_sharing_enabled":true,"_links":{"self":[{"href":"https:\/\/www.veneciacr.com\/index.php\/wp-json\/wp\/v2\/product\/99910","targetHints":{"allow":["GET"]}}],"collection":[{"href":"https:\/\/www.veneciacr.com\/index.php\/wp-json\/wp\/v2\/product"}],"about":[{"href":"https:\/\/www.veneciacr.com\/index.php\/wp-json\/wp\/v2\/types\/product"}],"replies":[{"embeddable":true,"href":"https:\/\/www.veneciacr.com\/index.php\/wp-json\/wp\/v2\/comments?post=99910"}],"wp:featuredmedia":[{"embeddable":true,"href":"https:\/\/www.veneciacr.com\/index.php\/wp-json\/wp\/v2\/media\/99922"}],"wp:attachment":[{"href":"https:\/\/www.veneciacr.com\/index.php\/wp-json\/wp\/v2\/media?parent=99910"}],"wp:term":[{"taxonomy":"product_brand","embeddable":true,"href":"https:\/\/www.veneciacr.com\/index.php\/wp-json\/wp\/v2\/product_brand?post=99910"},{"taxonomy":"product_cat","embeddable":true,"href":"https:\/\/www.veneciacr.com\/index.php\/wp-json\/wp\/v2\/product_cat?post=99910"},{"taxonomy":"product_tag","embeddable":true,"href":"https:\/\/www.veneciacr.com\/index.php\/wp-json\/wp\/v2\/product_tag?post=99910"}],"curies":[{"name":"wp","href":"https:\/\/api.w.org\/{rel}","templated":true}]}}