{"id":99904,"date":"2026-04-21T01:59:18","date_gmt":"2026-04-21T07:59:18","guid":{"rendered":"https:\/\/www.veneciacr.com\/index.php\/producto\/limpiador-de-superficies-1-galon-dry-coat-dc2789-4-lanco\/"},"modified":"2026-04-21T01:59:20","modified_gmt":"2026-04-21T07:59:20","slug":"limpiador-de-superficies-1-galon-dry-coat-dc2789-4-lanco","status":"publish","type":"product","link":"https:\/\/www.veneciacr.com\/index.php\/producto\/limpiador-de-superficies-1-galon-dry-coat-dc2789-4-lanco\/","title":{"rendered":"LIMPIADOR DE SUPERFICIES 1 GALON DRY COAT DC2789-4 LANCO"},"content":{"rendered":"<div class=\"woocommerce-tabs wc-tabs-wrapper\">\n<div id=\"tab-description\" class=\"woocommerce-Tabs-panel woocommerce-Tabs-panel--description panel entry-content wc-tab\" role=\"tabpanel\" aria-labelledby=\"tab-title-description\">\n<p>Dry-Coat Surface Cleaner es un limpiador de superficies, paredes, pisos y techos, no \u00e1cido. Dise\u00f1ado para penetrar, limpiar, y eliminar el hongo, moho, y bacterias desde su ra\u00edz. Es lo suficientemente poderoso como para limpiar superficies nuevas y curtidas para ser tratadas con un sellador, y lo suficientemente delicado como para no da\u00f1ar las superficies previamente tratadas y ayudar a mantenerlas limpias.<\/p>\n<\/div>\n<\/div>\n<div class=\"custom-attributes\">\n<h5 class=\"only-desktop\">Caracter\u00edsticas<\/h5>\n<ul class=\"product-attributes\">\n<li class=\"product-attribute\"><img decoding=\"async\" class=\" ls-is-cached lazyloaded\" src=\"https:\/\/www.lancostore.com\/wp-content\/uploads\/2024\/10\/Anti-Bacterial.svg\" alt=\"Antibacterial y Antivirus\" width=\"32\" data-src=\"https:\/\/www.lancostore.com\/wp-content\/uploads\/2024\/10\/Anti-Bacterial.svg\" \/>Antibacterial y Antivirus<\/li>\n<li class=\"product-attribute\"><img decoding=\"async\" class=\" ls-is-cached lazyloaded\" src=\"https:\/\/www.lancostore.com\/wp-content\/uploads\/2024\/11\/Antihongos.svg\" alt=\"Antihongos y antialgas\" width=\"32\" data-src=\"https:\/\/www.lancostore.com\/wp-content\/uploads\/2024\/11\/Antihongos.svg\" \/>Antihongos y antialgas<\/li>\n<li class=\"product-attribute\"><img decoding=\"async\" class=\" ls-is-cached lazyloaded\" src=\"https:\/\/www.lancostore.com\/wp-content\/uploads\/2024\/10\/Penetrante-de-superficies.svg\" alt=\"Limpiador penetrante de superficies\" width=\"32\" data-src=\"https:\/\/www.lancostore.com\/wp-content\/uploads\/2024\/10\/Penetrante-de-superficies.svg\" \/>Limpiador penetrante de superficies<\/li>\n<li class=\"product-attribute\"><img decoding=\"async\" class=\" ls-is-cached lazyloaded\" src=\"https:\/\/www.lancostore.com\/wp-content\/uploads\/2024\/10\/Ideal.svg\" alt=\"Listo para usar\" width=\"32\" data-src=\"https:\/\/www.lancostore.com\/wp-content\/uploads\/2024\/10\/Ideal.svg\" \/>Listo para usar<\/li>\n<li class=\"product-attribute\"><img decoding=\"async\" class=\" ls-is-cached lazyloaded\" src=\"https:\/\/www.lancostore.com\/wp-content\/uploads\/2024\/10\/No.svg\" alt=\"No contiene \u00e1cidos\" width=\"32\" data-src=\"https:\/\/www.lancostore.com\/wp-content\/uploads\/2024\/10\/No.svg\" \/>No contiene \u00e1cidos<\/li>\n<li class=\"product-attribute\"><img decoding=\"async\" class=\" ls-is-cached lazyloaded\" src=\"https:\/\/www.lancostore.com\/wp-content\/uploads\/2024\/10\/No.svg\" alt=\"No contiene blanqueadores\" width=\"32\" data-src=\"https:\/\/www.lancostore.com\/wp-content\/uploads\/2024\/10\/No.svg\" \/>No contiene blanqueadores<\/li>\n<li class=\"product-attribute\"><img decoding=\"async\" class=\" ls-is-cached lazyloaded\" src=\"https:\/\/www.lancostore.com\/wp-content\/uploads\/2024\/10\/No.svg\" alt=\"No contiene materiales corrosivos\" width=\"32\" data-src=\"https:\/\/www.lancostore.com\/wp-content\/uploads\/2024\/10\/No.svg\" \/>No contiene materiales corrosivos<\/li>\n<\/ul>\n<\/div>\n<form id=\"cart\" class=\"cart\" action=\"https:\/\/www.lancostore.com\/producto\/dry-coat-clenaer\/\" enctype=\"multipart\/form-data\" method=\"post\">\n<div class=\"quantity\"><label class=\"label\" for=\"quantity_68af73fe39902\">Cantidad<\/label><\/div>\n<\/form>\n","protected":false},"excerpt":{"rendered":"<p>Dry-Coat Surface Cleaner es un limpiador de superficies, paredes, pisos y techos, no \u00e1cido. Dise\u00f1ado para penetrar, limpiar, y eliminar<\/p>\n","protected":false},"featured_media":99917,"comment_status":"closed","ping_status":"open","template":"","meta":[],"product_brand":[],"product_cat":[15],"product_tag":[],"class_list":{"0":"post-99904","1":"product","2":"type-product","3":"status-publish","4":"has-post-thumbnail","6":"product_cat-uncategorized","8":"first","9":"instock","10":"purchasable","11":"product-type-simple"},"jetpack_sharing_enabled":true,"_links":{"self":[{"href":"https:\/\/www.veneciacr.com\/index.php\/wp-json\/wp\/v2\/product\/99904","targetHints":{"allow":["GET"]}}],"collection":[{"href":"https:\/\/www.veneciacr.com\/index.php\/wp-json\/wp\/v2\/product"}],"about":[{"href":"https:\/\/www.veneciacr.com\/index.php\/wp-json\/wp\/v2\/types\/product"}],"replies":[{"embeddable":true,"href":"https:\/\/www.veneciacr.com\/index.php\/wp-json\/wp\/v2\/comments?post=99904"}],"wp:featuredmedia":[{"embeddable":true,"href":"https:\/\/www.veneciacr.com\/index.php\/wp-json\/wp\/v2\/media\/99917"}],"wp:attachment":[{"href":"https:\/\/www.veneciacr.com\/index.php\/wp-json\/wp\/v2\/media?parent=99904"}],"wp:term":[{"taxonomy":"product_brand","embeddable":true,"href":"https:\/\/www.veneciacr.com\/index.php\/wp-json\/wp\/v2\/product_brand?post=99904"},{"taxonomy":"product_cat","embeddable":true,"href":"https:\/\/www.veneciacr.com\/index.php\/wp-json\/wp\/v2\/product_cat?post=99904"},{"taxonomy":"product_tag","embeddable":true,"href":"https:\/\/www.veneciacr.com\/index.php\/wp-json\/wp\/v2\/product_tag?post=99904"}],"curies":[{"name":"wp","href":"https:\/\/api.w.org\/{rel}","templated":true}]}}