{"id":99829,"date":"2026-04-21T01:59:24","date_gmt":"2026-04-21T07:59:24","guid":{"rendered":"https:\/\/www.veneciacr.com\/index.php\/producto\/toma-wifi-p125-tapo-tp-link\/"},"modified":"2026-04-21T01:59:25","modified_gmt":"2026-04-21T07:59:25","slug":"toma-wifi-p125-tapo-tp-link","status":"publish","type":"product","link":"https:\/\/www.veneciacr.com\/index.php\/producto\/toma-wifi-p125-tapo-tp-link\/","title":{"rendered":"TOMA WIFI P125 TAPO TP LINK"},"content":{"rendered":"<div data-content-type=\"html\" data-appearance=\"default\" data-element=\"main\" data-decoded=\"true\">El Tapo P125 es un mini enchufe inteligente que te permite gestionar tus aparatos el\u00e9ctricos f\u00e1cilmente mediante la app Tapo. Con\u00e9ctalo a tu red Wi-Fi 2.4 GHz sin necesidad de hub, y controla luces, ventiladores, electrodom\u00e9sticos y m\u00e1s desde tu smartphone, est\u00e9s donde est\u00e9s.<\/div>\n<div data-content-type=\"text\" data-appearance=\"default\" data-element=\"main\">\n<p>&nbsp;<\/p>\n<p><strong>Caracter\u00edsticas:<\/strong><\/p>\n<ul>\n<li>Control remoto:\u00a0\u00a0encienda y apague instant\u00e1neamente los dispositivos conectados desde cualquier lugar a trav\u00e9s de la aplicaci\u00f3n Tapo.<\/li>\n<li>Control por voz\u00a0\u00a0: administre su enchufe inteligente con comandos de voz a trav\u00e9s de Amazon Alexa, Apple Siri o Google Assistant.<\/li>\n<li>Compatible con Apple Homekit\u00a0: se integra completamente en su ecosistema Apple Home.<\/li>\n<li>Programaci\u00f3n:\u00a0\u00a0preestablezca una programaci\u00f3n para administrar los dispositivos autom\u00e1ticamente.<\/li>\n<li>Temporizador:\u00a0cree listas de temporizadores de cuenta regresiva para dispositivos electr\u00f3nicos conectados.<\/li>\n<li>Modo Ausente\u00a0\u00a0: enciende y apaga autom\u00e1ticamente los dispositivos en diferentes momentos para dar la apariencia de que hay alguien en casa.<\/li>\n<li>Apoye los electrodom\u00e9sticos de mayor potencia\u00a0\u00a0: programe su hervidor, cafetera y tostadora para disfrutar de un desayuno &#8220;preestablecido&#8221;.<\/li>\n<li>Dise\u00f1o compacto\u00a0:\u00a0tama\u00f1o mini para evitar bloquear los conectores adyacentes (incluso m\u00e1s peque\u00f1o que el P100).<\/li>\n<li>F\u00e1cil configuraci\u00f3n y uso\u00a0: no requiere concentrador, se configura r\u00e1pidamente y se administra f\u00e1cilmente a trav\u00e9s de la aplicaci\u00f3n gratuita.<\/li>\n<\/ul>\n<\/div>\n","protected":false},"excerpt":{"rendered":"<p>El Tapo P125 es un mini enchufe inteligente que te permite gestionar tus aparatos el\u00e9ctricos f\u00e1cilmente mediante la app Tapo.<\/p>\n","protected":false},"featured_media":99830,"comment_status":"closed","ping_status":"open","template":"","meta":[],"product_brand":[],"product_cat":[15],"product_tag":[],"class_list":{"0":"post-99829","1":"product","2":"type-product","3":"status-publish","4":"has-post-thumbnail","6":"product_cat-uncategorized","8":"first","9":"instock","10":"purchasable","11":"product-type-simple"},"jetpack_sharing_enabled":true,"_links":{"self":[{"href":"https:\/\/www.veneciacr.com\/index.php\/wp-json\/wp\/v2\/product\/99829","targetHints":{"allow":["GET"]}}],"collection":[{"href":"https:\/\/www.veneciacr.com\/index.php\/wp-json\/wp\/v2\/product"}],"about":[{"href":"https:\/\/www.veneciacr.com\/index.php\/wp-json\/wp\/v2\/types\/product"}],"replies":[{"embeddable":true,"href":"https:\/\/www.veneciacr.com\/index.php\/wp-json\/wp\/v2\/comments?post=99829"}],"wp:featuredmedia":[{"embeddable":true,"href":"https:\/\/www.veneciacr.com\/index.php\/wp-json\/wp\/v2\/media\/99830"}],"wp:attachment":[{"href":"https:\/\/www.veneciacr.com\/index.php\/wp-json\/wp\/v2\/media?parent=99829"}],"wp:term":[{"taxonomy":"product_brand","embeddable":true,"href":"https:\/\/www.veneciacr.com\/index.php\/wp-json\/wp\/v2\/product_brand?post=99829"},{"taxonomy":"product_cat","embeddable":true,"href":"https:\/\/www.veneciacr.com\/index.php\/wp-json\/wp\/v2\/product_cat?post=99829"},{"taxonomy":"product_tag","embeddable":true,"href":"https:\/\/www.veneciacr.com\/index.php\/wp-json\/wp\/v2\/product_tag?post=99829"}],"curies":[{"name":"wp","href":"https:\/\/api.w.org\/{rel}","templated":true}]}}