{"id":99765,"date":"2026-04-21T01:59:30","date_gmt":"2026-04-21T07:59:30","guid":{"rendered":"https:\/\/www.veneciacr.com\/index.php\/producto\/sensor-de-temperatura-y-humedad-2-27012-xiaomi\/"},"modified":"2026-04-21T01:59:32","modified_gmt":"2026-04-21T07:59:32","slug":"sensor-de-temperatura-y-humedad-2-27012-xiaomi","status":"publish","type":"product","link":"https:\/\/www.veneciacr.com\/index.php\/producto\/sensor-de-temperatura-y-humedad-2-27012-xiaomi\/","title":{"rendered":"SENSOR DE TEMPERATURA Y HUMEDAD 2 27012 XIAOMI"},"content":{"rendered":"<p><strong>Control de temperatura \u2013 Pantalla LCD 1.5&#8243;\u2013 Bluetooth <\/strong><\/p>\n<p>Controla la temperatura y humedad de tu casa f\u00e1cilmente desde tu smartphone. La pantalla LCD 1.5&#8243; te muestra los valores en tiempo real. Adem\u00e1s, este dispositivo se conecta por Bluetooth y est\u00e1 fabricado con material ecol\u00f3gico de alta calidad. Si tienes otros productos Xiaomi inteligentes, podr\u00e1s programarlos para aprovechar al m\u00e1ximo sus funciones. Desde la aplicaci\u00f3n Mi Home podr\u00e1s controlarlo estando cerca o incluso cuando no est\u00e9s en casa. Adem\u00e1s, tiene un amplio rango de temperatura y humedad, y utiliza una bater\u00eda de litio duradera.<\/p>\n","protected":false},"excerpt":{"rendered":"<p>Control de temperatura \u2013 Pantalla LCD 1.5&#8243;\u2013 Bluetooth Controla la temperatura y humedad de tu casa f\u00e1cilmente desde tu smartphone.<\/p>\n","protected":false},"featured_media":99766,"comment_status":"closed","ping_status":"open","template":"","meta":[],"product_brand":[],"product_cat":[15],"product_tag":[],"class_list":{"0":"post-99765","1":"product","2":"type-product","3":"status-publish","4":"has-post-thumbnail","6":"product_cat-uncategorized","8":"first","9":"outofstock","10":"purchasable","11":"product-type-simple"},"jetpack_sharing_enabled":true,"_links":{"self":[{"href":"https:\/\/www.veneciacr.com\/index.php\/wp-json\/wp\/v2\/product\/99765","targetHints":{"allow":["GET"]}}],"collection":[{"href":"https:\/\/www.veneciacr.com\/index.php\/wp-json\/wp\/v2\/product"}],"about":[{"href":"https:\/\/www.veneciacr.com\/index.php\/wp-json\/wp\/v2\/types\/product"}],"replies":[{"embeddable":true,"href":"https:\/\/www.veneciacr.com\/index.php\/wp-json\/wp\/v2\/comments?post=99765"}],"wp:featuredmedia":[{"embeddable":true,"href":"https:\/\/www.veneciacr.com\/index.php\/wp-json\/wp\/v2\/media\/99766"}],"wp:attachment":[{"href":"https:\/\/www.veneciacr.com\/index.php\/wp-json\/wp\/v2\/media?parent=99765"}],"wp:term":[{"taxonomy":"product_brand","embeddable":true,"href":"https:\/\/www.veneciacr.com\/index.php\/wp-json\/wp\/v2\/product_brand?post=99765"},{"taxonomy":"product_cat","embeddable":true,"href":"https:\/\/www.veneciacr.com\/index.php\/wp-json\/wp\/v2\/product_cat?post=99765"},{"taxonomy":"product_tag","embeddable":true,"href":"https:\/\/www.veneciacr.com\/index.php\/wp-json\/wp\/v2\/product_tag?post=99765"}],"curies":[{"name":"wp","href":"https:\/\/api.w.org\/{rel}","templated":true}]}}