{"id":99586,"date":"2026-04-21T02:18:52","date_gmt":"2026-04-21T08:18:52","guid":{"rendered":"https:\/\/www.veneciacr.com\/index.php\/producto\/contra-pedido-motoguadana-multifuncional-52cc-tmt55211-total\/"},"modified":"2026-04-21T02:18:54","modified_gmt":"2026-04-21T08:18:54","slug":"motoguadana-multifuncional-52cc-tmt55211-total","status":"publish","type":"product","link":"https:\/\/www.veneciacr.com\/index.php\/producto\/motoguadana-multifuncional-52cc-tmt55211-total\/","title":{"rendered":"MOTOGUADANA MULTIFUNCIONAL 52CC TMT55211 TOTAL"},"content":{"rendered":"<p><strong>Producto contra pedido,\u00a0 el tiempo de entrega de este producto es de 2 d\u00edas h\u00e1biles.<\/strong><\/p>\n<p>&nbsp;<\/p>\n<p>-Material: Pl\u00e1stico \u2013 Metal<\/p>\n<p>-Peso (Kg): 7.5<\/p>\n<p>-Potencia: 1.25Kw (1.7HP)<\/p>\n<p>-Desplazamiento: 52 cc<\/p>\n<p>-Motor: 2 tiempos<\/p>\n<p>-Velocidad sin carga: 10000\/min<\/p>\n<p>-Medida: Di\u00e1metro de corte: 420mm<\/p>\n<p>-Di\u00e1metro de navaja: 255mm (3 dientes)<\/p>\n<p>-Rollo de l\u00ednea: 2.4mmx4m<\/p>\n<p>-Tanque: 1.2 Lt<\/p>\n<p>-Incluye: Desmalezadora, Motosierra, Cortacetos y Disco de corte<\/p>\n","protected":false},"excerpt":{"rendered":"<p>Producto contra pedido,\u00a0 el tiempo de entrega de este producto es de 2 d\u00edas h\u00e1biles. &nbsp; -Material: Pl\u00e1stico \u2013 Metal<\/p>\n","protected":false},"featured_media":99587,"comment_status":"closed","ping_status":"open","template":"","meta":[],"product_brand":[],"product_cat":[15],"product_tag":[],"class_list":{"0":"post-99586","1":"product","2":"type-product","3":"status-publish","4":"has-post-thumbnail","6":"product_cat-uncategorized","8":"first","9":"instock","10":"purchasable","11":"product-type-simple"},"jetpack_sharing_enabled":true,"_links":{"self":[{"href":"https:\/\/www.veneciacr.com\/index.php\/wp-json\/wp\/v2\/product\/99586","targetHints":{"allow":["GET"]}}],"collection":[{"href":"https:\/\/www.veneciacr.com\/index.php\/wp-json\/wp\/v2\/product"}],"about":[{"href":"https:\/\/www.veneciacr.com\/index.php\/wp-json\/wp\/v2\/types\/product"}],"replies":[{"embeddable":true,"href":"https:\/\/www.veneciacr.com\/index.php\/wp-json\/wp\/v2\/comments?post=99586"}],"wp:featuredmedia":[{"embeddable":true,"href":"https:\/\/www.veneciacr.com\/index.php\/wp-json\/wp\/v2\/media\/99587"}],"wp:attachment":[{"href":"https:\/\/www.veneciacr.com\/index.php\/wp-json\/wp\/v2\/media?parent=99586"}],"wp:term":[{"taxonomy":"product_brand","embeddable":true,"href":"https:\/\/www.veneciacr.com\/index.php\/wp-json\/wp\/v2\/product_brand?post=99586"},{"taxonomy":"product_cat","embeddable":true,"href":"https:\/\/www.veneciacr.com\/index.php\/wp-json\/wp\/v2\/product_cat?post=99586"},{"taxonomy":"product_tag","embeddable":true,"href":"https:\/\/www.veneciacr.com\/index.php\/wp-json\/wp\/v2\/product_tag?post=99586"}],"curies":[{"name":"wp","href":"https:\/\/api.w.org\/{rel}","templated":true}]}}