{"id":99584,"date":"2026-04-21T02:19:51","date_gmt":"2026-04-21T08:19:51","guid":{"rendered":"https:\/\/www.veneciacr.com\/index.php\/producto\/contra-pedido-compresor-aire-100l-3hp-utc1301006-total\/"},"modified":"2026-04-21T02:19:52","modified_gmt":"2026-04-21T08:19:52","slug":"contra-pedido-compresor-aire-100l-3hp-utc1301006-total","status":"publish","type":"product","link":"https:\/\/www.veneciacr.com\/index.php\/producto\/contra-pedido-compresor-aire-100l-3hp-utc1301006-total\/","title":{"rendered":"CONTRA PEDIDO COMPRESOR AIRE 100L 3HP UTC1301006 TOTAL"},"content":{"rendered":"<p><strong>Producto contra pedido,\u00a0 el tiempo de entrega de este producto es de 2 d\u00edas h\u00e1biles.<\/strong><\/p>\n<p>&nbsp;<\/p>\n<p>-Fase: Monof\u00e1sico<\/p>\n<p>-Nivel de ruido: 92 db<\/p>\n<p>-Caracter\u00edsticas: Bomba lubricada con aceite, Sistema accionado por correa<\/p>\n<p>-Encendido: Switch de encendido<\/p>\n<p>-Frecuencia: 50\/60Hz<\/p>\n<p>-Potencia: 2.2 kW (3.0HP)<\/p>\n<p>-Presi\u00f3n: Max. 8 bar (116psi)<\/p>\n<p>-Resiste: Variaciones de voltaje<\/p>\n<p>-Velocidad: Sin carga 1100\/min<\/p>\n<p>-Volumen de tanque: 100L (26.4Gal)<\/p>\n<p>-Tipo de aceite a usar es 10W30 de cualquier marca<\/p>\n<p>-Recomendaciones: No dejar sin aceite el motor ya que sino puede fundir el motor y ser\u00e1 perdida total.<\/p>\n","protected":false},"excerpt":{"rendered":"<p>Producto contra pedido,\u00a0 el tiempo de entrega de este producto es de 2 d\u00edas h\u00e1biles. &nbsp; -Fase: Monof\u00e1sico -Nivel de<\/p>\n","protected":false},"featured_media":99585,"comment_status":"closed","ping_status":"open","template":"","meta":[],"product_brand":[],"product_cat":[15],"product_tag":[],"class_list":{"0":"post-99584","1":"product","2":"type-product","3":"status-publish","4":"has-post-thumbnail","6":"product_cat-uncategorized","8":"first","9":"instock","10":"purchasable","11":"product-type-simple"},"jetpack_sharing_enabled":true,"_links":{"self":[{"href":"https:\/\/www.veneciacr.com\/index.php\/wp-json\/wp\/v2\/product\/99584","targetHints":{"allow":["GET"]}}],"collection":[{"href":"https:\/\/www.veneciacr.com\/index.php\/wp-json\/wp\/v2\/product"}],"about":[{"href":"https:\/\/www.veneciacr.com\/index.php\/wp-json\/wp\/v2\/types\/product"}],"replies":[{"embeddable":true,"href":"https:\/\/www.veneciacr.com\/index.php\/wp-json\/wp\/v2\/comments?post=99584"}],"wp:featuredmedia":[{"embeddable":true,"href":"https:\/\/www.veneciacr.com\/index.php\/wp-json\/wp\/v2\/media\/99585"}],"wp:attachment":[{"href":"https:\/\/www.veneciacr.com\/index.php\/wp-json\/wp\/v2\/media?parent=99584"}],"wp:term":[{"taxonomy":"product_brand","embeddable":true,"href":"https:\/\/www.veneciacr.com\/index.php\/wp-json\/wp\/v2\/product_brand?post=99584"},{"taxonomy":"product_cat","embeddable":true,"href":"https:\/\/www.veneciacr.com\/index.php\/wp-json\/wp\/v2\/product_cat?post=99584"},{"taxonomy":"product_tag","embeddable":true,"href":"https:\/\/www.veneciacr.com\/index.php\/wp-json\/wp\/v2\/product_tag?post=99584"}],"curies":[{"name":"wp","href":"https:\/\/api.w.org\/{rel}","templated":true}]}}