{"id":99577,"date":"2026-04-21T02:18:49","date_gmt":"2026-04-21T08:18:49","guid":{"rendered":"https:\/\/www.veneciacr.com\/index.php\/producto\/contra-pedido-generador-electrico-gasolina-2kw-110v-utp523006-total\/"},"modified":"2026-04-21T02:18:49","modified_gmt":"2026-04-21T08:18:49","slug":"contra-pedido-generador-electrico-gasolina-2kw-110v-utp523006-total","status":"publish","type":"product","link":"https:\/\/www.veneciacr.com\/index.php\/producto\/contra-pedido-generador-electrico-gasolina-2kw-110v-utp523006-total\/","title":{"rendered":"CONTRA PEDIDO GENERADOR ELECTRICO GASOLINA 2KW 110V UTP523006 TOTAL"},"content":{"rendered":"<p><strong>Producto contra pedido,\u00a0 el tiempo de entrega de este producto es de 2 d\u00edas h\u00e1biles.<\/strong><\/p>\n<p>&nbsp;<\/p>\n<p>-Tecnolog\u00eda inversora<\/p>\n<p>-Voltaje nominal: 110-120V<\/p>\n<p>-Potencia m\u00e1xima de salida: 2.0kW<\/p>\n<p>-Potencia nominal de salida: 1.8kW<\/p>\n<p>-Sistema de arranque: Manual<\/p>\n<p>-Potencia estable con menos del 3% de distorsi\u00f3n arm\u00f3nica total (THD)<\/p>\n<p>-Nivel de ruido (a 7 metros) @50% carga: &lt;=64dB<\/p>\n<p>-Velocidad de salida: 3300-5000rpm \/ 4100-5000rpm<\/p>\n<p>-Alternador de bobina de cobre<\/p>\n<p>-Protecci\u00f3n por bajo nivel de aceite<\/p>\n<p>-Motor: Un cilindro, 4 tiempos, OHV, refrigerado por aire<\/p>\n<p>-Cilindrada: 80cc<\/p>\n<p>-Tanque de combustible: 4.4L<\/p>\n<p>-Capacidad de aceite del motor: 0.35L<\/p>\n<p>-Tipo de aceite del motor: SAE 10W-30<\/p>\n","protected":false},"excerpt":{"rendered":"<p>Producto contra pedido,\u00a0 el tiempo de entrega de este producto es de 2 d\u00edas h\u00e1biles. &nbsp; -Tecnolog\u00eda inversora -Voltaje nominal:<\/p>\n","protected":false},"featured_media":99578,"comment_status":"closed","ping_status":"open","template":"","meta":[],"product_brand":[],"product_cat":[15],"product_tag":[],"class_list":{"0":"post-99577","1":"product","2":"type-product","3":"status-publish","4":"has-post-thumbnail","6":"product_cat-uncategorized","8":"first","9":"instock","10":"purchasable","11":"product-type-simple"},"jetpack_sharing_enabled":true,"_links":{"self":[{"href":"https:\/\/www.veneciacr.com\/index.php\/wp-json\/wp\/v2\/product\/99577","targetHints":{"allow":["GET"]}}],"collection":[{"href":"https:\/\/www.veneciacr.com\/index.php\/wp-json\/wp\/v2\/product"}],"about":[{"href":"https:\/\/www.veneciacr.com\/index.php\/wp-json\/wp\/v2\/types\/product"}],"replies":[{"embeddable":true,"href":"https:\/\/www.veneciacr.com\/index.php\/wp-json\/wp\/v2\/comments?post=99577"}],"wp:featuredmedia":[{"embeddable":true,"href":"https:\/\/www.veneciacr.com\/index.php\/wp-json\/wp\/v2\/media\/99578"}],"wp:attachment":[{"href":"https:\/\/www.veneciacr.com\/index.php\/wp-json\/wp\/v2\/media?parent=99577"}],"wp:term":[{"taxonomy":"product_brand","embeddable":true,"href":"https:\/\/www.veneciacr.com\/index.php\/wp-json\/wp\/v2\/product_brand?post=99577"},{"taxonomy":"product_cat","embeddable":true,"href":"https:\/\/www.veneciacr.com\/index.php\/wp-json\/wp\/v2\/product_cat?post=99577"},{"taxonomy":"product_tag","embeddable":true,"href":"https:\/\/www.veneciacr.com\/index.php\/wp-json\/wp\/v2\/product_tag?post=99577"}],"curies":[{"name":"wp","href":"https:\/\/api.w.org\/{rel}","templated":true}]}}