{"id":99572,"date":"2026-04-21T02:19:32","date_gmt":"2026-04-21T08:19:32","guid":{"rendered":"https:\/\/www.veneciacr.com\/index.php\/producto\/contra-pedido-generador-electrico-gasolina-13hp-110-220v-utp155001-total\/"},"modified":"2026-04-21T02:19:35","modified_gmt":"2026-04-21T08:19:35","slug":"contra-pedido-generador-electrico-gasolina-6-5kw-13hp-110-220v-utp155001-total","status":"publish","type":"product","link":"https:\/\/www.veneciacr.com\/index.php\/producto\/contra-pedido-generador-electrico-gasolina-6-5kw-13hp-110-220v-utp155001-total\/","title":{"rendered":"CONTRA PEDIDO GENERADOR ELECTRICO GASOLINA 6.5KW 13HP 110\/220V UTP155001 TOTAL"},"content":{"rendered":"<p><strong>Producto contra pedido,\u00a0 el tiempo de entrega de este producto es de 2 d\u00edas h\u00e1biles.<\/strong><\/p>\n<p>&nbsp;<\/p>\n<p>-Capacidad de trabajo: 9 horas continuas.<\/p>\n<p>-Capacidad tanque: 25 Lt.<\/p>\n<p>-Cilindrada: 389cc.<\/p>\n<p>-Fase: Monof\u00e1sico.<\/p>\n<p>-L\u00ednea de la bobina: Cobre.<\/p>\n<p>-Motor: 4 tiempos, enfriado por aire 389 CC.<\/p>\n<p>-Tipo de combustible: Gasolina.<\/p>\n<p>-Capacidad de aceite: 1.1L \/ 0.29 Gal.<\/p>\n<p>-Potencia M\u00e1xima: 6500W.<\/p>\n<p>-Potencia Nominal: 5500W.<\/p>\n<p>-RPM: 3600 RPM.<\/p>\n<p>-Caracter\u00edsticas: Panel de control completo f\u00e1cil de usar; interruptor autom\u00e1tico AC; gran dep\u00f3sito de combustible de metal con filtro; sistema de enfriamiento.<\/p>\n<p>-Sistema de enfriamiento.<\/p>\n<p>-Encendido por cuerda.<\/p>\n","protected":false},"excerpt":{"rendered":"<p>Producto contra pedido,\u00a0 el tiempo de entrega de este producto es de 2 d\u00edas h\u00e1biles. &nbsp; -Capacidad de trabajo: 9<\/p>\n","protected":false},"featured_media":99573,"comment_status":"closed","ping_status":"open","template":"","meta":[],"product_brand":[],"product_cat":[15],"product_tag":[],"class_list":{"0":"post-99572","1":"product","2":"type-product","3":"status-publish","4":"has-post-thumbnail","6":"product_cat-uncategorized","8":"first","9":"instock","10":"purchasable","11":"product-type-simple"},"jetpack_sharing_enabled":true,"_links":{"self":[{"href":"https:\/\/www.veneciacr.com\/index.php\/wp-json\/wp\/v2\/product\/99572","targetHints":{"allow":["GET"]}}],"collection":[{"href":"https:\/\/www.veneciacr.com\/index.php\/wp-json\/wp\/v2\/product"}],"about":[{"href":"https:\/\/www.veneciacr.com\/index.php\/wp-json\/wp\/v2\/types\/product"}],"replies":[{"embeddable":true,"href":"https:\/\/www.veneciacr.com\/index.php\/wp-json\/wp\/v2\/comments?post=99572"}],"wp:featuredmedia":[{"embeddable":true,"href":"https:\/\/www.veneciacr.com\/index.php\/wp-json\/wp\/v2\/media\/99573"}],"wp:attachment":[{"href":"https:\/\/www.veneciacr.com\/index.php\/wp-json\/wp\/v2\/media?parent=99572"}],"wp:term":[{"taxonomy":"product_brand","embeddable":true,"href":"https:\/\/www.veneciacr.com\/index.php\/wp-json\/wp\/v2\/product_brand?post=99572"},{"taxonomy":"product_cat","embeddable":true,"href":"https:\/\/www.veneciacr.com\/index.php\/wp-json\/wp\/v2\/product_cat?post=99572"},{"taxonomy":"product_tag","embeddable":true,"href":"https:\/\/www.veneciacr.com\/index.php\/wp-json\/wp\/v2\/product_tag?post=99572"}],"curies":[{"name":"wp","href":"https:\/\/api.w.org\/{rel}","templated":true}]}}