{"id":99524,"date":"2026-04-21T02:19:20","date_gmt":"2026-04-21T08:19:20","guid":{"rendered":"https:\/\/www.veneciacr.com\/index.php\/producto\/contra-pedido-sierra-cinta-para-metal-10-1-3hp-110-220v-sci-10-truper\/"},"modified":"2026-04-21T02:19:22","modified_gmt":"2026-04-21T08:19:22","slug":"contra-pedido-sierra-cinta-para-metal-10-1-3hp-110-220v-sci-10-truper","status":"publish","type":"product","link":"https:\/\/www.veneciacr.com\/index.php\/producto\/contra-pedido-sierra-cinta-para-metal-10-1-3hp-110-220v-sci-10-truper\/","title":{"rendered":"CONTRA PEDIDO SIERRA CINTA PARA METAL 10&#8243; 1\/3HP 110-220V SCI-10 TRUPER"},"content":{"rendered":"<p><strong>Producto contra pedido,\u00a0 el tiempo de entrega de este producto es de 2 d\u00edas h\u00e1biles.<\/strong><\/p>\n<p>&nbsp;<\/p>\n<p>Motor dual, f\u00e1cil cambio de tensi\u00f3n<br \/>\nBase de acero para reducir la vibraci\u00f3n<br \/>\nMesa de trabajo inclinable de 0\u00b0 a 45\u00b0 fundida en aluminio<br \/>\nGu\u00eda lateral y gu\u00eda angular para una mayor precisi\u00f3n en los cortes<\/p>\n<p>NORMA<br \/>\nCumple la norma NOM-003-SCFI<\/p>\n<p>ESPECIFICACIONES<br \/>\nPotencia nominal: 1\/3 HP (250 W)<br \/>\nTensi\u00f3n: 120 V \/ 220 V<br \/>\nFrecuencia: 60 Hz<br \/>\nCorriente: 3.2 A \/ 1.7 A<br \/>\nVelocidad del motor: 1,720 rpm<br \/>\nVelocidad de avance: 850 m\/min<br \/>\nAltura de corte a 90\u00b0: 3 1\/8&#8243; a 10&#8243; (8 a 25 cm)<br \/>\nMesa de trabajo: 11 1\/2&#8243; x 11 1\/2&#8243; (29 x 29 cm)<br \/>\nAltura de mesa: 39&#8243; (100 cm)<br \/>\nCapacidad de cinta: 1\/4&#8243; a 1\/2&#8243; x 67 5\/16&#8243; (6 a 13 mm x 171 cm)<br \/>\nPeso: 30 kg<br \/>\nEmpaque individual: Caja<br \/>\n1 Gu\u00eda lateral<br \/>\n1 Gu\u00eda angular<br \/>\n1 Sierra de cinta de 67 5\/16&#8243; x 3\/8&#8243;, 6 dpp<\/p>\n<p>Aplicaciones<br \/>\nIdeal para trabajo industrial y profesional<br \/>\nPara corte en madera<\/p>\n<p>CUIDADOS<br \/>\nSoporta 120 minutos de trabajo por 30 minutos de descanso. M\u00e1ximo diario 6 horas<\/p>\n","protected":false},"excerpt":{"rendered":"<p>Producto contra pedido,\u00a0 el tiempo de entrega de este producto es de 2 d\u00edas h\u00e1biles. &nbsp; Motor dual, f\u00e1cil cambio<\/p>\n","protected":false},"featured_media":99525,"comment_status":"closed","ping_status":"open","template":"","meta":[],"product_brand":[],"product_cat":[15],"product_tag":[],"class_list":{"0":"post-99524","1":"product","2":"type-product","3":"status-publish","4":"has-post-thumbnail","6":"product_cat-uncategorized","8":"first","9":"instock","10":"purchasable","11":"product-type-simple"},"jetpack_sharing_enabled":true,"_links":{"self":[{"href":"https:\/\/www.veneciacr.com\/index.php\/wp-json\/wp\/v2\/product\/99524","targetHints":{"allow":["GET"]}}],"collection":[{"href":"https:\/\/www.veneciacr.com\/index.php\/wp-json\/wp\/v2\/product"}],"about":[{"href":"https:\/\/www.veneciacr.com\/index.php\/wp-json\/wp\/v2\/types\/product"}],"replies":[{"embeddable":true,"href":"https:\/\/www.veneciacr.com\/index.php\/wp-json\/wp\/v2\/comments?post=99524"}],"wp:featuredmedia":[{"embeddable":true,"href":"https:\/\/www.veneciacr.com\/index.php\/wp-json\/wp\/v2\/media\/99525"}],"wp:attachment":[{"href":"https:\/\/www.veneciacr.com\/index.php\/wp-json\/wp\/v2\/media?parent=99524"}],"wp:term":[{"taxonomy":"product_brand","embeddable":true,"href":"https:\/\/www.veneciacr.com\/index.php\/wp-json\/wp\/v2\/product_brand?post=99524"},{"taxonomy":"product_cat","embeddable":true,"href":"https:\/\/www.veneciacr.com\/index.php\/wp-json\/wp\/v2\/product_cat?post=99524"},{"taxonomy":"product_tag","embeddable":true,"href":"https:\/\/www.veneciacr.com\/index.php\/wp-json\/wp\/v2\/product_tag?post=99524"}],"curies":[{"name":"wp","href":"https:\/\/api.w.org\/{rel}","templated":true}]}}