{"id":99519,"date":"2026-04-21T02:19:45","date_gmt":"2026-04-21T08:19:45","guid":{"rendered":"https:\/\/www.veneciacr.com\/index.php\/producto\/contra-pedido-maquina-cortar-zacate-141cc-18-4hp-tgt141181-total\/"},"modified":"2026-04-21T02:19:46","modified_gmt":"2026-04-21T08:19:46","slug":"contra-pedido-maquina-cortar-zacate-141cc-18-4hp-tgt141181-total","status":"publish","type":"product","link":"https:\/\/www.veneciacr.com\/index.php\/producto\/contra-pedido-maquina-cortar-zacate-141cc-18-4hp-tgt141181-total\/","title":{"rendered":"CONTRA PEDIDO MAQUINA CORTAR ZACATE 141CC 18&#8243; 4HP TGT141181 TOTAL"},"content":{"rendered":"<p><strong>Producto contra pedido,\u00a0 el tiempo de entrega de este producto es de 2 d\u00edas h\u00e1biles.<\/strong><\/p>\n<p>&nbsp;<\/p>\n<p>-Cesta de recolecci\u00f3n: 60L.<\/p>\n<p>-Desplazamiento: 141cc.<\/p>\n<p>-HP: 4HP<\/p>\n<p>-Medida: Altura corte 25-75mm.<\/p>\n<p>-Ruedas (2) 6\u2033\/ (2) 8\u2033.<\/p>\n<p>-Material: Metal\/pl\u00e1stico, carcaza de acero.<\/p>\n<p>-Motor: Motor 4 tiempos a gasolina.<\/p>\n<p>-Potencia: 3.0KW.<\/p>\n<p>-Disco de corte: 460mm (18\u201d).<\/p>\n<p>-RPM: 2600rpm.<\/p>\n<p>-Peso: 25.7 kg.<\/p>\n","protected":false},"excerpt":{"rendered":"<p>Producto contra pedido,\u00a0 el tiempo de entrega de este producto es de 2 d\u00edas h\u00e1biles. &nbsp; -Cesta de recolecci\u00f3n: 60L.<\/p>\n","protected":false},"featured_media":99520,"comment_status":"closed","ping_status":"open","template":"","meta":[],"product_brand":[],"product_cat":[15],"product_tag":[],"class_list":{"0":"post-99519","1":"product","2":"type-product","3":"status-publish","4":"has-post-thumbnail","6":"product_cat-uncategorized","8":"first","9":"instock","10":"purchasable","11":"product-type-simple"},"jetpack_sharing_enabled":true,"_links":{"self":[{"href":"https:\/\/www.veneciacr.com\/index.php\/wp-json\/wp\/v2\/product\/99519","targetHints":{"allow":["GET"]}}],"collection":[{"href":"https:\/\/www.veneciacr.com\/index.php\/wp-json\/wp\/v2\/product"}],"about":[{"href":"https:\/\/www.veneciacr.com\/index.php\/wp-json\/wp\/v2\/types\/product"}],"replies":[{"embeddable":true,"href":"https:\/\/www.veneciacr.com\/index.php\/wp-json\/wp\/v2\/comments?post=99519"}],"wp:featuredmedia":[{"embeddable":true,"href":"https:\/\/www.veneciacr.com\/index.php\/wp-json\/wp\/v2\/media\/99520"}],"wp:attachment":[{"href":"https:\/\/www.veneciacr.com\/index.php\/wp-json\/wp\/v2\/media?parent=99519"}],"wp:term":[{"taxonomy":"product_brand","embeddable":true,"href":"https:\/\/www.veneciacr.com\/index.php\/wp-json\/wp\/v2\/product_brand?post=99519"},{"taxonomy":"product_cat","embeddable":true,"href":"https:\/\/www.veneciacr.com\/index.php\/wp-json\/wp\/v2\/product_cat?post=99519"},{"taxonomy":"product_tag","embeddable":true,"href":"https:\/\/www.veneciacr.com\/index.php\/wp-json\/wp\/v2\/product_tag?post=99519"}],"curies":[{"name":"wp","href":"https:\/\/api.w.org\/{rel}","templated":true}]}}