{"id":99513,"date":"2026-04-21T02:19:36","date_gmt":"2026-04-21T08:19:36","guid":{"rendered":"https:\/\/www.veneciacr.com\/index.php\/producto\/contra-pedido-bomba-periferica-gasolina-2-5hp-1x1-1-2l-tp3101-total\/"},"modified":"2026-04-21T02:19:36","modified_gmt":"2026-04-21T08:19:36","slug":"contra-pedido-bomba-periferica-gasolina-2-5hp-1x1-1-2l-tp3101-total","status":"publish","type":"product","link":"https:\/\/www.veneciacr.com\/index.php\/producto\/contra-pedido-bomba-periferica-gasolina-2-5hp-1x1-1-2l-tp3101-total\/","title":{"rendered":"CONTRA PEDIDO BOMBA PERIFERICA GASOLINA 2.5HP 1&#8243;X1&#8243; 1.2L TP3101 TOTAL"},"content":{"rendered":"<p><strong>Producto contra pedido,\u00a0 el tiempo de entrega de este producto es de 2 d\u00edas h\u00e1biles.<\/strong><\/p>\n<p>&nbsp;<\/p>\n<p>-Dep\u00f3sito de combustible de metal con filtro, carcasa fundida a presi\u00f3n.<\/p>\n<p>-Material del impulsor: Impulsor y voluta de hierro fundido.<\/p>\n<p>-Material: Metal\/pl\u00e1stico.<\/p>\n<p>-Encendido: Encendido a cuerda.<\/p>\n<p>-Port\u00e1til: Si<\/p>\n<p>-Tipo de Combustible: Gasolina.<\/p>\n<p>-Capacidad tanque: 1.2L<\/p>\n<p>-Motor de gasolina de 2.5 HP OHV TOTAL.<\/p>\n<p>-Desplazamiento: 105cc.<\/p>\n<p>-Di\u00e1metro del puerto de descarga: 25 mm (1\u2033).<\/p>\n<p>-Cabezal de succi\u00f3n M\u00e1x.: 7m.<\/p>\n<p>-Elevaci\u00f3n m\u00e1x.: 16 m.<\/p>\n<p>-Flujo m\u00e1x.: 100L\/min.<\/p>\n<p>-Peso: 11.5 kg.<\/p>\n","protected":false},"excerpt":{"rendered":"<p>Producto contra pedido,\u00a0 el tiempo de entrega de este producto es de 2 d\u00edas h\u00e1biles. &nbsp; -Dep\u00f3sito de combustible de<\/p>\n","protected":false},"featured_media":99514,"comment_status":"closed","ping_status":"open","template":"","meta":[],"product_brand":[],"product_cat":[15],"product_tag":[],"class_list":{"0":"post-99513","1":"product","2":"type-product","3":"status-publish","4":"has-post-thumbnail","6":"product_cat-uncategorized","8":"first","9":"instock","10":"purchasable","11":"product-type-simple"},"jetpack_sharing_enabled":true,"_links":{"self":[{"href":"https:\/\/www.veneciacr.com\/index.php\/wp-json\/wp\/v2\/product\/99513","targetHints":{"allow":["GET"]}}],"collection":[{"href":"https:\/\/www.veneciacr.com\/index.php\/wp-json\/wp\/v2\/product"}],"about":[{"href":"https:\/\/www.veneciacr.com\/index.php\/wp-json\/wp\/v2\/types\/product"}],"replies":[{"embeddable":true,"href":"https:\/\/www.veneciacr.com\/index.php\/wp-json\/wp\/v2\/comments?post=99513"}],"wp:featuredmedia":[{"embeddable":true,"href":"https:\/\/www.veneciacr.com\/index.php\/wp-json\/wp\/v2\/media\/99514"}],"wp:attachment":[{"href":"https:\/\/www.veneciacr.com\/index.php\/wp-json\/wp\/v2\/media?parent=99513"}],"wp:term":[{"taxonomy":"product_brand","embeddable":true,"href":"https:\/\/www.veneciacr.com\/index.php\/wp-json\/wp\/v2\/product_brand?post=99513"},{"taxonomy":"product_cat","embeddable":true,"href":"https:\/\/www.veneciacr.com\/index.php\/wp-json\/wp\/v2\/product_cat?post=99513"},{"taxonomy":"product_tag","embeddable":true,"href":"https:\/\/www.veneciacr.com\/index.php\/wp-json\/wp\/v2\/product_tag?post=99513"}],"curies":[{"name":"wp","href":"https:\/\/api.w.org\/{rel}","templated":true}]}}