{"id":99511,"date":"2026-04-21T02:19:51","date_gmt":"2026-04-21T08:19:51","guid":{"rendered":"https:\/\/www.veneciacr.com\/index.php\/producto\/contra-pedido-bomba-periferica-gasolina-7-0hp-3-6l-2x-2-tp3202-total\/"},"modified":"2026-04-21T02:19:51","modified_gmt":"2026-04-21T08:19:51","slug":"contra-pedido-bomba-periferica-gasolina-7-0hp-3-6l-2x-2-tp3202-total","status":"publish","type":"product","link":"https:\/\/www.veneciacr.com\/index.php\/producto\/contra-pedido-bomba-periferica-gasolina-7-0hp-3-6l-2x-2-tp3202-total\/","title":{"rendered":"CONTRA PEDIDO BOMBA PERIFERICA GASOLINA 7.0HP 3.6L 2&#8243;X 2&#8243; TP3202 TOTAL"},"content":{"rendered":"<p><strong>Producto contra pedido,\u00a0 el tiempo de entrega de este producto es de 2 d\u00edas h\u00e1biles.<\/strong><\/p>\n<p>&nbsp;<\/p>\n<p>-Acabado: Esmaltado.<\/p>\n<p>-Dep\u00f3sito de combustible de metal con filtro, entramado tubular completo.<\/p>\n<p>-Materiales: Carcasa fundida a presi\u00f3n.<\/p>\n<p>-Desplazamiento: 208cc.<\/p>\n<p>-HP: 7.0 HP.<\/p>\n<p>-Capacidad de aceite: 0.6L\/0.16Gal.<\/p>\n<p>-Motor de gasolina de 7.0 HP OHV TOTAL.<\/p>\n<p>-Volumen de tanque: Gasolina 3.6L\/1Gal<\/p>\n<p>-Medida: 485 x 390 x 415mm.<\/p>\n<p>-Peso: 22.5 kg.<\/p>\n<p>-Elevaci\u00f3n m\u00e1x. de succi\u00f3n: 8m\/26 pies.<\/p>\n<p>-Flujo: 550 L\/min.<\/p>\n<p>-Potencia: 395g\/kW.h<\/p>\n<p>-Di\u00e1metro de succi\u00f3n: 50mm \/ 2\u2033<\/p>\n<p>-Altura m\u00e1xima de empuje: 28m\/91 pies.<\/p>\n<p>-Encendido: Cuerda.<\/p>\n<p>-Port\u00e1til: Si.<\/p>\n","protected":false},"excerpt":{"rendered":"<p>Producto contra pedido,\u00a0 el tiempo de entrega de este producto es de 2 d\u00edas h\u00e1biles. &nbsp; -Acabado: Esmaltado. -Dep\u00f3sito de<\/p>\n","protected":false},"featured_media":99512,"comment_status":"closed","ping_status":"open","template":"","meta":[],"product_brand":[],"product_cat":[15],"product_tag":[],"class_list":{"0":"post-99511","1":"product","2":"type-product","3":"status-publish","4":"has-post-thumbnail","6":"product_cat-uncategorized","8":"first","9":"instock","10":"purchasable","11":"product-type-simple"},"jetpack_sharing_enabled":true,"_links":{"self":[{"href":"https:\/\/www.veneciacr.com\/index.php\/wp-json\/wp\/v2\/product\/99511","targetHints":{"allow":["GET"]}}],"collection":[{"href":"https:\/\/www.veneciacr.com\/index.php\/wp-json\/wp\/v2\/product"}],"about":[{"href":"https:\/\/www.veneciacr.com\/index.php\/wp-json\/wp\/v2\/types\/product"}],"replies":[{"embeddable":true,"href":"https:\/\/www.veneciacr.com\/index.php\/wp-json\/wp\/v2\/comments?post=99511"}],"wp:featuredmedia":[{"embeddable":true,"href":"https:\/\/www.veneciacr.com\/index.php\/wp-json\/wp\/v2\/media\/99512"}],"wp:attachment":[{"href":"https:\/\/www.veneciacr.com\/index.php\/wp-json\/wp\/v2\/media?parent=99511"}],"wp:term":[{"taxonomy":"product_brand","embeddable":true,"href":"https:\/\/www.veneciacr.com\/index.php\/wp-json\/wp\/v2\/product_brand?post=99511"},{"taxonomy":"product_cat","embeddable":true,"href":"https:\/\/www.veneciacr.com\/index.php\/wp-json\/wp\/v2\/product_cat?post=99511"},{"taxonomy":"product_tag","embeddable":true,"href":"https:\/\/www.veneciacr.com\/index.php\/wp-json\/wp\/v2\/product_tag?post=99511"}],"curies":[{"name":"wp","href":"https:\/\/api.w.org\/{rel}","templated":true}]}}