{"id":99505,"date":"2026-04-21T02:20:00","date_gmt":"2026-04-21T08:20:00","guid":{"rendered":"https:\/\/www.veneciacr.com\/index.php\/producto\/contra-pedido-carro-organizador-metal-con-herram-7gav-328pc-thptcs73281-total\/"},"modified":"2026-04-21T02:20:00","modified_gmt":"2026-04-21T08:20:00","slug":"contra-pedido-carro-org-metal-con-herram-7gav-328pc-thptcs73281-total","status":"publish","type":"product","link":"https:\/\/www.veneciacr.com\/index.php\/producto\/contra-pedido-carro-org-metal-con-herram-7gav-328pc-thptcs73281-total\/","title":{"rendered":"CONTRA PEDIDO CARRO ORG METAL CON HERRAM 7GAV 328PC THPTCS73281 TOTAL"},"content":{"rendered":"<p><strong>Producto contra pedido,\u00a0 el tiempo de entrega de este producto es de 2 d\u00edas h\u00e1biles.<\/strong><\/p>\n<p>&nbsp;<\/p>\n<p>-Material: Pl\u00e1stico \u2013 metal. -N\u00famero de piezas: 162.<\/p>\n<p>-Tama\u00f1o total con ruedas: 765 x 465 x 976 mm. Tama\u00f1o de ruedas: 5\u2033x2\u2033.<\/p>\n<p>Incluye:<\/p>\n<p><strong>Caj\u00f3n 1:<\/strong><\/p>\n<p>-Llave de trinquete 1pcs: 1\/4 \u2033. \u2013 1 piezas 1\/4\u2033 Junta Universal.<\/p>\n<p>-13pcs 1\/4\u2033 Z\u00f3calo 4-4.5-5-5.5-6-7-8-9-10-11-12-13-14.<\/p>\n<p>-17pcs 1\/4\u2033 x 32 (L) Bits Enchufe: Hex: 3-4-5-6mm Estrella: T8-T10- T15-T20-T25-T30 Sl: 4-5.5-7 mm, Ph1, Ph2, Pz1, Pz2.<\/p>\n<p>-8pcs 1\/4\u2033 Dr 50 mm (L) Z\u00f3calo Profundo: 6-7-8-9-10-11-12-13 mm.<\/p>\n<p>-Barra de extensi\u00f3n de 2 piezas: 1\/4\u2033 Dr. x 50 mm, 1\/4 \u201cDr. x 100 mm.<\/p>\n<p>-1 pieza de Mango Giratorio: 1\/4\u201d x 150 mm. \u2013 Llave de Trinquete 1 pcs: 1\/2 \u201c.<\/p>\n<p>-Barra Flexible de Extensi\u00f3n de 1 pieza: 1\/4\u201d x 150 mm.<\/p>\n<p>-1 pieza de Barra Deslizante en \u201cT\u201d: 1\/4\u2033 x 114 mm.<\/p>\n<p>-1 pieza 1\/2\u2033 Junta Universal. \u2013 5 pcs 1\/2\u2033 Star Socket: E10 12 14 16 20.<\/p>\n<p>-19 pcs 1\/2\u2033 Dr Socket: 8-10-11-12-13-14-15-16-17 -18-19-20-21-22-23-24-27-30-32 mm.<\/p>\n<p>-4 piezas 1\/2\u2033 Dr 77 mm (L) Z\u00f3calo Profundo: 14-15-17-19 mm.<\/p>\n<p>-2 piezas Enchufe de Buj\u00eda: 1\/2\u2033 Dr. 16mm \u2013 21mm.<\/p>\n<p>-Barra de Extensi\u00f3n de 2 piezas: 1\/2\u2033 Dr. x 125 mm, 1\/2\u2033 Dr. x 250 mm.<\/p>\n<p>-1 pcs 1\/2\u2033 * 250 mm Barra Deslizante en T.<\/p>\n<p><strong>Caj\u00f3n 2:<\/strong><\/p>\n<p>-Destornillador de 14 piezas: Sl3 * 75, Sl4 * 100, Sl5.5 * 100.<\/p>\n<p>-Sl6.5 * 38, Sl6.5 * 125, Sl6.5 * 150, Sl8 * 200, Ph0 * 75, Ph1 * 75.<\/p>\n<p>-Ph1 * 100, Ph2 * 38, Ph2 * 125, Ph2 * 150, Ph3 * 200.<\/p>\n<p>-Llave Hexagonal con mango en T de 4 piezas: 3 x 100 mm, 4 x 100 mm, 5 x 150mm, 6 x 150 mm.<\/p>\n<p>-1 Linterna.<\/p>\n<p><strong>Caj\u00f3n 3:<\/strong><\/p>\n<p>-Llave Combinada de 17 piezas: 6-7-8-9-10-11-12-13-14-15-16-17-18-19-21-22-24.<\/p>\n<p>-Llave de Tuerca Abocardada de 5 piezas: 8 * 10,10 * 12,11 * 13, 12 * 14,17 * 19.<\/p>\n<p>-Llave Hexagonal de 9 piezas: 1.5-2-2.5-3-4-5-6-8-10.<\/p>\n<p>-Llave Inglesa Trox de 9 piezas: T10-T15-T20-T25-T27-T30-T40-T45-T50.<\/p>\n<p><strong>Caj\u00f3n 4:<\/strong><\/p>\n<p>-1 Llave de Bloqueo de Mand\u00edbula Curva de 10\u2033.<\/p>\n<p>-1 pieza de 40 mm de goma y martillo de pl\u00e1stico.<\/p>\n<p>-1 pieza 10\u2033 Alicate de Bomba de agua. \u2013 1 pieza de 8\u2033 Alicate Combinado.<\/p>\n<p>-Alicates de Punta Larga de 1 uds 6\u2033. \u2013 1 pieza de 7\u2033 Pinzas de Corte Diagonal.<\/p>\n<p>-1 Cuchillo Utilitario. \u2013 4 Alicates Circlip. \u2013 1 pieza de 10\u2033 Llave Ajustable.<\/p>\n<p>-1 Piezas de Martillo Maquinista de 300g. \u2013 1pieza de Cinta de Medici\u00f3n de acero 5 x 19 mm.<\/p>\n<p><strong>Caj\u00f3n 5:<\/strong><\/p>\n<p>-1 Marco de la Sierra para metales.\u00a0 -1 Guantes Mec\u00e1nicos.<\/p>\n<p>-1 Unidad de Nivel De Burbuja (con imanes potentes).<\/p>\n<p>-Ganchos de hierro de 5 piezas (para herramientas de suspensi\u00f3n).<\/p>\n<p><strong>Caj\u00f3n 6:<\/strong>\u00a0Vac\u00edo.<\/p>\n<p><strong>Caj\u00f3n 7:<\/strong>\u00a0Vaci\u00f3.<\/p>\n","protected":false},"excerpt":{"rendered":"<p>Producto contra pedido,\u00a0 el tiempo de entrega de este producto es de 2 d\u00edas h\u00e1biles. &nbsp; -Material: Pl\u00e1stico \u2013 metal.<\/p>\n","protected":false},"featured_media":99506,"comment_status":"closed","ping_status":"open","template":"","meta":[],"product_brand":[],"product_cat":[15],"product_tag":[],"class_list":{"0":"post-99505","1":"product","2":"type-product","3":"status-publish","4":"has-post-thumbnail","6":"product_cat-uncategorized","8":"first","9":"instock","10":"purchasable","11":"product-type-simple"},"jetpack_sharing_enabled":true,"_links":{"self":[{"href":"https:\/\/www.veneciacr.com\/index.php\/wp-json\/wp\/v2\/product\/99505","targetHints":{"allow":["GET"]}}],"collection":[{"href":"https:\/\/www.veneciacr.com\/index.php\/wp-json\/wp\/v2\/product"}],"about":[{"href":"https:\/\/www.veneciacr.com\/index.php\/wp-json\/wp\/v2\/types\/product"}],"replies":[{"embeddable":true,"href":"https:\/\/www.veneciacr.com\/index.php\/wp-json\/wp\/v2\/comments?post=99505"}],"wp:featuredmedia":[{"embeddable":true,"href":"https:\/\/www.veneciacr.com\/index.php\/wp-json\/wp\/v2\/media\/99506"}],"wp:attachment":[{"href":"https:\/\/www.veneciacr.com\/index.php\/wp-json\/wp\/v2\/media?parent=99505"}],"wp:term":[{"taxonomy":"product_brand","embeddable":true,"href":"https:\/\/www.veneciacr.com\/index.php\/wp-json\/wp\/v2\/product_brand?post=99505"},{"taxonomy":"product_cat","embeddable":true,"href":"https:\/\/www.veneciacr.com\/index.php\/wp-json\/wp\/v2\/product_cat?post=99505"},{"taxonomy":"product_tag","embeddable":true,"href":"https:\/\/www.veneciacr.com\/index.php\/wp-json\/wp\/v2\/product_tag?post=99505"}],"curies":[{"name":"wp","href":"https:\/\/api.w.org\/{rel}","templated":true}]}}