{"id":99499,"date":"2026-04-21T02:22:01","date_gmt":"2026-04-21T08:22:01","guid":{"rendered":"https:\/\/www.veneciacr.com\/index.php\/producto\/contra-pedido-perra-hidraulica-2-5-ton-tht301251-total\/"},"modified":"2026-04-21T02:22:02","modified_gmt":"2026-04-21T08:22:02","slug":"contra-pedido-perra-hidraulica-2-5-ton-tht301251-total","status":"publish","type":"product","link":"https:\/\/www.veneciacr.com\/index.php\/producto\/contra-pedido-perra-hidraulica-2-5-ton-tht301251-total\/","title":{"rendered":"CONTRA PEDIDO PERRA HIDRAULICA 2.5 TON THT301251 TOTAL"},"content":{"rendered":"<p><strong>Producto contra pedido,\u00a0 el tiempo de entrega de este producto es de 2 d\u00edas h\u00e1biles.<\/strong><\/p>\n<p>&nbsp;<\/p>\n<p>-Capacidad: 2500 Kg.<\/p>\n<p>-Di\u00e1metro rueda volante: 200 mm.<\/p>\n<p>-Altura de la horquilla: 85 \u2013 200 mm<\/p>\n<p>-Tama\u00f1o tenazas: 550 x 1150 mm<\/p>\n<p>-Peso: 65 Kg.<\/p>\n","protected":false},"excerpt":{"rendered":"<p>Producto contra pedido,\u00a0 el tiempo de entrega de este producto es de 2 d\u00edas h\u00e1biles. &nbsp; -Capacidad: 2500 Kg. -Di\u00e1metro<\/p>\n","protected":false},"featured_media":99500,"comment_status":"closed","ping_status":"open","template":"","meta":[],"product_brand":[],"product_cat":[15],"product_tag":[],"class_list":{"0":"post-99499","1":"product","2":"type-product","3":"status-publish","4":"has-post-thumbnail","6":"product_cat-uncategorized","8":"first","9":"instock","10":"purchasable","11":"product-type-simple"},"jetpack_sharing_enabled":true,"_links":{"self":[{"href":"https:\/\/www.veneciacr.com\/index.php\/wp-json\/wp\/v2\/product\/99499","targetHints":{"allow":["GET"]}}],"collection":[{"href":"https:\/\/www.veneciacr.com\/index.php\/wp-json\/wp\/v2\/product"}],"about":[{"href":"https:\/\/www.veneciacr.com\/index.php\/wp-json\/wp\/v2\/types\/product"}],"replies":[{"embeddable":true,"href":"https:\/\/www.veneciacr.com\/index.php\/wp-json\/wp\/v2\/comments?post=99499"}],"wp:featuredmedia":[{"embeddable":true,"href":"https:\/\/www.veneciacr.com\/index.php\/wp-json\/wp\/v2\/media\/99500"}],"wp:attachment":[{"href":"https:\/\/www.veneciacr.com\/index.php\/wp-json\/wp\/v2\/media?parent=99499"}],"wp:term":[{"taxonomy":"product_brand","embeddable":true,"href":"https:\/\/www.veneciacr.com\/index.php\/wp-json\/wp\/v2\/product_brand?post=99499"},{"taxonomy":"product_cat","embeddable":true,"href":"https:\/\/www.veneciacr.com\/index.php\/wp-json\/wp\/v2\/product_cat?post=99499"},{"taxonomy":"product_tag","embeddable":true,"href":"https:\/\/www.veneciacr.com\/index.php\/wp-json\/wp\/v2\/product_tag?post=99499"}],"curies":[{"name":"wp","href":"https:\/\/api.w.org\/{rel}","templated":true}]}}