{"id":99493,"date":"2026-04-21T02:18:52","date_gmt":"2026-04-21T08:18:52","guid":{"rendered":"https:\/\/www.veneciacr.com\/index.php\/producto\/contra-pedido-carro-organizador-metal-7-gav-76x76x81-thrc01071-total\/"},"modified":"2026-04-21T02:18:53","modified_gmt":"2026-04-21T08:18:53","slug":"contra-pedido-carro-org-metal-7-gav-76x76x81-thrc01071-total","status":"publish","type":"product","link":"https:\/\/www.veneciacr.com\/index.php\/producto\/contra-pedido-carro-org-metal-7-gav-76x76x81-thrc01071-total\/","title":{"rendered":"CONTRA PEDIDO CARRO ORG METAL 7 GAV 76X76X81 THRC01071 TOTAL"},"content":{"rendered":"<p><strong>Producto contra pedido,\u00a0 el tiempo de entrega de este producto es de 2 d\u00edas h\u00e1biles.<\/strong><\/p>\n<p>&nbsp;<\/p>\n<p>-Tama\u00f1o Total: 765 x 465 x 812mm<\/p>\n<p>-Tama\u00f1o general con ruedas: 765 x 465 x 976mm<\/p>\n<p>-Tama\u00f1o de las ruedas: 5\u2033 x 2\u2033<\/p>\n<p>-Espesor del gabinete: 0.8-1.0mm<\/p>\n<p>-Grosor del caj\u00f3n: 0.7mm<\/p>\n<p>-Con sistema de cierre centralizado<\/p>\n<p>-Caj\u00f3n de rodamientos de bolas<\/p>\n<p>-Protecci\u00f3n antichoque<\/p>\n<p>-Con ganchos de hierro 5pcs (Para herramientas de percha)<\/p>\n<p><strong>Con cajones de 7 pcs:<\/strong><\/p>\n<p>-5 cajones de 536 x 410 x 74.5mm<\/p>\n<p>-2 cajones de 536 x 410 x 153.5mm<\/p>\n","protected":false},"excerpt":{"rendered":"<p>Producto contra pedido,\u00a0 el tiempo de entrega de este producto es de 2 d\u00edas h\u00e1biles. &nbsp; -Tama\u00f1o Total: 765 x<\/p>\n","protected":false},"featured_media":99494,"comment_status":"closed","ping_status":"open","template":"","meta":[],"product_brand":[],"product_cat":[15],"product_tag":[],"class_list":{"0":"post-99493","1":"product","2":"type-product","3":"status-publish","4":"has-post-thumbnail","6":"product_cat-uncategorized","8":"first","9":"instock","10":"purchasable","11":"product-type-simple"},"jetpack_sharing_enabled":true,"_links":{"self":[{"href":"https:\/\/www.veneciacr.com\/index.php\/wp-json\/wp\/v2\/product\/99493","targetHints":{"allow":["GET"]}}],"collection":[{"href":"https:\/\/www.veneciacr.com\/index.php\/wp-json\/wp\/v2\/product"}],"about":[{"href":"https:\/\/www.veneciacr.com\/index.php\/wp-json\/wp\/v2\/types\/product"}],"replies":[{"embeddable":true,"href":"https:\/\/www.veneciacr.com\/index.php\/wp-json\/wp\/v2\/comments?post=99493"}],"wp:featuredmedia":[{"embeddable":true,"href":"https:\/\/www.veneciacr.com\/index.php\/wp-json\/wp\/v2\/media\/99494"}],"wp:attachment":[{"href":"https:\/\/www.veneciacr.com\/index.php\/wp-json\/wp\/v2\/media?parent=99493"}],"wp:term":[{"taxonomy":"product_brand","embeddable":true,"href":"https:\/\/www.veneciacr.com\/index.php\/wp-json\/wp\/v2\/product_brand?post=99493"},{"taxonomy":"product_cat","embeddable":true,"href":"https:\/\/www.veneciacr.com\/index.php\/wp-json\/wp\/v2\/product_cat?post=99493"},{"taxonomy":"product_tag","embeddable":true,"href":"https:\/\/www.veneciacr.com\/index.php\/wp-json\/wp\/v2\/product_tag?post=99493"}],"curies":[{"name":"wp","href":"https:\/\/api.w.org\/{rel}","templated":true}]}}