{"id":99487,"date":"2026-04-21T02:19:29","date_gmt":"2026-04-21T08:19:29","guid":{"rendered":"https:\/\/www.veneciacr.com\/index.php\/producto\/contra-pedido-carro-organizador-metal-5-gav-76x46x81-thrc01041-total\/"},"modified":"2026-04-21T02:19:29","modified_gmt":"2026-04-21T08:19:29","slug":"contra-pedido-carro-org-metal-5-gav-thrc01041-total","status":"publish","type":"product","link":"https:\/\/www.veneciacr.com\/index.php\/producto\/contra-pedido-carro-org-metal-5-gav-thrc01041-total\/","title":{"rendered":"CONTRA PEDIDO CARRO ORG METAL 5 GAV THRC01041 TOTAL"},"content":{"rendered":"<p><strong>Producto contra pedido,\u00a0 el tiempo de entrega de este producto es de 2 d\u00edas h\u00e1biles.<\/strong><\/p>\n<p>&nbsp;<\/p>\n<p>-Tama\u00f1o Total: 765 x 465 x 812mm<\/p>\n<p>-Tama\u00f1o general con ruedas: 765 x 465 x 976mm<\/p>\n<p>-Tama\u00f1o de las ruedas: 5\u2033 x 2\u2033<\/p>\n<p>-Espesor del gabinete: 0.8-1.0mm<\/p>\n<p>-Grosor del caj\u00f3n: 0.7mm<\/p>\n<p>-\u00c1rea del panel: 560 x 420 x 395 mm<\/p>\n<p>-Con sistema de cierre centralizado<\/p>\n<p>-Caj\u00f3n de rodamientos de bolas<\/p>\n<p>-Protecci\u00f3n antichoque<\/p>\n<p><strong>Con cajones de 4pcs:<\/strong><\/p>\n<p>4 cajones 536 x 410 x 74.5mm<\/p>\n","protected":false},"excerpt":{"rendered":"<p>Producto contra pedido,\u00a0 el tiempo de entrega de este producto es de 2 d\u00edas h\u00e1biles. &nbsp; -Tama\u00f1o Total: 765 x<\/p>\n","protected":false},"featured_media":99488,"comment_status":"closed","ping_status":"open","template":"","meta":[],"product_brand":[],"product_cat":[15],"product_tag":[],"class_list":{"0":"post-99487","1":"product","2":"type-product","3":"status-publish","4":"has-post-thumbnail","6":"product_cat-uncategorized","8":"first","9":"instock","10":"purchasable","11":"product-type-simple"},"jetpack_sharing_enabled":true,"_links":{"self":[{"href":"https:\/\/www.veneciacr.com\/index.php\/wp-json\/wp\/v2\/product\/99487","targetHints":{"allow":["GET"]}}],"collection":[{"href":"https:\/\/www.veneciacr.com\/index.php\/wp-json\/wp\/v2\/product"}],"about":[{"href":"https:\/\/www.veneciacr.com\/index.php\/wp-json\/wp\/v2\/types\/product"}],"replies":[{"embeddable":true,"href":"https:\/\/www.veneciacr.com\/index.php\/wp-json\/wp\/v2\/comments?post=99487"}],"wp:featuredmedia":[{"embeddable":true,"href":"https:\/\/www.veneciacr.com\/index.php\/wp-json\/wp\/v2\/media\/99488"}],"wp:attachment":[{"href":"https:\/\/www.veneciacr.com\/index.php\/wp-json\/wp\/v2\/media?parent=99487"}],"wp:term":[{"taxonomy":"product_brand","embeddable":true,"href":"https:\/\/www.veneciacr.com\/index.php\/wp-json\/wp\/v2\/product_brand?post=99487"},{"taxonomy":"product_cat","embeddable":true,"href":"https:\/\/www.veneciacr.com\/index.php\/wp-json\/wp\/v2\/product_cat?post=99487"},{"taxonomy":"product_tag","embeddable":true,"href":"https:\/\/www.veneciacr.com\/index.php\/wp-json\/wp\/v2\/product_tag?post=99487"}],"curies":[{"name":"wp","href":"https:\/\/api.w.org\/{rel}","templated":true}]}}