{"id":99485,"date":"2026-04-21T02:19:07","date_gmt":"2026-04-21T08:19:07","guid":{"rendered":"https:\/\/www.veneciacr.com\/index.php\/producto\/contra-pedido-carro-organizador-metal-3-nivel-72x36x66-thptc301-total\/"},"modified":"2026-04-21T02:19:10","modified_gmt":"2026-04-21T08:19:10","slug":"contra-pedido-carro-org-metal-3-niv-thptc301-total","status":"publish","type":"product","link":"https:\/\/www.veneciacr.com\/index.php\/producto\/contra-pedido-carro-org-metal-3-niv-thptc301-total\/","title":{"rendered":"CONTRA PEDIDO CARRO ORG METAL 3 NIV THPTC301 TOTAL"},"content":{"rendered":"<p><strong>Producto contra pedido,\u00a0 el tiempo de entrega de este producto es de 2 d\u00edas h\u00e1biles.<\/strong><\/p>\n<p>&nbsp;<\/p>\n<p>-Tama\u00f1o total: 719 x 365 x 663mm<\/p>\n<p>-Tama\u00f1o general con ruedas: 719 x 365 x 780 mm<\/p>\n<p>-Tama\u00f1o de las ruedas: 3\u2033 x 2\u2033<\/p>\n<p>-Espesor del gabinete: 0.6-0.8mm<\/p>\n<p>-Espesor de las bandejas: 0.6mm<\/p>\n<p>-3 Bandejas 719 x 365 x 85mm<\/p>\n","protected":false},"excerpt":{"rendered":"<p>Producto contra pedido,\u00a0 el tiempo de entrega de este producto es de 2 d\u00edas h\u00e1biles. &nbsp; -Tama\u00f1o total: 719 x<\/p>\n","protected":false},"featured_media":99486,"comment_status":"closed","ping_status":"open","template":"","meta":[],"product_brand":[],"product_cat":[15],"product_tag":[],"class_list":{"0":"post-99485","1":"product","2":"type-product","3":"status-publish","4":"has-post-thumbnail","6":"product_cat-uncategorized","8":"first","9":"instock","10":"purchasable","11":"product-type-simple"},"jetpack_sharing_enabled":true,"_links":{"self":[{"href":"https:\/\/www.veneciacr.com\/index.php\/wp-json\/wp\/v2\/product\/99485","targetHints":{"allow":["GET"]}}],"collection":[{"href":"https:\/\/www.veneciacr.com\/index.php\/wp-json\/wp\/v2\/product"}],"about":[{"href":"https:\/\/www.veneciacr.com\/index.php\/wp-json\/wp\/v2\/types\/product"}],"replies":[{"embeddable":true,"href":"https:\/\/www.veneciacr.com\/index.php\/wp-json\/wp\/v2\/comments?post=99485"}],"wp:featuredmedia":[{"embeddable":true,"href":"https:\/\/www.veneciacr.com\/index.php\/wp-json\/wp\/v2\/media\/99486"}],"wp:attachment":[{"href":"https:\/\/www.veneciacr.com\/index.php\/wp-json\/wp\/v2\/media?parent=99485"}],"wp:term":[{"taxonomy":"product_brand","embeddable":true,"href":"https:\/\/www.veneciacr.com\/index.php\/wp-json\/wp\/v2\/product_brand?post=99485"},{"taxonomy":"product_cat","embeddable":true,"href":"https:\/\/www.veneciacr.com\/index.php\/wp-json\/wp\/v2\/product_cat?post=99485"},{"taxonomy":"product_tag","embeddable":true,"href":"https:\/\/www.veneciacr.com\/index.php\/wp-json\/wp\/v2\/product_tag?post=99485"}],"curies":[{"name":"wp","href":"https:\/\/api.w.org\/{rel}","templated":true}]}}