{"id":99483,"date":"2026-04-21T02:19:51","date_gmt":"2026-04-21T08:19:51","guid":{"rendered":"https:\/\/www.veneciacr.com\/index.php\/producto\/contra-pedido-carro-organizador-metal-2-nivel-71x44x69-81-thptc201-total\/"},"modified":"2026-04-21T02:19:52","modified_gmt":"2026-04-21T08:19:52","slug":"contra-pedido-carro-org-metal-2-niv-thptc201-total","status":"publish","type":"product","link":"https:\/\/www.veneciacr.com\/index.php\/producto\/contra-pedido-carro-org-metal-2-niv-thptc201-total\/","title":{"rendered":"CONTRA PEDIDO CARRO ORG METAL 2 NIV THPTC201 TOTAL"},"content":{"rendered":"<p><strong>Producto contra pedido,\u00a0 el tiempo de entrega de este producto es de 2 d\u00edas h\u00e1biles.<\/strong><\/p>\n<p>&nbsp;<\/p>\n<p>-Tama\u00f1o Total: 712 x 440 x 694mm<\/p>\n<p>-En general con Ee tama\u00f1o de las ruedas: 712 x 440 x 814mm<\/p>\n<p>-Tama\u00f1o de las ruedas: 4\u2033 x 2\u2033<\/p>\n<p>-Espesor del gabinete: 0.6-0.8mm<\/p>\n<p>-Grosor del caj\u00f3n: 0.6mm<\/p>\n<p>-Caj\u00f3n de rodamientos de bolas<\/p>\n<p>Con cajones de 2 piezas:<\/p>\n<p>-2 cajones de 570 x 395 x 60 mm<\/p>\n","protected":false},"excerpt":{"rendered":"<p>Producto contra pedido,\u00a0 el tiempo de entrega de este producto es de 2 d\u00edas h\u00e1biles. &nbsp; -Tama\u00f1o Total: 712 x<\/p>\n","protected":false},"featured_media":99484,"comment_status":"closed","ping_status":"open","template":"","meta":[],"product_brand":[],"product_cat":[15],"product_tag":[],"class_list":{"0":"post-99483","1":"product","2":"type-product","3":"status-publish","4":"has-post-thumbnail","6":"product_cat-uncategorized","8":"first","9":"instock","10":"purchasable","11":"product-type-simple"},"jetpack_sharing_enabled":true,"_links":{"self":[{"href":"https:\/\/www.veneciacr.com\/index.php\/wp-json\/wp\/v2\/product\/99483","targetHints":{"allow":["GET"]}}],"collection":[{"href":"https:\/\/www.veneciacr.com\/index.php\/wp-json\/wp\/v2\/product"}],"about":[{"href":"https:\/\/www.veneciacr.com\/index.php\/wp-json\/wp\/v2\/types\/product"}],"replies":[{"embeddable":true,"href":"https:\/\/www.veneciacr.com\/index.php\/wp-json\/wp\/v2\/comments?post=99483"}],"wp:featuredmedia":[{"embeddable":true,"href":"https:\/\/www.veneciacr.com\/index.php\/wp-json\/wp\/v2\/media\/99484"}],"wp:attachment":[{"href":"https:\/\/www.veneciacr.com\/index.php\/wp-json\/wp\/v2\/media?parent=99483"}],"wp:term":[{"taxonomy":"product_brand","embeddable":true,"href":"https:\/\/www.veneciacr.com\/index.php\/wp-json\/wp\/v2\/product_brand?post=99483"},{"taxonomy":"product_cat","embeddable":true,"href":"https:\/\/www.veneciacr.com\/index.php\/wp-json\/wp\/v2\/product_cat?post=99483"},{"taxonomy":"product_tag","embeddable":true,"href":"https:\/\/www.veneciacr.com\/index.php\/wp-json\/wp\/v2\/product_tag?post=99483"}],"curies":[{"name":"wp","href":"https:\/\/api.w.org\/{rel}","templated":true}]}}