{"id":99453,"date":"2026-04-21T02:19:32","date_gmt":"2026-04-21T08:19:32","guid":{"rendered":"https:\/\/www.veneciacr.com\/index.php\/producto\/contra-pedido-bomba-gasolina-7hp-3-1000-l-min-tp3302-total\/"},"modified":"2026-04-21T02:19:34","modified_gmt":"2026-04-21T08:19:34","slug":"contra-pedido-bomba-gasolina-7hp-3-1000-l-min-tp3302-total","status":"publish","type":"product","link":"https:\/\/www.veneciacr.com\/index.php\/producto\/contra-pedido-bomba-gasolina-7hp-3-1000-l-min-tp3302-total\/","title":{"rendered":"CONTRA PEDIDO BOMBA GASOLINA 7HP 3&#8243; 1000 L\/MIN TP3302 TOTAL"},"content":{"rendered":"<p><strong>Producto contra pedido,\u00a0 el tiempo de entrega de este producto es de 2 d\u00edas h\u00e1biles.<\/strong><\/p>\n<p>-Bomba Agua A Gasolina 7.0 Hp<\/p>\n<p>-Desplazamiento: 208 cc.<\/p>\n<p>-Elevaci\u00f3n m\u00e1x.: 32m.<\/p>\n<p>-Elevaci\u00f3n M\u00e1x. de succi\u00f3n: 8m.<\/p>\n<p>-Di\u00e1metro conexi\u00f3n: 3\u2033 \u2013 80 mm<\/p>\n<p>-Capacidad tanque: 3.6 L.<\/p>\n<p>-Di\u00e1metro de succi\u00f3n: 80mm(3\u2033)<\/p>\n<p>-Caracter\u00edsticas: dep\u00f3sito de combustible de metal con filtro entramado tubular completo; industrial.<\/p>\n<p>-Encendido: por cuerda.<\/p>\n","protected":false},"excerpt":{"rendered":"<p>Producto contra pedido,\u00a0 el tiempo de entrega de este producto es de 2 d\u00edas h\u00e1biles. -Bomba Agua A Gasolina 7.0<\/p>\n","protected":false},"featured_media":99454,"comment_status":"closed","ping_status":"open","template":"","meta":[],"product_brand":[],"product_cat":[15],"product_tag":[],"class_list":{"0":"post-99453","1":"product","2":"type-product","3":"status-publish","4":"has-post-thumbnail","6":"product_cat-uncategorized","8":"first","9":"instock","10":"purchasable","11":"product-type-simple"},"jetpack_sharing_enabled":true,"_links":{"self":[{"href":"https:\/\/www.veneciacr.com\/index.php\/wp-json\/wp\/v2\/product\/99453","targetHints":{"allow":["GET"]}}],"collection":[{"href":"https:\/\/www.veneciacr.com\/index.php\/wp-json\/wp\/v2\/product"}],"about":[{"href":"https:\/\/www.veneciacr.com\/index.php\/wp-json\/wp\/v2\/types\/product"}],"replies":[{"embeddable":true,"href":"https:\/\/www.veneciacr.com\/index.php\/wp-json\/wp\/v2\/comments?post=99453"}],"wp:featuredmedia":[{"embeddable":true,"href":"https:\/\/www.veneciacr.com\/index.php\/wp-json\/wp\/v2\/media\/99454"}],"wp:attachment":[{"href":"https:\/\/www.veneciacr.com\/index.php\/wp-json\/wp\/v2\/media?parent=99453"}],"wp:term":[{"taxonomy":"product_brand","embeddable":true,"href":"https:\/\/www.veneciacr.com\/index.php\/wp-json\/wp\/v2\/product_brand?post=99453"},{"taxonomy":"product_cat","embeddable":true,"href":"https:\/\/www.veneciacr.com\/index.php\/wp-json\/wp\/v2\/product_cat?post=99453"},{"taxonomy":"product_tag","embeddable":true,"href":"https:\/\/www.veneciacr.com\/index.php\/wp-json\/wp\/v2\/product_tag?post=99453"}],"curies":[{"name":"wp","href":"https:\/\/api.w.org\/{rel}","templated":true}]}}