{"id":99430,"date":"2026-04-21T02:19:42","date_gmt":"2026-04-21T08:19:42","guid":{"rendered":"https:\/\/www.veneciacr.com\/index.php\/producto\/contra-pedido-anemometro-digital-tetan031-total\/"},"modified":"2026-04-21T02:19:44","modified_gmt":"2026-04-21T08:19:44","slug":"contra-pedido-anemometro-digital-tetan031-total","status":"publish","type":"product","link":"https:\/\/www.veneciacr.com\/index.php\/producto\/contra-pedido-anemometro-digital-tetan031-total\/","title":{"rendered":"CONTRA PEDIDO ANEMOMETRO DIGITAL TETAN031 TOTAL"},"content":{"rendered":"<p><strong>Producto contra pedido,\u00a0 el tiempo de entrega de este producto es de 2 d\u00edas h\u00e1biles.<\/strong><\/p>\n<p>Rango de medici\u00f3n de la velocidad del viento: 0,80-40,00 m\/s<br \/>\nResoluci\u00f3n: 0,01 \u00b1 (2,0 % + 30)<br \/>\nRetenci\u00f3n de datos<br \/>\nCon funci\u00f3n de luz de fondo<br \/>\nCon funci\u00f3n de indicador de bater\u00eda baja<br \/>\nUtiliza 3 pilas LR03AAA<\/p>\n","protected":false},"excerpt":{"rendered":"<p>Producto contra pedido,\u00a0 el tiempo de entrega de este producto es de 2 d\u00edas h\u00e1biles. Rango de medici\u00f3n de la<\/p>\n","protected":false},"featured_media":99431,"comment_status":"closed","ping_status":"open","template":"","meta":[],"product_brand":[],"product_cat":[15],"product_tag":[],"class_list":{"0":"post-99430","1":"product","2":"type-product","3":"status-publish","4":"has-post-thumbnail","6":"product_cat-uncategorized","8":"first","9":"instock","10":"purchasable","11":"product-type-simple"},"jetpack_sharing_enabled":true,"_links":{"self":[{"href":"https:\/\/www.veneciacr.com\/index.php\/wp-json\/wp\/v2\/product\/99430","targetHints":{"allow":["GET"]}}],"collection":[{"href":"https:\/\/www.veneciacr.com\/index.php\/wp-json\/wp\/v2\/product"}],"about":[{"href":"https:\/\/www.veneciacr.com\/index.php\/wp-json\/wp\/v2\/types\/product"}],"replies":[{"embeddable":true,"href":"https:\/\/www.veneciacr.com\/index.php\/wp-json\/wp\/v2\/comments?post=99430"}],"wp:featuredmedia":[{"embeddable":true,"href":"https:\/\/www.veneciacr.com\/index.php\/wp-json\/wp\/v2\/media\/99431"}],"wp:attachment":[{"href":"https:\/\/www.veneciacr.com\/index.php\/wp-json\/wp\/v2\/media?parent=99430"}],"wp:term":[{"taxonomy":"product_brand","embeddable":true,"href":"https:\/\/www.veneciacr.com\/index.php\/wp-json\/wp\/v2\/product_brand?post=99430"},{"taxonomy":"product_cat","embeddable":true,"href":"https:\/\/www.veneciacr.com\/index.php\/wp-json\/wp\/v2\/product_cat?post=99430"},{"taxonomy":"product_tag","embeddable":true,"href":"https:\/\/www.veneciacr.com\/index.php\/wp-json\/wp\/v2\/product_tag?post=99430"}],"curies":[{"name":"wp","href":"https:\/\/api.w.org\/{rel}","templated":true}]}}