{"id":99422,"date":"2026-04-29T01:55:51","date_gmt":"2026-04-29T07:55:51","guid":{"rendered":"https:\/\/www.veneciacr.com\/index.php\/producto\/contra-pedido-multimetro-digital-1000v-tmt5310002-total\/"},"modified":"2026-04-29T01:55:51","modified_gmt":"2026-04-29T07:55:51","slug":"multimetro-digital-1000v-tmt5310002-total","status":"publish","type":"product","link":"https:\/\/www.veneciacr.com\/index.php\/producto\/multimetro-digital-1000v-tmt5310002-total\/","title":{"rendered":"MULTIMETRO DIGITAL 1000V TMT5310002 TOTAL"},"content":{"rendered":"<p><strong>Producto contra pedido,\u00a0 el tiempo de entrega de este producto es de 2 d\u00edas h\u00e1biles.<\/strong><\/p>\n<p>&nbsp;<\/p>\n<p>-Pantalla: Trur Rms 6000 cuentas<\/p>\n<p>-Corriente Dc\/Ac: 6000Ua\/60Ma\/600Ma\/10A.<\/p>\n<p>-Voltaje Dc: 600Mv\/6V\/60V\/600V\/1000V<\/p>\n<p>-Voltaje Ac: 600Mv\/6V\/60V\/600V\/750V<\/p>\n<p>\u2013\u00a0Resistencia: 600\u03a9\/6K\u03c9\/60K\u03c9\/600K\u03c9\/6M\u03c9\/60M\u03c9<\/p>\n<p>-Capacitancia: 10Nf\/100Nf\/1000Nf\/10Uf\/1000Uf\/10Mf\/100Mf<\/p>\n<p>-Frecuencia: 10Hz\/100Hz\/1000Hz\/10Khz\/100Khz\/1000Khz\/10Mhz<\/p>\n<p>-Ciclo de trabajo: 1%~95% \u00b1(2.0% +3)<\/p>\n<p>-Detecci\u00f3n de voltaje sin contacto<\/p>\n<p>-Distinci\u00f3n de l\u00ednea viva o l\u00ednea neutra<\/p>\n<p>-Prueba de Diodo<\/p>\n<p>-M\u00e1ximo\/M\u00ednimo y retenci\u00f3n de datos<\/p>\n<p>-Con funci\u00f3n de linterna<\/p>\n<p>-Con indicador de bater\u00eda baja<\/p>\n<p>-Con indicador led en el conector de entrada<\/p>\n","protected":false},"excerpt":{"rendered":"<p>Producto contra pedido,\u00a0 el tiempo de entrega de este producto es de 2 d\u00edas h\u00e1biles. &nbsp; -Pantalla: Trur Rms 6000<\/p>\n","protected":false},"featured_media":99423,"comment_status":"closed","ping_status":"open","template":"","meta":[],"product_brand":[],"product_cat":[15],"product_tag":[],"class_list":{"0":"post-99422","1":"product","2":"type-product","3":"status-publish","4":"has-post-thumbnail","6":"product_cat-uncategorized","8":"first","9":"instock","10":"purchasable","11":"product-type-simple"},"jetpack_sharing_enabled":true,"_links":{"self":[{"href":"https:\/\/www.veneciacr.com\/index.php\/wp-json\/wp\/v2\/product\/99422","targetHints":{"allow":["GET"]}}],"collection":[{"href":"https:\/\/www.veneciacr.com\/index.php\/wp-json\/wp\/v2\/product"}],"about":[{"href":"https:\/\/www.veneciacr.com\/index.php\/wp-json\/wp\/v2\/types\/product"}],"replies":[{"embeddable":true,"href":"https:\/\/www.veneciacr.com\/index.php\/wp-json\/wp\/v2\/comments?post=99422"}],"wp:featuredmedia":[{"embeddable":true,"href":"https:\/\/www.veneciacr.com\/index.php\/wp-json\/wp\/v2\/media\/99423"}],"wp:attachment":[{"href":"https:\/\/www.veneciacr.com\/index.php\/wp-json\/wp\/v2\/media?parent=99422"}],"wp:term":[{"taxonomy":"product_brand","embeddable":true,"href":"https:\/\/www.veneciacr.com\/index.php\/wp-json\/wp\/v2\/product_brand?post=99422"},{"taxonomy":"product_cat","embeddable":true,"href":"https:\/\/www.veneciacr.com\/index.php\/wp-json\/wp\/v2\/product_cat?post=99422"},{"taxonomy":"product_tag","embeddable":true,"href":"https:\/\/www.veneciacr.com\/index.php\/wp-json\/wp\/v2\/product_tag?post=99422"}],"curies":[{"name":"wp","href":"https:\/\/api.w.org\/{rel}","templated":true}]}}