{"id":99410,"date":"2026-04-21T02:20:00","date_gmt":"2026-04-21T08:20:00","guid":{"rendered":"https:\/\/www.veneciacr.com\/index.php\/producto\/contra-pedido-agarradera-puerta-8-negro-troy-n700-103-national\/"},"modified":"2026-04-21T02:20:03","modified_gmt":"2026-04-21T08:20:03","slug":"agarradera-puerta-8-negro-troy-n700-103-national","status":"publish","type":"product","link":"https:\/\/www.veneciacr.com\/index.php\/producto\/agarradera-puerta-8-negro-troy-n700-103-national\/","title":{"rendered":"AGARRADERA PUERTA 8&#8243; NEGRO TROY N700-103 NATIONAL"},"content":{"rendered":"<p><strong>Producto contra pedido,\u00a0 el tiempo de entrega de este producto es de 2 d\u00edas h\u00e1biles.<\/strong><\/p>\n<p>&nbsp;<\/p>\n<p>A\u00f1ade un dise\u00f1o moderno al hardware interior de la puerta de granero de National Hardware<br \/>\nRecomendado para su uso en puertas interiores de madera<br \/>\nTodas las piezas y accesorios incluidos<br \/>\nAcabado combinado para combinar perfectamente con los kits de puerta de granero de National<br \/>\nF\u00e1cil de instalar<\/p>\n","protected":false},"excerpt":{"rendered":"<p>Producto contra pedido,\u00a0 el tiempo de entrega de este producto es de 2 d\u00edas h\u00e1biles. &nbsp; A\u00f1ade un dise\u00f1o moderno<\/p>\n","protected":false},"featured_media":99826,"comment_status":"closed","ping_status":"open","template":"","meta":[],"product_brand":[],"product_cat":[91,19],"product_tag":[],"class_list":{"0":"post-99410","1":"product","2":"type-product","3":"status-publish","4":"has-post-thumbnail","6":"product_cat-agarraderas-y-bisagras","7":"product_cat-ferreteria","9":"first","10":"outofstock","11":"purchasable","12":"product-type-simple"},"jetpack_sharing_enabled":true,"_links":{"self":[{"href":"https:\/\/www.veneciacr.com\/index.php\/wp-json\/wp\/v2\/product\/99410","targetHints":{"allow":["GET"]}}],"collection":[{"href":"https:\/\/www.veneciacr.com\/index.php\/wp-json\/wp\/v2\/product"}],"about":[{"href":"https:\/\/www.veneciacr.com\/index.php\/wp-json\/wp\/v2\/types\/product"}],"replies":[{"embeddable":true,"href":"https:\/\/www.veneciacr.com\/index.php\/wp-json\/wp\/v2\/comments?post=99410"}],"wp:featuredmedia":[{"embeddable":true,"href":"https:\/\/www.veneciacr.com\/index.php\/wp-json\/wp\/v2\/media\/99826"}],"wp:attachment":[{"href":"https:\/\/www.veneciacr.com\/index.php\/wp-json\/wp\/v2\/media?parent=99410"}],"wp:term":[{"taxonomy":"product_brand","embeddable":true,"href":"https:\/\/www.veneciacr.com\/index.php\/wp-json\/wp\/v2\/product_brand?post=99410"},{"taxonomy":"product_cat","embeddable":true,"href":"https:\/\/www.veneciacr.com\/index.php\/wp-json\/wp\/v2\/product_cat?post=99410"},{"taxonomy":"product_tag","embeddable":true,"href":"https:\/\/www.veneciacr.com\/index.php\/wp-json\/wp\/v2\/product_tag?post=99410"}],"curies":[{"name":"wp","href":"https:\/\/api.w.org\/{rel}","templated":true}]}}