{"id":99402,"date":"2026-04-21T01:59:36","date_gmt":"2026-04-21T07:59:36","guid":{"rendered":"https:\/\/www.veneciacr.com\/index.php\/producto\/camara-wifi-2k-con-reflect-c720-tp-link\/"},"modified":"2026-04-21T01:59:38","modified_gmt":"2026-04-21T07:59:38","slug":"camara-wifi-2k-con-reflect-c720-tp-link","status":"publish","type":"product","link":"https:\/\/www.veneciacr.com\/index.php\/producto\/camara-wifi-2k-con-reflect-c720-tp-link\/","title":{"rendered":"CAMARA WIFI 2K CON REFLECT C720 TP LINK"},"content":{"rendered":"<p>este producto es contrapedido , tarda de 1 a 2 dias en llegar<\/p>\n<p>C\u00e1mara de Vigilancia para Exteriores con Foco Ultrabrillante, Vista 2K y Detecci\u00f3n por IA<\/p>\n<div class=\"box highlights\">\n<ul>\n<li><strong>Foco Ultrabrillante de 2800 L\u00famenes<\/strong>:\u00a0El potente foco totalmente ajustable y la visi\u00f3n nocturna en color del Tapo C720 ven hasta a 9 metros de distancia, para que puedas dormir tranquilo sabiendo que tu entorno est\u00e1 seguro.<\/li>\n<li><strong>Vista en Directo 2K QHD<\/strong>:\u00a0Sin puntos ciegos, solo detalles n\u00edtidos. Ve cada cent\u00edmetro de tu hogar con el amplio campo de visi\u00f3n de 150\u00b0, mejorado por la resoluci\u00f3n de alta definici\u00f3n 2K QHD.<\/li>\n<li><strong>Monitorizaci\u00f3n 24\/7 con Alimentaci\u00f3n por Cable<\/strong>: Tapo C720 proporciona una seguridad inquebrantable, manteniendo a tu familia segura las 24 horas del d\u00eda.<\/li>\n<li><strong>Foco Activado por Movimiento<\/strong>: Con una precisi\u00f3n de halc\u00f3n en la oscuridad, el C720 detecta movimientos transitorios, activando un foco sobre una amplia \u00e1rea de 270\u00b0.<\/li>\n<li><strong>Control Ajustable del Foco<\/strong>: Desde establecer horarios hasta ajustar el brillo y los disparadores de activaci\u00f3n, la aplicaci\u00f3n Tapo es tu centro de control para la personalizaci\u00f3n inteligente del foco.<\/li>\n<li><strong>Detecci\u00f3n Inteligente por IA<\/strong>: La IA inteligente distingue entre personas, mascotas y coches en movimiento, silenciando las falsas alarmas y manteniendo tu bandeja de entrada libre de notificaciones de actividad irrelevantes.<\/li>\n<li><strong>Establece Alarmas Personalizadas<\/strong>: Graba una advertencia personalizada o haz sonar una alarma aguda para ahuyentar a los intrusos en el momento en que se detecta movimiento.<\/li>\n<li><strong>Almacenamiento Local o en la Nube<\/strong>: Guarda y almacena grabaciones localmente en una tarjeta microSD<a class=\"tp-ada-note-link\" href=\"https:\/\/www.tp-link.com\/es\/home-networking\/cloud-camera\/tapo-c720\/#footnote-1\" aria-label=\"Footnote 1\">*<\/a> (de hasta 512 GB) o accede a las grabaciones en cualquier momento y lugar con el almacenamiento en la nube de Tapo Care.**<\/li>\n<li><strong>Zonas de Actividad<\/strong>: Zonas inteligentes, alertas m\u00e1s inteligentes. Recibe alertas instant\u00e1neas cuando algo suceda en tus zonas de actividad personalizadas.<\/li>\n<li><strong>Resistente a la Intemperie IP65<\/strong>: Resiste los elementos, llueva o truene. Construido para soportar todo tipo de clima que el exterior le presente.<\/li>\n<\/ul>\n<\/div>\n","protected":false},"excerpt":{"rendered":"<p>este producto es contrapedido , tarda de 1 a 2 dias en llegar C\u00e1mara de Vigilancia para Exteriores con Foco<\/p>\n","protected":false},"featured_media":100405,"comment_status":"closed","ping_status":"open","template":"","meta":[],"product_brand":[],"product_cat":[15],"product_tag":[],"class_list":{"0":"post-99402","1":"product","2":"type-product","3":"status-publish","4":"has-post-thumbnail","6":"product_cat-uncategorized","8":"first","9":"outofstock","10":"purchasable","11":"product-type-simple"},"jetpack_sharing_enabled":true,"_links":{"self":[{"href":"https:\/\/www.veneciacr.com\/index.php\/wp-json\/wp\/v2\/product\/99402","targetHints":{"allow":["GET"]}}],"collection":[{"href":"https:\/\/www.veneciacr.com\/index.php\/wp-json\/wp\/v2\/product"}],"about":[{"href":"https:\/\/www.veneciacr.com\/index.php\/wp-json\/wp\/v2\/types\/product"}],"replies":[{"embeddable":true,"href":"https:\/\/www.veneciacr.com\/index.php\/wp-json\/wp\/v2\/comments?post=99402"}],"wp:featuredmedia":[{"embeddable":true,"href":"https:\/\/www.veneciacr.com\/index.php\/wp-json\/wp\/v2\/media\/100405"}],"wp:attachment":[{"href":"https:\/\/www.veneciacr.com\/index.php\/wp-json\/wp\/v2\/media?parent=99402"}],"wp:term":[{"taxonomy":"product_brand","embeddable":true,"href":"https:\/\/www.veneciacr.com\/index.php\/wp-json\/wp\/v2\/product_brand?post=99402"},{"taxonomy":"product_cat","embeddable":true,"href":"https:\/\/www.veneciacr.com\/index.php\/wp-json\/wp\/v2\/product_cat?post=99402"},{"taxonomy":"product_tag","embeddable":true,"href":"https:\/\/www.veneciacr.com\/index.php\/wp-json\/wp\/v2\/product_tag?post=99402"}],"curies":[{"name":"wp","href":"https:\/\/api.w.org\/{rel}","templated":true}]}}