{"id":99400,"date":"2026-04-21T01:59:36","date_gmt":"2026-04-21T07:59:36","guid":{"rendered":"https:\/\/www.veneciacr.com\/index.php\/producto\/camara-wifi-2k-c325wb-tp-link\/"},"modified":"2026-04-21T01:59:37","modified_gmt":"2026-04-21T07:59:37","slug":"camara-wifi-2k-c325wb-tp-link","status":"publish","type":"product","link":"https:\/\/www.veneciacr.com\/index.php\/producto\/camara-wifi-2k-c325wb-tp-link\/","title":{"rendered":"CAMARA WIFI 2K C325WB TP LINK"},"content":{"rendered":"<p>Este producto es contrapedido, tarda de 1 a 2 dias habiles<\/p>\n<p>C\u00e1mara de Vigilancia para Exteriores con Visi\u00f3n Nocturna ColorPro y Detecci\u00f3n IA Avanzada<\/p>\n<div class=\"box highlights\">\n<ul>\n<li>Visi\u00f3n Nocturna ColorPro<sup>TM<\/sup>:\u00a0La c\u00e1mara captura colores vibrantes con luz ultrabaja, proporcionando una claridad similar a la diurna.<\/li>\n<li>Detecci\u00f3n Precisa de Eventos sin Puntos Ciegos:\u00a0Con ColorPro, Tapo C325WB puede detectar personas\/mascotas\/veh\u00edculos con mayor precisi\u00f3n.<\/li>\n<li>Incre\u00edbles Colores Naturales en la Oscuridad:\u00a0Vea im\u00e1genes m\u00e1s cercanas a sus colores naturales durante el d\u00eda.<\/li>\n<li><strong>Libre de Luces Molestas<\/strong>: Reduce las falsas alarmas de insectos atra\u00eddos por la luz, ahorra energ\u00eda y protege el medio ambiente.<\/li>\n<li>Incre\u00edblemente Detallado en la Oscuridad con 2K QHD:\u00a0Con ColorPro y resoluci\u00f3n 2K, las im\u00e1genes son mucho m\u00e1s claras y naturales.<\/li>\n<li>Personaliza tu Detecci\u00f3n y Alarma:\u00a0Define zonas de actividad para una detecci\u00f3n m\u00e1s precisa.<\/li>\n<li>Flexibilidad de Modo Dual con PoE:\u00a0Alimenta tu c\u00e1mara con un adaptador de CC o un cable Ethernet con tecnolog\u00eda PoE.<\/li>\n<li>Almacenamiento Seguro Local y en la Nube:\u00a0Guarda todos tus momentos importantes en una tarjeta microSD o suscr\u00edbete al servicio en la nube Tapo Care.<\/li>\n<\/ul>\n<\/div>\n","protected":false},"excerpt":{"rendered":"<p>Este producto es contrapedido, tarda de 1 a 2 dias habiles C\u00e1mara de Vigilancia para Exteriores con Visi\u00f3n Nocturna ColorPro<\/p>\n","protected":false},"featured_media":100364,"comment_status":"closed","ping_status":"open","template":"","meta":[],"product_brand":[],"product_cat":[15],"product_tag":[],"class_list":{"0":"post-99400","1":"product","2":"type-product","3":"status-publish","4":"has-post-thumbnail","6":"product_cat-uncategorized","8":"first","9":"outofstock","10":"purchasable","11":"product-type-simple"},"jetpack_sharing_enabled":true,"_links":{"self":[{"href":"https:\/\/www.veneciacr.com\/index.php\/wp-json\/wp\/v2\/product\/99400","targetHints":{"allow":["GET"]}}],"collection":[{"href":"https:\/\/www.veneciacr.com\/index.php\/wp-json\/wp\/v2\/product"}],"about":[{"href":"https:\/\/www.veneciacr.com\/index.php\/wp-json\/wp\/v2\/types\/product"}],"replies":[{"embeddable":true,"href":"https:\/\/www.veneciacr.com\/index.php\/wp-json\/wp\/v2\/comments?post=99400"}],"wp:featuredmedia":[{"embeddable":true,"href":"https:\/\/www.veneciacr.com\/index.php\/wp-json\/wp\/v2\/media\/100364"}],"wp:attachment":[{"href":"https:\/\/www.veneciacr.com\/index.php\/wp-json\/wp\/v2\/media?parent=99400"}],"wp:term":[{"taxonomy":"product_brand","embeddable":true,"href":"https:\/\/www.veneciacr.com\/index.php\/wp-json\/wp\/v2\/product_brand?post=99400"},{"taxonomy":"product_cat","embeddable":true,"href":"https:\/\/www.veneciacr.com\/index.php\/wp-json\/wp\/v2\/product_cat?post=99400"},{"taxonomy":"product_tag","embeddable":true,"href":"https:\/\/www.veneciacr.com\/index.php\/wp-json\/wp\/v2\/product_tag?post=99400"}],"curies":[{"name":"wp","href":"https:\/\/api.w.org\/{rel}","templated":true}]}}