{"id":99237,"date":"2026-04-21T02:18:46","date_gmt":"2026-04-21T08:18:46","guid":{"rendered":"https:\/\/www.veneciacr.com\/index.php\/producto\/contra-pedido-motobomba-7-hp-gasolina-2-x-2-motb-2-truper\/"},"modified":"2026-04-21T02:18:47","modified_gmt":"2026-04-21T08:18:47","slug":"contra-pedido-motobomba-7-hp-gasolina-2-x-2-motb-2-truper","status":"publish","type":"product","link":"https:\/\/www.veneciacr.com\/index.php\/producto\/contra-pedido-motobomba-7-hp-gasolina-2-x-2-motb-2-truper\/","title":{"rendered":"CONTRA PEDIDO MOTOBOMBA 7 HP GASOLINA 2&#8243; X 2&#8243; MOTB-2 TRUPER"},"content":{"rendered":"<p><strong>Producto contra pedido,\u00a0 el tiempo de entrega de este producto es de 2 d\u00edas h\u00e1biles.<\/strong><\/p>\n<p>CARACTER\u00cdSTICAS<br \/>\nSon ideales para sistemas de riego, bombeo de pozos, agricultura y construcci\u00f3n. Para zonas de dif\u00edcil acceso a electricidad<br \/>\nDi\u00e1metro de entrada y salida: 2&#8243;<br \/>\nAltura m\u00e1xima: 25 m<br \/>\nFlujo m\u00e1ximo: 500 L\/min<br \/>\nSensor de nivel bajo de aceite<br \/>\nPrecauci\u00f3n: antes de arrancar, agregar aceite para motor de 4 tiempos en el dep\u00f3sito de aceite<br \/>\nPara agua limpia<br \/>\nArranque manual (cuerda retr\u00e1ctil)<br \/>\nMotor OHV a 4 tiempos de alto desempe\u00f1o<\/p>\n<p>ESPECIFICACIONES<br \/>\nPotencia: 7 HP (5219 W)<br \/>\nAltura m\u00e1xima: 25 m<br \/>\nFlujo m\u00e1ximo: 500 L\/min<br \/>\nM\u00e1xima profundidad de succi\u00f3n: 5 m<br \/>\nDi\u00e1metro de Entrada \/ Salida: 2&#8243; (51 mm)<br \/>\nDuraci\u00f3n tanque con 100% de carga: 1.66 h<br \/>\nCapacidad del tanque: 2.3 L<br \/>\nVelocidad sin carga: 3,650 &#8211; 3,700 r\/min<br \/>\nCilindrada del motor: 212 cc<br \/>\nCombustible: Gasolina<br \/>\nTipo de aceite: SAE 10W-30<br \/>\nDimensiones(Base x Altura x Fondo): 39 x 41 x 48 cm<br \/>\nPeso: 24 kg<br \/>\nEmpaque individual: Caja<br \/>\n2 Coples para manguera (Entrada \/ Salida)<br \/>\n3 Abrazaderas<br \/>\n1 Filtro para s\u00f3lidos<br \/>\n2 Sellos<br \/>\n2 Tuercas para coples<br \/>\n1 Llave para buj\u00eda<\/p>\n<p>&nbsp;<\/p>\n<p>&nbsp;<\/p>\n","protected":false},"excerpt":{"rendered":"<p>Producto contra pedido,\u00a0 el tiempo de entrega de este producto es de 2 d\u00edas h\u00e1biles. CARACTER\u00cdSTICAS Son ideales para sistemas<\/p>\n","protected":false},"featured_media":99238,"comment_status":"closed","ping_status":"open","template":"","meta":[],"product_brand":[],"product_cat":[15],"product_tag":[],"class_list":{"0":"post-99237","1":"product","2":"type-product","3":"status-publish","4":"has-post-thumbnail","6":"product_cat-uncategorized","8":"first","9":"instock","10":"purchasable","11":"product-type-simple"},"jetpack_sharing_enabled":true,"_links":{"self":[{"href":"https:\/\/www.veneciacr.com\/index.php\/wp-json\/wp\/v2\/product\/99237","targetHints":{"allow":["GET"]}}],"collection":[{"href":"https:\/\/www.veneciacr.com\/index.php\/wp-json\/wp\/v2\/product"}],"about":[{"href":"https:\/\/www.veneciacr.com\/index.php\/wp-json\/wp\/v2\/types\/product"}],"replies":[{"embeddable":true,"href":"https:\/\/www.veneciacr.com\/index.php\/wp-json\/wp\/v2\/comments?post=99237"}],"wp:featuredmedia":[{"embeddable":true,"href":"https:\/\/www.veneciacr.com\/index.php\/wp-json\/wp\/v2\/media\/99238"}],"wp:attachment":[{"href":"https:\/\/www.veneciacr.com\/index.php\/wp-json\/wp\/v2\/media?parent=99237"}],"wp:term":[{"taxonomy":"product_brand","embeddable":true,"href":"https:\/\/www.veneciacr.com\/index.php\/wp-json\/wp\/v2\/product_brand?post=99237"},{"taxonomy":"product_cat","embeddable":true,"href":"https:\/\/www.veneciacr.com\/index.php\/wp-json\/wp\/v2\/product_cat?post=99237"},{"taxonomy":"product_tag","embeddable":true,"href":"https:\/\/www.veneciacr.com\/index.php\/wp-json\/wp\/v2\/product_tag?post=99237"}],"curies":[{"name":"wp","href":"https:\/\/api.w.org\/{rel}","templated":true}]}}