{"id":99235,"date":"2026-04-21T02:19:57","date_gmt":"2026-04-21T08:19:57","guid":{"rendered":"https:\/\/www.veneciacr.com\/index.php\/producto\/contra-pedido-compresor-aire-silencioso-25l-2hp-comp-25q-truper\/"},"modified":"2026-04-21T02:19:58","modified_gmt":"2026-04-21T08:19:58","slug":"contra-pedido-compresor-aire-silencioso-25l-2hp-comp-25q-truper","status":"publish","type":"product","link":"https:\/\/www.veneciacr.com\/index.php\/producto\/contra-pedido-compresor-aire-silencioso-25l-2hp-comp-25q-truper\/","title":{"rendered":"CONTRA PEDIDO COMPRESOR AIRE SILENCIOSO 25L 2HP COMP-25Q TRUPER"},"content":{"rendered":"<p><strong>Producto contra pedido,\u00a0 el tiempo de entrega de este producto es de 2 d\u00edas h\u00e1biles.<\/strong><\/p>\n<p>&nbsp;<\/p>\n<p>Motor monof\u00e1sico de 2 HP con bobinas de cobre 2X mayor durabilidad<\/p>\n<p>Presi\u00f3n m\u00e1xima de operaci\u00f3n 116 psi<\/p>\n<p>Presostato con 2 man\u00f3metros (presi\u00f3n m\u00e1xima del tanque y presi\u00f3n de salida regulable)<\/p>\n<p>Encendido manual y autom\u00e1tico para que el compresor siempre mantenga aire y presi\u00f3n<\/p>\n<p>2 Conexiones r\u00e1pidas de autobloqueo de lat\u00f3n con salida de 1\/4&#8243;<\/p>\n<p>&nbsp;<\/p>\n<div class=\"col-6\">\n<div class=\"table-responsive tabla_border\">\n<table class=\"table table-bordered table_info_prod align-middle m-0\">\n<tbody>\n<tr id=\"tabla_especs\">\n<th class=\"tamanio_th_especs\" scope=\"row\">\n<p class=\"margen_tabla_especs\">Capacidad<\/p>\n<\/th>\n<td>\n<p class=\"margen_tabla_especs\">25 L<\/p>\n<\/td>\n<\/tr>\n<tr id=\"tabla_especs\">\n<th class=\"tamanio_th_especs\" scope=\"row\">\n<p class=\"margen_tabla_especs\">Potencia nominal<\/p>\n<\/th>\n<td>\n<p class=\"margen_tabla_especs\">1 HP<\/p>\n<\/td>\n<\/tr>\n<tr id=\"tabla_especs\">\n<th class=\"tamanio_th_especs\" scope=\"row\">\n<p class=\"margen_tabla_especs\">Flujo de aire<\/p>\n<\/th>\n<td>\n<p class=\"margen_tabla_especs\">2.5 CFM @ 90 psi | 3.8 CFM @ 40 psi<\/p>\n<\/td>\n<\/tr>\n<tr id=\"tabla_especs\">\n<th class=\"tamanio_th_especs\" scope=\"row\">\n<p class=\"margen_tabla_especs\">Velocidad<\/p>\n<\/th>\n<td>\n<p class=\"margen_tabla_especs\">1,730 rpm<\/p>\n<\/td>\n<\/tr>\n<tr id=\"tabla_especs\">\n<th class=\"tamanio_th_especs\" scope=\"row\">\n<p class=\"margen_tabla_especs\">Tensi\u00f3n \/ Frecuencia<\/p>\n<\/th>\n<td>\n<p class=\"margen_tabla_especs\">127 V \/ 60 Hz<\/p>\n<\/td>\n<\/tr>\n<tr id=\"tabla_especs\">\n<th class=\"tamanio_th_especs\" scope=\"row\">\n<p class=\"margen_tabla_especs\">Dimensiones (Base x Alto x Fondo) Incluye manubrio<\/p>\n<\/th>\n<td>\n<p class=\"margen_tabla_especs\">74 cm x 54 cm x 33 cm<\/p>\n<\/td>\n<\/tr>\n<\/tbody>\n<\/table>\n<\/div>\n<\/div>\n<div class=\"col-6\">\n<div class=\"table-responsive tabla_border\">\n<table class=\"table table-bordered table_info_prod align-middle m-0\">\n<tbody>\n<tr id=\"tabla_especs\">\n<th class=\"tamanio_th_especs\" scope=\"row\">\n<p class=\"margen_tabla_especs\">Potencia m\u00e1xima<\/p>\n<\/th>\n<td>\n<p class=\"margen_tabla_especs\">2 HP<\/p>\n<\/td>\n<\/tr>\n<tr id=\"tabla_especs\">\n<th class=\"tamanio_th_especs\" scope=\"row\">\n<p class=\"margen_tabla_especs\">Presi\u00f3n m\u00e1xima de operaci\u00f3n<\/p>\n<\/th>\n<td>\n<p class=\"margen_tabla_especs\">116 psi<\/p>\n<\/td>\n<\/tr>\n<tr id=\"tabla_especs\">\n<th class=\"tamanio_th_especs\" scope=\"row\">\n<p class=\"margen_tabla_especs\">Nivel de ruido<\/p>\n<\/th>\n<td>\n<p class=\"margen_tabla_especs\">70 dB<\/p>\n<\/td>\n<\/tr>\n<tr id=\"tabla_especs\">\n<th class=\"tamanio_th_especs\" scope=\"row\">\n<p class=\"margen_tabla_especs\">Consumo<\/p>\n<\/th>\n<td>\n<p class=\"margen_tabla_especs\">6 A<\/p>\n<\/td>\n<\/tr>\n<tr id=\"tabla_especs\">\n<th class=\"tamanio_th_especs\" scope=\"row\">\n<p class=\"margen_tabla_especs\">No. de salidas de 1\/4&#8243;<\/p>\n<\/th>\n<td>\n<p class=\"margen_tabla_especs\">2<\/p>\n<\/td>\n<\/tr>\n<tr id=\"tabla_especs\">\n<th class=\"tamanio_th_especs\" scope=\"row\">\n<p class=\"margen_tabla_especs\">Peso<\/p>\n<\/th>\n<td>\n<p class=\"margen_tabla_especs\">23 kg<\/p>\n<\/td>\n<\/tr>\n<\/tbody>\n<\/table>\n<\/div>\n<\/div>\n","protected":false},"excerpt":{"rendered":"<p>Producto contra pedido,\u00a0 el tiempo de entrega de este producto es de 2 d\u00edas h\u00e1biles. &nbsp; Motor monof\u00e1sico de 2<\/p>\n","protected":false},"featured_media":99236,"comment_status":"closed","ping_status":"open","template":"","meta":[],"product_brand":[],"product_cat":[84,23],"product_tag":[],"class_list":{"0":"post-99235","1":"product","2":"type-product","3":"status-publish","4":"has-post-thumbnail","6":"product_cat-compresores-de-aire-herramientas-y-accesorios","7":"product_cat-herramientas","9":"first","10":"instock","11":"purchasable","12":"product-type-simple"},"jetpack_sharing_enabled":true,"_links":{"self":[{"href":"https:\/\/www.veneciacr.com\/index.php\/wp-json\/wp\/v2\/product\/99235","targetHints":{"allow":["GET"]}}],"collection":[{"href":"https:\/\/www.veneciacr.com\/index.php\/wp-json\/wp\/v2\/product"}],"about":[{"href":"https:\/\/www.veneciacr.com\/index.php\/wp-json\/wp\/v2\/types\/product"}],"replies":[{"embeddable":true,"href":"https:\/\/www.veneciacr.com\/index.php\/wp-json\/wp\/v2\/comments?post=99235"}],"wp:featuredmedia":[{"embeddable":true,"href":"https:\/\/www.veneciacr.com\/index.php\/wp-json\/wp\/v2\/media\/99236"}],"wp:attachment":[{"href":"https:\/\/www.veneciacr.com\/index.php\/wp-json\/wp\/v2\/media?parent=99235"}],"wp:term":[{"taxonomy":"product_brand","embeddable":true,"href":"https:\/\/www.veneciacr.com\/index.php\/wp-json\/wp\/v2\/product_brand?post=99235"},{"taxonomy":"product_cat","embeddable":true,"href":"https:\/\/www.veneciacr.com\/index.php\/wp-json\/wp\/v2\/product_cat?post=99235"},{"taxonomy":"product_tag","embeddable":true,"href":"https:\/\/www.veneciacr.com\/index.php\/wp-json\/wp\/v2\/product_tag?post=99235"}],"curies":[{"name":"wp","href":"https:\/\/api.w.org\/{rel}","templated":true}]}}