{"id":99229,"date":"2026-04-21T02:19:01","date_gmt":"2026-04-21T08:19:01","guid":{"rendered":"https:\/\/www.veneciacr.com\/index.php\/producto\/contra-pedido-compresor-aire-libre-mant-3hp-50l-comp-50s-truper\/"},"modified":"2026-04-21T02:19:03","modified_gmt":"2026-04-21T08:19:03","slug":"contra-pedido-compresor-aire-libre-mant-3hp-50l-comp-50s-truper","status":"publish","type":"product","link":"https:\/\/www.veneciacr.com\/index.php\/producto\/contra-pedido-compresor-aire-libre-mant-3hp-50l-comp-50s-truper\/","title":{"rendered":"CONTRA PEDIDO COMPRESOR AIRE LIBRE MANT 3HP 50L COMP-50S TRUPER"},"content":{"rendered":"<p><strong>Producto contra pedido,\u00a0 el tiempo de entrega de este producto es de 2 d\u00edas h\u00e1biles.<\/strong><\/p>\n<p>&nbsp;<\/p>\n<p>CARACTER\u00cdSTICAS<br \/>\nMotor con bobinas de cobre, mayor durabilidad<br \/>\nMonof\u00e1sico, alta presi\u00f3n y rendimiento<br \/>\n1 Man\u00f3metro para presi\u00f3n regulable de salida<br \/>\nV\u00e1lvula de conexi\u00f3n r\u00e1pida 1\/4&#8243; para mangueras de 1\/4&#8243;, 3\/8&#8243; y 1\/2&#8243;<br \/>\nArranque autom\u00e1tico y manual<br \/>\nSistema anti-vibraci\u00f3n<br \/>\nTubos de descarga de aluminio<br \/>\nManubrio y ruedas para facilitar el transporte<br \/>\nLiviano y compacto<\/p>\n<p>NORMA<br \/>\nCumple la norma: NOM-003-SCFI<\/p>\n<p>ESPECIFICACIONES<br \/>\nCapacidad 50 L<br \/>\nPotencia m\u00e1xima 3 HP<br \/>\nPotencia nominal 2 HP<br \/>\nVelocidad 4,500 rpm<br \/>\nCorriente 8.5 A<br \/>\nTensi\u00f3n \/ Frecuencia 127 V \/ 60 Hz<br \/>\nFlujo de aire 2.7 CFM @ 90 PSI &#8211; 4 CFM @ 40 PSI<br \/>\nPresi\u00f3n m\u00e1xima 145 PSI<br \/>\nNivel de ruido 100 dB<br \/>\nNo. de salidad de 1\/4 1<br \/>\nConductores 14 AWG x 3C con temperatura de aislamiento de 105 \u00b0C<br \/>\nAislamiento Clase I<br \/>\nGrado IP IP20<br \/>\nDimensiones (incluye manubrio) B 36 x A 88 x F 33 cm<br \/>\nPeso 23 kg<br \/>\nEmpaque individual Caja<\/p>\n<p>APLICACIONES<br \/>\nPara uso con herramientas neum\u00e1ticas<br \/>\nIdeal para talleres, carpinter\u00eda, mec\u00e1nica<\/p>\n","protected":false},"excerpt":{"rendered":"<p>Producto contra pedido,\u00a0 el tiempo de entrega de este producto es de 2 d\u00edas h\u00e1biles. &nbsp; CARACTER\u00cdSTICAS Motor con bobinas<\/p>\n","protected":false},"featured_media":99230,"comment_status":"closed","ping_status":"open","template":"","meta":[],"product_brand":[],"product_cat":[15],"product_tag":[],"class_list":{"0":"post-99229","1":"product","2":"type-product","3":"status-publish","4":"has-post-thumbnail","6":"product_cat-uncategorized","8":"first","9":"instock","10":"purchasable","11":"product-type-simple"},"jetpack_sharing_enabled":true,"_links":{"self":[{"href":"https:\/\/www.veneciacr.com\/index.php\/wp-json\/wp\/v2\/product\/99229","targetHints":{"allow":["GET"]}}],"collection":[{"href":"https:\/\/www.veneciacr.com\/index.php\/wp-json\/wp\/v2\/product"}],"about":[{"href":"https:\/\/www.veneciacr.com\/index.php\/wp-json\/wp\/v2\/types\/product"}],"replies":[{"embeddable":true,"href":"https:\/\/www.veneciacr.com\/index.php\/wp-json\/wp\/v2\/comments?post=99229"}],"wp:featuredmedia":[{"embeddable":true,"href":"https:\/\/www.veneciacr.com\/index.php\/wp-json\/wp\/v2\/media\/99230"}],"wp:attachment":[{"href":"https:\/\/www.veneciacr.com\/index.php\/wp-json\/wp\/v2\/media?parent=99229"}],"wp:term":[{"taxonomy":"product_brand","embeddable":true,"href":"https:\/\/www.veneciacr.com\/index.php\/wp-json\/wp\/v2\/product_brand?post=99229"},{"taxonomy":"product_cat","embeddable":true,"href":"https:\/\/www.veneciacr.com\/index.php\/wp-json\/wp\/v2\/product_cat?post=99229"},{"taxonomy":"product_tag","embeddable":true,"href":"https:\/\/www.veneciacr.com\/index.php\/wp-json\/wp\/v2\/product_tag?post=99229"}],"curies":[{"name":"wp","href":"https:\/\/api.w.org\/{rel}","templated":true}]}}