{"id":99227,"date":"2026-04-21T02:19:11","date_gmt":"2026-04-21T08:19:11","guid":{"rendered":"https:\/\/www.veneciacr.com\/index.php\/producto\/contra-pedido-compresor-aire-120l-4hp-220v-comp-120lh-truper\/"},"modified":"2026-04-21T02:19:12","modified_gmt":"2026-04-21T08:19:12","slug":"contra-pedido-compresor-aire-120l-4hp-220v-comp-120lh-truper","status":"publish","type":"product","link":"https:\/\/www.veneciacr.com\/index.php\/producto\/contra-pedido-compresor-aire-120l-4hp-220v-comp-120lh-truper\/","title":{"rendered":"CONTRA PEDIDO COMPRESOR AIRE 120L 4HP 220V COMP-120LH TRUPER"},"content":{"rendered":"<p><strong>Producto contra pedido,\u00a0 el tiempo de entrega de este producto es de 2 d\u00edas h\u00e1biles.<\/strong><\/p>\n<p>&nbsp;<\/p>\n<p>CARACTER\u00cdSTICAS<br \/>\nMotor con bobinas de cobre, 2x mayor durabilidad<br \/>\nUso ininterrumpido<br \/>\nArranque autom\u00e1tico y manual<br \/>\nPresostato con 2 man\u00f3metros: presi\u00f3n m\u00e1xima y presi\u00f3n regulable<br \/>\nCabeza con dos pistones y doble filtro<br \/>\nTubos de descarga en cobre<br \/>\nProtector t\u00e9rmico contra sobrecalentamiento del motor<br \/>\n2 Salidas de conexi\u00f3n r\u00e1pida de 1\/4&#8243;<br \/>\n2 Conexiones r\u00e1pidas de lat\u00f3n, salida 1\/4&#8243;<br \/>\nMotor con bobinas de cobre 2X Mayor durabilidad que las de aluminio<br \/>\nIncluyen aceite monogrado SAE30<\/p>\n<p>NORMA<br \/>\nCumple la norma NOM-003-SCFI<\/p>\n<p>ESPECIFICACIONES<br \/>\nCapacidad del tanque: 120 L<br \/>\nPotencia M\u00e1xima de arranque: 4 HP (3,000 W)<br \/>\nPotencia Nominal de operaci\u00f3n: 3 HP (2,250 W)<br \/>\nTensi\u00f3n: 220 V<br \/>\nFrecuencia: 60 Hz<br \/>\nCorriente: 10 A<br \/>\nVelocidad: 3,450 r\/min<br \/>\nFlujo de aire: 7.7 CFM @ 40 PSI \/ 5.7 CFM @ 90 PSI<br \/>\nPresi\u00f3n M\u00e1xima: 800 kPa (116 PSI)<br \/>\nTipo: Bif\u00e1sico<br \/>\nDimensiones: B 48 X A 85 X F 102 cm<br \/>\nPeso: 79 kg<br \/>\nEmpaque individual: Caja<br \/>\nMaster: 2<br \/>\nInner: 1<br \/>\nPallet: 2<br \/>\n1 Botella de aceite monogrado SAE30<br \/>\n2 Filtros de aire<br \/>\n1 Tap\u00f3n del dep\u00f3sito de aceite<br \/>\n1 Bolsa con torniller\u00eda<br \/>\n1 manubrio<br \/>\n2 ruedas<br \/>\n2 soportes frontales de hule<\/p>\n<p>Aplicaciones<br \/>\nIndustrial, para uso de herramientas neum\u00e1ticas<br \/>\nPara peque\u00f1os talleres, consultorios<\/p>\n<p>CUIDADOS<br \/>\nEste equipo debe ser utilizado con una alimentaci\u00f3n de 220V. Utilizar una tensi\u00f3n diferente da\u00f1a severamente el producto<br \/>\nMantenga limpio el interior y exterior del compresor<br \/>\nCambie el aceite regularmente, y mantenga limpias todas las superficies externas<\/p>\n","protected":false},"excerpt":{"rendered":"<p>Producto contra pedido,\u00a0 el tiempo de entrega de este producto es de 2 d\u00edas h\u00e1biles. &nbsp; CARACTER\u00cdSTICAS Motor con bobinas<\/p>\n","protected":false},"featured_media":99228,"comment_status":"closed","ping_status":"open","template":"","meta":[],"product_brand":[],"product_cat":[15],"product_tag":[],"class_list":{"0":"post-99227","1":"product","2":"type-product","3":"status-publish","4":"has-post-thumbnail","6":"product_cat-uncategorized","8":"first","9":"instock","10":"purchasable","11":"product-type-simple"},"jetpack_sharing_enabled":true,"_links":{"self":[{"href":"https:\/\/www.veneciacr.com\/index.php\/wp-json\/wp\/v2\/product\/99227","targetHints":{"allow":["GET"]}}],"collection":[{"href":"https:\/\/www.veneciacr.com\/index.php\/wp-json\/wp\/v2\/product"}],"about":[{"href":"https:\/\/www.veneciacr.com\/index.php\/wp-json\/wp\/v2\/types\/product"}],"replies":[{"embeddable":true,"href":"https:\/\/www.veneciacr.com\/index.php\/wp-json\/wp\/v2\/comments?post=99227"}],"wp:featuredmedia":[{"embeddable":true,"href":"https:\/\/www.veneciacr.com\/index.php\/wp-json\/wp\/v2\/media\/99228"}],"wp:attachment":[{"href":"https:\/\/www.veneciacr.com\/index.php\/wp-json\/wp\/v2\/media?parent=99227"}],"wp:term":[{"taxonomy":"product_brand","embeddable":true,"href":"https:\/\/www.veneciacr.com\/index.php\/wp-json\/wp\/v2\/product_brand?post=99227"},{"taxonomy":"product_cat","embeddable":true,"href":"https:\/\/www.veneciacr.com\/index.php\/wp-json\/wp\/v2\/product_cat?post=99227"},{"taxonomy":"product_tag","embeddable":true,"href":"https:\/\/www.veneciacr.com\/index.php\/wp-json\/wp\/v2\/product_tag?post=99227"}],"curies":[{"name":"wp","href":"https:\/\/api.w.org\/{rel}","templated":true}]}}