{"id":99225,"date":"2026-04-21T02:19:11","date_gmt":"2026-04-21T08:19:11","guid":{"rendered":"https:\/\/www.veneciacr.com\/index.php\/producto\/contra-pedido-tanque-para-pintura-con-manguera-y-pistola-10l-tan-pi10-truper\/"},"modified":"2026-04-21T02:19:12","modified_gmt":"2026-04-21T08:19:12","slug":"contra-pedido-tanque-para-pintura-con-manguera-y-pistola-10l-tan-pi10-truper","status":"publish","type":"product","link":"https:\/\/www.veneciacr.com\/index.php\/producto\/contra-pedido-tanque-para-pintura-con-manguera-y-pistola-10l-tan-pi10-truper\/","title":{"rendered":"CONTRA PEDIDO TANQUE PARA PINTURA CON MANGUERA Y PISTOLA 10L TAN-PI10 TRUPER"},"content":{"rendered":"<p><strong>Producto contra pedido,\u00a0 el tiempo de entrega de este producto es de 2 dias habiles.<\/strong><\/p>\n<p>&nbsp;<\/p>\n<p>Pistola con tecnolog\u00eda de pulverizaci\u00f3n HVLP (Alto Volumen-Baja presi\u00f3n), ideal para acabados finos, con m\u00e1ximo rendimiento de pintura y mayor control de aplicaci\u00f3n<br \/>\nCuerpo en acero, tapa de aluminio y ruedas giratorias a 360\u00b0<br \/>\nManivela para mezclar producto<br \/>\nTanque secundario que facilita la limpieza<br \/>\nMaterial a aplicar: esmaltes, lacas acr\u00edlicas, barnices y selladores<br \/>\nIdeal para aplicar materiales en grandes superficies<br \/>\nUso industrial<br \/>\nPistola Alto volumen Baja presi\u00f3n<br \/>\nMaterial a aplicar: esmaltes, lacas acr\u00edlicas, barnices y selladores<\/p>\n<p>ESPECIFICACIONES<\/p>\n<p>Capacidad: 10 Litros<br \/>\nPresi\u00f3n de v\u00e1lvula de seguridad: 45 PSI (310,2 kPa)<br \/>\nTama\u00f1o de aspersi\u00f3n: 10 &#8211; 90 cm<br \/>\nConexiones de mangueras: Roja para aire: 1\/4 NPT- Negra para pintura 3\/8&#8243;<br \/>\nLongitud de mangueras: 4.5 m<br \/>\nBoquilla (Tobera): 1.8 mm<br \/>\nPeso: 16 kg<br \/>\nEmpaque individual: Caja<br \/>\nInner: 1<br \/>\n2 Mangueras (para pintar y para aire)<br \/>\nPistola con boquilla<br \/>\nMan\u00f3metro<\/p>\n","protected":false},"excerpt":{"rendered":"<p>Producto contra pedido,\u00a0 el tiempo de entrega de este producto es de 2 dias habiles. &nbsp; Pistola con tecnolog\u00eda de<\/p>\n","protected":false},"featured_media":99226,"comment_status":"closed","ping_status":"open","template":"","meta":[],"product_brand":[],"product_cat":[15],"product_tag":[],"class_list":{"0":"post-99225","1":"product","2":"type-product","3":"status-publish","4":"has-post-thumbnail","6":"product_cat-uncategorized","8":"first","9":"instock","10":"purchasable","11":"product-type-simple"},"jetpack_sharing_enabled":true,"_links":{"self":[{"href":"https:\/\/www.veneciacr.com\/index.php\/wp-json\/wp\/v2\/product\/99225","targetHints":{"allow":["GET"]}}],"collection":[{"href":"https:\/\/www.veneciacr.com\/index.php\/wp-json\/wp\/v2\/product"}],"about":[{"href":"https:\/\/www.veneciacr.com\/index.php\/wp-json\/wp\/v2\/types\/product"}],"replies":[{"embeddable":true,"href":"https:\/\/www.veneciacr.com\/index.php\/wp-json\/wp\/v2\/comments?post=99225"}],"wp:featuredmedia":[{"embeddable":true,"href":"https:\/\/www.veneciacr.com\/index.php\/wp-json\/wp\/v2\/media\/99226"}],"wp:attachment":[{"href":"https:\/\/www.veneciacr.com\/index.php\/wp-json\/wp\/v2\/media?parent=99225"}],"wp:term":[{"taxonomy":"product_brand","embeddable":true,"href":"https:\/\/www.veneciacr.com\/index.php\/wp-json\/wp\/v2\/product_brand?post=99225"},{"taxonomy":"product_cat","embeddable":true,"href":"https:\/\/www.veneciacr.com\/index.php\/wp-json\/wp\/v2\/product_cat?post=99225"},{"taxonomy":"product_tag","embeddable":true,"href":"https:\/\/www.veneciacr.com\/index.php\/wp-json\/wp\/v2\/product_tag?post=99225"}],"curies":[{"name":"wp","href":"https:\/\/api.w.org\/{rel}","templated":true}]}}