{"id":99223,"date":"2026-04-21T02:22:05","date_gmt":"2026-04-21T08:22:05","guid":{"rendered":"https:\/\/www.veneciacr.com\/index.php\/producto\/contra-pedido-dobladora-hidraulica-p-tubo-12t-dth-12-truper\/"},"modified":"2026-04-21T02:22:06","modified_gmt":"2026-04-21T08:22:06","slug":"contra-pedido-dobladora-hidraulica-p-tubo-12t-dth-12-truper","status":"publish","type":"product","link":"https:\/\/www.veneciacr.com\/index.php\/producto\/contra-pedido-dobladora-hidraulica-p-tubo-12t-dth-12-truper\/","title":{"rendered":"CONTRA PEDIDO DOBLADORA HIDRAULICA P\/TUBO 12T DTH-12 TRUPER"},"content":{"rendered":"<p><strong>Producto contra pedido,\u00a0 el tiempo de entrega de este producto es de 2 d\u00edas h\u00e1biles.<\/strong><\/p>\n<p>&nbsp;<\/p>\n<p>ESPECIFICACIONES<br \/>\nPresi\u00f3n 12 ton<br \/>\nCarrera de pist\u00f3n 10 cm<br \/>\nAncho 120 cm<br \/>\nAltura 261 cm<br \/>\nLongitud 53.5 cm<br \/>\nEmpaque Caja<\/p>\n<p>Incluye:<br \/>\n1 palanca para gato hidr\u00e1ulico<br \/>\n6 dados de: 1\/2&#8243; (12.7mm), 3\/4&#8243; (19 mm), 1&#8243; (25.4mm), 1 1\/4&#8243; (31.7mm), 1 1\/2&#8243; (38.1mm) y 2&#8243; (50.8mm)<\/p>\n<p>CARACTER\u00cdSTICAS<br \/>\nCuerpo fabricado en acero<br \/>\nRodillos que ayudan a ajustar el doblez requerido en el tubo<br \/>\nDobla tubos hasta 90\u00b0<\/p>\n<p>USOS<br \/>\nPara tubos con di\u00e1metro de: 1\/2&#8243; (12.7mm), 3\/4&#8243; (19 mm), 1&#8243; (25.4mm), 1 1\/4&#8243; (31.7mm), 1 1\/2&#8243; (38.1mm) y 2&#8243; (50.8mm)<\/p>\n","protected":false},"excerpt":{"rendered":"<p>Producto contra pedido,\u00a0 el tiempo de entrega de este producto es de 2 d\u00edas h\u00e1biles. &nbsp; ESPECIFICACIONES Presi\u00f3n 12 ton<\/p>\n","protected":false},"featured_media":99224,"comment_status":"closed","ping_status":"open","template":"","meta":[],"product_brand":[],"product_cat":[15],"product_tag":[],"class_list":{"0":"post-99223","1":"product","2":"type-product","3":"status-publish","4":"has-post-thumbnail","6":"product_cat-uncategorized","8":"first","9":"instock","10":"purchasable","11":"product-type-simple"},"jetpack_sharing_enabled":true,"_links":{"self":[{"href":"https:\/\/www.veneciacr.com\/index.php\/wp-json\/wp\/v2\/product\/99223","targetHints":{"allow":["GET"]}}],"collection":[{"href":"https:\/\/www.veneciacr.com\/index.php\/wp-json\/wp\/v2\/product"}],"about":[{"href":"https:\/\/www.veneciacr.com\/index.php\/wp-json\/wp\/v2\/types\/product"}],"replies":[{"embeddable":true,"href":"https:\/\/www.veneciacr.com\/index.php\/wp-json\/wp\/v2\/comments?post=99223"}],"wp:featuredmedia":[{"embeddable":true,"href":"https:\/\/www.veneciacr.com\/index.php\/wp-json\/wp\/v2\/media\/99224"}],"wp:attachment":[{"href":"https:\/\/www.veneciacr.com\/index.php\/wp-json\/wp\/v2\/media?parent=99223"}],"wp:term":[{"taxonomy":"product_brand","embeddable":true,"href":"https:\/\/www.veneciacr.com\/index.php\/wp-json\/wp\/v2\/product_brand?post=99223"},{"taxonomy":"product_cat","embeddable":true,"href":"https:\/\/www.veneciacr.com\/index.php\/wp-json\/wp\/v2\/product_cat?post=99223"},{"taxonomy":"product_tag","embeddable":true,"href":"https:\/\/www.veneciacr.com\/index.php\/wp-json\/wp\/v2\/product_tag?post=99223"}],"curies":[{"name":"wp","href":"https:\/\/api.w.org\/{rel}","templated":true}]}}