{"id":99208,"date":"2026-04-21T01:59:39","date_gmt":"2026-04-21T07:59:39","guid":{"rendered":"https:\/\/www.veneciacr.com\/index.php\/producto\/tijera-podar-23-tht1516001-total\/"},"modified":"2026-04-21T01:59:42","modified_gmt":"2026-04-21T07:59:42","slug":"tijera-podar-23-tht1516001-total","status":"publish","type":"product","link":"https:\/\/www.veneciacr.com\/index.php\/producto\/tijera-podar-23-tht1516001-total\/","title":{"rendered":"TIJERA PODAR 23&#8243; THT1516001 TOTAL"},"content":{"rendered":"<p>-Medida: 580mm de largo (23\u201d)<\/p>\n<p>-\u00bfD\u00f3nde usarlo?: Jardiner\u00eda, agricultura, arreglos florales, arboricultura, conservaci\u00f3n de la naturaleza.<\/p>\n<p>-Caracter\u00edsticas: Tratamiento t\u00e9rmico y tefl\u00f3n, industrial.<\/p>\n<p>-Capacidad de corte m\u00e1x. di\u00e1metro: 10 mm.<\/p>\n<p>-Peso (Kg): 1.05 Kg<\/p>\n","protected":false},"excerpt":{"rendered":"<p>-Medida: 580mm de largo (23\u201d) -\u00bfD\u00f3nde usarlo?: Jardiner\u00eda, agricultura, arreglos florales, arboricultura, conservaci\u00f3n de la naturaleza. -Caracter\u00edsticas: Tratamiento t\u00e9rmico y<\/p>\n","protected":false},"featured_media":99209,"comment_status":"closed","ping_status":"open","template":"","meta":[],"product_brand":[],"product_cat":[15],"product_tag":[],"class_list":{"0":"post-99208","1":"product","2":"type-product","3":"status-publish","4":"has-post-thumbnail","6":"product_cat-uncategorized","8":"first","9":"instock","10":"purchasable","11":"product-type-simple"},"jetpack_sharing_enabled":true,"_links":{"self":[{"href":"https:\/\/www.veneciacr.com\/index.php\/wp-json\/wp\/v2\/product\/99208","targetHints":{"allow":["GET"]}}],"collection":[{"href":"https:\/\/www.veneciacr.com\/index.php\/wp-json\/wp\/v2\/product"}],"about":[{"href":"https:\/\/www.veneciacr.com\/index.php\/wp-json\/wp\/v2\/types\/product"}],"replies":[{"embeddable":true,"href":"https:\/\/www.veneciacr.com\/index.php\/wp-json\/wp\/v2\/comments?post=99208"}],"wp:featuredmedia":[{"embeddable":true,"href":"https:\/\/www.veneciacr.com\/index.php\/wp-json\/wp\/v2\/media\/99209"}],"wp:attachment":[{"href":"https:\/\/www.veneciacr.com\/index.php\/wp-json\/wp\/v2\/media?parent=99208"}],"wp:term":[{"taxonomy":"product_brand","embeddable":true,"href":"https:\/\/www.veneciacr.com\/index.php\/wp-json\/wp\/v2\/product_brand?post=99208"},{"taxonomy":"product_cat","embeddable":true,"href":"https:\/\/www.veneciacr.com\/index.php\/wp-json\/wp\/v2\/product_cat?post=99208"},{"taxonomy":"product_tag","embeddable":true,"href":"https:\/\/www.veneciacr.com\/index.php\/wp-json\/wp\/v2\/product_tag?post=99208"}],"curies":[{"name":"wp","href":"https:\/\/api.w.org\/{rel}","templated":true}]}}