{"id":99202,"date":"2026-05-14T01:52:02","date_gmt":"2026-05-14T07:52:02","guid":{"rendered":"https:\/\/www.veneciacr.com\/index.php\/producto\/zcontrapedido-romana-plataforma-plegable-200kg-bas-200pla-truper\/"},"modified":"2026-05-14T01:52:02","modified_gmt":"2026-05-14T07:52:02","slug":"contra-pedido-romana-plataforma-plegable-200kg-bas-200pla-truper","status":"publish","type":"product","link":"https:\/\/www.veneciacr.com\/index.php\/producto\/contra-pedido-romana-plataforma-plegable-200kg-bas-200pla-truper\/","title":{"rendered":"CONTRA PEDIDO ROMANA PLATAFORMA PLEGABLE 200KG BAS-200PLA TRUPER"},"content":{"rendered":"<p><strong>Producto contra pedido,\u00a0 el tiempo de entrega de este producto es de 2 d\u00edas h\u00e1biles.<\/strong><\/p>\n<p>&nbsp;<\/p>\n<p>B\u00e1scula capacidad 200 kg plegable de plataforma, Truper<br \/>\nCarcasa de acero inoxidable<\/p>\n<p>Plataforma de acero con textura antiderrapante<br \/>\nTorreta plegable para f\u00e1cil almacenamiento y traslado<br \/>\nFunci\u00f3n TARA (peso neto sin recipiente)<br \/>\nBater\u00eda recargable: 150 horas<br \/>\n15732-01<br \/>\nTorreta plegable<br \/>\n15732-02<br \/>\nRecargable<\/p>\n<p>Especificaciones<br \/>\nCapacidad m\u00e1xima de carga 200 kg (440.9 lb)<br \/>\nDivisi\u00f3n m\u00ednima 50 g<br \/>\nPesada m\u00ednima 1 kg<br \/>\nTensi\u00f3n \/ Frecuencia 127 V \/ 60 Hz<br \/>\nBater\u00eda recargable 150 horas de uso<br \/>\nDimensiones de plataforma 40 x 50 cm<br \/>\nDimensiones (Base x Altura x Fondo) 45 x 75 x 60 cm<br \/>\nPeso 16 kg<br \/>\nEmpaque individual Caja<br \/>\nInner 1<\/p>\n","protected":false},"excerpt":{"rendered":"<p>Producto contra pedido,\u00a0 el tiempo de entrega de este producto es de 2 d\u00edas h\u00e1biles. &nbsp; B\u00e1scula capacidad 200 kg<\/p>\n","protected":false},"featured_media":99203,"comment_status":"closed","ping_status":"open","template":"","meta":[],"product_brand":[],"product_cat":[15],"product_tag":[],"class_list":{"0":"post-99202","1":"product","2":"type-product","3":"status-publish","4":"has-post-thumbnail","6":"product_cat-uncategorized","8":"first","9":"instock","10":"purchasable","11":"product-type-simple"},"jetpack_sharing_enabled":true,"_links":{"self":[{"href":"https:\/\/www.veneciacr.com\/index.php\/wp-json\/wp\/v2\/product\/99202","targetHints":{"allow":["GET"]}}],"collection":[{"href":"https:\/\/www.veneciacr.com\/index.php\/wp-json\/wp\/v2\/product"}],"about":[{"href":"https:\/\/www.veneciacr.com\/index.php\/wp-json\/wp\/v2\/types\/product"}],"replies":[{"embeddable":true,"href":"https:\/\/www.veneciacr.com\/index.php\/wp-json\/wp\/v2\/comments?post=99202"}],"wp:featuredmedia":[{"embeddable":true,"href":"https:\/\/www.veneciacr.com\/index.php\/wp-json\/wp\/v2\/media\/99203"}],"wp:attachment":[{"href":"https:\/\/www.veneciacr.com\/index.php\/wp-json\/wp\/v2\/media?parent=99202"}],"wp:term":[{"taxonomy":"product_brand","embeddable":true,"href":"https:\/\/www.veneciacr.com\/index.php\/wp-json\/wp\/v2\/product_brand?post=99202"},{"taxonomy":"product_cat","embeddable":true,"href":"https:\/\/www.veneciacr.com\/index.php\/wp-json\/wp\/v2\/product_cat?post=99202"},{"taxonomy":"product_tag","embeddable":true,"href":"https:\/\/www.veneciacr.com\/index.php\/wp-json\/wp\/v2\/product_tag?post=99202"}],"curies":[{"name":"wp","href":"https:\/\/api.w.org\/{rel}","templated":true}]}}