{"id":99200,"date":"2026-04-21T02:19:29","date_gmt":"2026-04-21T08:19:29","guid":{"rendered":"https:\/\/www.veneciacr.com\/index.php\/producto\/zcontrapedido-romana-plataforma-plegable-80kg-bas-80pla-truper\/"},"modified":"2026-04-21T02:19:31","modified_gmt":"2026-04-21T08:19:31","slug":"contra-pedido-romana-plataforma-plegable-80kg-bas-80pla-truper","status":"publish","type":"product","link":"https:\/\/www.veneciacr.com\/index.php\/producto\/contra-pedido-romana-plataforma-plegable-80kg-bas-80pla-truper\/","title":{"rendered":"CONTRA PEDIDO ROMANA PLATAFORMA PLEGABLE 80KG BAS-80PLA TRUPER"},"content":{"rendered":"<p><strong>Producto contra pedido,\u00a0 el tiempo de entrega de este producto es de 2 d\u00edas h\u00e1biles.<\/strong><\/p>\n<p>&nbsp;<\/p>\n<p>Plataforma de acero con textura antiderrapante<\/p>\n<p>Bater\u00eda recargable de plomo \u00e1cido, duraci\u00f3n de 150 horas de uso continuo por cada ciclo<\/p>\n<p>Torreta plegable con doble display (usuario \/ cliente) peso, precio y total<\/p>\n<p>Display LCD con luz verde de fondo y n\u00fameros m\u00e1s grandes para mayor visibilida<\/p>\n<p>Funci\u00f3n TARA (peso neto sin recipiente), conteo de piezas, caja registradora y c\u00e1lculo de cambio<\/p>\n<p>&nbsp;<\/p>\n<div class=\"col-6\">\n<div class=\"table-responsive tabla_border\">\n<table class=\"table table-bordered table_info_prod align-middle m-0\">\n<tbody>\n<tr id=\"tabla_especs\">\n<th class=\"tamanio_th_especs\" scope=\"row\">\n<p class=\"margen_tabla_especs\">Capacidad m\u00e1xima de carga<\/p>\n<\/th>\n<td>\n<p class=\"margen_tabla_especs\">80 kg<\/p>\n<\/td>\n<\/tr>\n<tr id=\"tabla_especs\">\n<th class=\"tamanio_th_especs\" scope=\"row\">\n<p class=\"margen_tabla_especs\">Pesada m\u00ednima<\/p>\n<\/th>\n<td>\n<p class=\"margen_tabla_especs\">0.2 kg<\/p>\n<\/td>\n<\/tr>\n<tr id=\"tabla_especs\">\n<th class=\"tamanio_th_especs\" scope=\"row\">\n<p class=\"margen_tabla_especs\">Bater\u00eda\u00a0(Tensi\u00f3n \/ Capacidad)<\/p>\n<\/th>\n<td>\n<p class=\"margen_tabla_especs\">4 V .C.C \/ 4 Ah<\/p>\n<\/td>\n<\/tr>\n<tr id=\"tabla_especs\">\n<th class=\"tamanio_th_especs\" scope=\"row\">\n<p class=\"margen_tabla_especs\">Dimensiones (Ancho x Largo x Alto)<\/p>\n<\/th>\n<td>\n<p class=\"margen_tabla_especs\">30 cm x 34\u00a0cm x 66\u00a0cm<\/p>\n<\/td>\n<\/tr>\n<\/tbody>\n<\/table>\n<\/div>\n<\/div>\n<div class=\"col-6\">\n<div class=\"table-responsive tabla_border\">\n<table class=\"table table-bordered table_info_prod align-middle m-0\">\n<tbody>\n<tr id=\"tabla_especs\">\n<th class=\"tamanio_th_especs\" scope=\"row\">\n<p class=\"margen_tabla_especs\">Divisi\u00f3n m\u00ednima<\/p>\n<\/th>\n<td>\n<p class=\"margen_tabla_especs\">10 g<\/p>\n<\/td>\n<\/tr>\n<tr id=\"tabla_especs\">\n<th class=\"tamanio_th_especs\" scope=\"row\">\n<p class=\"margen_tabla_especs\">Tensi\u00f3n \/ Frecuencia<\/p>\n<\/th>\n<td>\n<p class=\"margen_tabla_especs\">127 V \/ 60 Hz<\/p>\n<\/td>\n<\/tr>\n<tr id=\"tabla_especs\">\n<th class=\"tamanio_th_especs\" scope=\"row\">\n<p class=\"margen_tabla_especs\">Dimensiones de plataforma<\/p>\n<\/th>\n<td>\n<p class=\"margen_tabla_especs\">30 cm x 34 cm<\/p>\n<\/td>\n<\/tr>\n<tr id=\"tabla_especs\">\n<th class=\"tamanio_th_especs\" scope=\"row\">\n<p class=\"margen_tabla_especs\">Peso<\/p>\n<\/th>\n<td>\n<p class=\"margen_tabla_especs\">7 kg<\/p>\n<\/td>\n<\/tr>\n<\/tbody>\n<\/table>\n<\/div>\n<\/div>\n","protected":false},"excerpt":{"rendered":"<p>Producto contra pedido,\u00a0 el tiempo de entrega de este producto es de 2 d\u00edas h\u00e1biles. &nbsp; Plataforma de acero con<\/p>\n","protected":false},"featured_media":99387,"comment_status":"closed","ping_status":"open","template":"","meta":[],"product_brand":[],"product_cat":[15],"product_tag":[],"class_list":{"0":"post-99200","1":"product","2":"type-product","3":"status-publish","4":"has-post-thumbnail","6":"product_cat-uncategorized","8":"first","9":"instock","10":"purchasable","11":"product-type-simple"},"jetpack_sharing_enabled":true,"_links":{"self":[{"href":"https:\/\/www.veneciacr.com\/index.php\/wp-json\/wp\/v2\/product\/99200","targetHints":{"allow":["GET"]}}],"collection":[{"href":"https:\/\/www.veneciacr.com\/index.php\/wp-json\/wp\/v2\/product"}],"about":[{"href":"https:\/\/www.veneciacr.com\/index.php\/wp-json\/wp\/v2\/types\/product"}],"replies":[{"embeddable":true,"href":"https:\/\/www.veneciacr.com\/index.php\/wp-json\/wp\/v2\/comments?post=99200"}],"wp:featuredmedia":[{"embeddable":true,"href":"https:\/\/www.veneciacr.com\/index.php\/wp-json\/wp\/v2\/media\/99387"}],"wp:attachment":[{"href":"https:\/\/www.veneciacr.com\/index.php\/wp-json\/wp\/v2\/media?parent=99200"}],"wp:term":[{"taxonomy":"product_brand","embeddable":true,"href":"https:\/\/www.veneciacr.com\/index.php\/wp-json\/wp\/v2\/product_brand?post=99200"},{"taxonomy":"product_cat","embeddable":true,"href":"https:\/\/www.veneciacr.com\/index.php\/wp-json\/wp\/v2\/product_cat?post=99200"},{"taxonomy":"product_tag","embeddable":true,"href":"https:\/\/www.veneciacr.com\/index.php\/wp-json\/wp\/v2\/product_tag?post=99200"}],"curies":[{"name":"wp","href":"https:\/\/api.w.org\/{rel}","templated":true}]}}