{"id":99196,"date":"2026-04-21T02:19:48","date_gmt":"2026-04-21T08:19:48","guid":{"rendered":"https:\/\/www.veneciacr.com\/index.php\/producto\/zcontrapedido-romana-electronica-colgante-con-plato-40kg-base-40c-truper\/"},"modified":"2026-04-21T02:19:49","modified_gmt":"2026-04-21T08:19:49","slug":"contra-pedido-romana-electronica-colgante-con-plato-40kg-base-40c-truper","status":"publish","type":"product","link":"https:\/\/www.veneciacr.com\/index.php\/producto\/contra-pedido-romana-electronica-colgante-con-plato-40kg-base-40c-truper\/","title":{"rendered":"CONTRA PEDIDO ROMANA ELECTRONICA COLGANTE CON PLATO 40KG BASE-40C TRUPER"},"content":{"rendered":"<p><strong>Producto contra pedido,\u00a0 el tiempo de entrega de este producto es de 2 dias habiles.<\/strong><\/p>\n<p>&nbsp;<\/p>\n<p>Charola de acero inoxidable<\/p>\n<p>Bater\u00eda recargable de plomo \u00e1cido, duraci\u00f3n de 150 horas de uso continuo por cada ciclo<\/p>\n<p>Funci\u00f3n TARA (peso neto sin recipiente), conteo de piezas y precio por kilo<\/p>\n<p>Display LCD con luz verde de fondo para mayor visibilidad<\/p>\n<p>Indicador de sobrepeso<\/p>\n<div class=\"col-6\">\n<div class=\"table-responsive tabla_border\">\n<table class=\"table table-bordered table_info_prod align-middle m-0\">\n<tbody>\n<tr id=\"tabla_especs\">\n<th class=\"tamanio_th_especs\" scope=\"row\">\n<p class=\"margen_tabla_especs\">Capacidad de carga<\/p>\n<\/th>\n<td>\n<p class=\"margen_tabla_especs\">40 kg<\/p>\n<\/td>\n<\/tr>\n<tr id=\"tabla_especs\">\n<th class=\"tamanio_th_especs\" scope=\"row\">\n<p class=\"margen_tabla_especs\">Divisi\u00f3n m\u00ednima<\/p>\n<\/th>\n<td>\n<p class=\"margen_tabla_especs\">5 g<\/p>\n<\/td>\n<\/tr>\n<tr id=\"tabla_especs\">\n<th class=\"tamanio_th_especs\" scope=\"row\">\n<p class=\"margen_tabla_especs\">Bater\u00eda\u00a0(Tensi\u00f3n \/ Capacidad)<\/p>\n<\/th>\n<td>\n<p class=\"margen_tabla_especs\">4 V .C.C \/ 4 Ah<\/p>\n<\/td>\n<\/tr>\n<tr id=\"tabla_especs\">\n<th class=\"tamanio_th_especs\" scope=\"row\">\n<p class=\"margen_tabla_especs\">N\u00famero de memorias<\/p>\n<\/th>\n<td>\n<p class=\"margen_tabla_especs\">4<\/p>\n<\/td>\n<\/tr>\n<tr id=\"tabla_especs\">\n<th class=\"tamanio_th_especs\" scope=\"row\">\n<p class=\"margen_tabla_especs\">Dimensiones (Largo x Alto)<\/p>\n<\/th>\n<td>\n<p class=\"margen_tabla_especs\">26 cm x 30 cm<\/p>\n<\/td>\n<\/tr>\n<\/tbody>\n<\/table>\n<\/div>\n<\/div>\n<div class=\"col-6\">\n<div class=\"table-responsive tabla_border\">\n<table class=\"table table-bordered table_info_prod align-middle m-0\">\n<tbody>\n<tr id=\"tabla_especs\">\n<th class=\"tamanio_th_especs\" scope=\"row\">\n<p class=\"margen_tabla_especs\">Unidad de medida<\/p>\n<\/th>\n<td>\n<p class=\"margen_tabla_especs\">kg \/ lb<\/p>\n<\/td>\n<\/tr>\n<tr id=\"tabla_especs\">\n<th class=\"tamanio_th_especs\" scope=\"row\">\n<p class=\"margen_tabla_especs\">Pesada m\u00ednima<\/p>\n<\/th>\n<td>\n<p class=\"margen_tabla_especs\">100 g<\/p>\n<\/td>\n<\/tr>\n<tr id=\"tabla_especs\">\n<th class=\"tamanio_th_especs\" scope=\"row\">\n<p class=\"margen_tabla_especs\">Di\u00e1metro de la charola<\/p>\n<\/th>\n<td>\n<p class=\"margen_tabla_especs\">33 cm<\/p>\n<\/td>\n<\/tr>\n<tr id=\"tabla_especs\">\n<th class=\"tamanio_th_especs\" scope=\"row\">\n<p class=\"margen_tabla_especs\">Dimensiones del display<\/p>\n<\/th>\n<td>\n<p class=\"margen_tabla_especs\">27 cm x 31 cm<\/p>\n<\/td>\n<\/tr>\n<tr id=\"tabla_especs\">\n<th class=\"tamanio_th_especs\" scope=\"row\">\n<p class=\"margen_tabla_especs\">Peso<\/p>\n<\/th>\n<td>\n<p class=\"margen_tabla_especs\">3.3 kg<\/p>\n<\/td>\n<\/tr>\n<\/tbody>\n<\/table>\n<\/div>\n<\/div>\n<p>&nbsp;<\/p>\n","protected":false},"excerpt":{"rendered":"<p>Producto contra pedido,\u00a0 el tiempo de entrega de este producto es de 2 dias habiles. &nbsp; Charola de acero inoxidable<\/p>\n","protected":false},"featured_media":99197,"comment_status":"closed","ping_status":"open","template":"","meta":[],"product_brand":[],"product_cat":[15],"product_tag":[],"class_list":{"0":"post-99196","1":"product","2":"type-product","3":"status-publish","4":"has-post-thumbnail","6":"product_cat-uncategorized","8":"first","9":"instock","10":"purchasable","11":"product-type-simple"},"jetpack_sharing_enabled":true,"_links":{"self":[{"href":"https:\/\/www.veneciacr.com\/index.php\/wp-json\/wp\/v2\/product\/99196","targetHints":{"allow":["GET"]}}],"collection":[{"href":"https:\/\/www.veneciacr.com\/index.php\/wp-json\/wp\/v2\/product"}],"about":[{"href":"https:\/\/www.veneciacr.com\/index.php\/wp-json\/wp\/v2\/types\/product"}],"replies":[{"embeddable":true,"href":"https:\/\/www.veneciacr.com\/index.php\/wp-json\/wp\/v2\/comments?post=99196"}],"wp:featuredmedia":[{"embeddable":true,"href":"https:\/\/www.veneciacr.com\/index.php\/wp-json\/wp\/v2\/media\/99197"}],"wp:attachment":[{"href":"https:\/\/www.veneciacr.com\/index.php\/wp-json\/wp\/v2\/media?parent=99196"}],"wp:term":[{"taxonomy":"product_brand","embeddable":true,"href":"https:\/\/www.veneciacr.com\/index.php\/wp-json\/wp\/v2\/product_brand?post=99196"},{"taxonomy":"product_cat","embeddable":true,"href":"https:\/\/www.veneciacr.com\/index.php\/wp-json\/wp\/v2\/product_cat?post=99196"},{"taxonomy":"product_tag","embeddable":true,"href":"https:\/\/www.veneciacr.com\/index.php\/wp-json\/wp\/v2\/product_tag?post=99196"}],"curies":[{"name":"wp","href":"https:\/\/api.w.org\/{rel}","templated":true}]}}