{"id":99186,"date":"2026-04-21T02:19:26","date_gmt":"2026-04-21T08:19:26","guid":{"rendered":"https:\/\/www.veneciacr.com\/index.php\/producto\/zcontrapedido-bomba-hidroneumatica-con-tanque-1hp-con-100l-hidr-1x100-truper\/"},"modified":"2026-04-21T02:19:28","modified_gmt":"2026-04-21T08:19:28","slug":"contra-pedido-bomba-hidroneumatica-con-tanque-1hp-100l-hidr-1x100-truper","status":"publish","type":"product","link":"https:\/\/www.veneciacr.com\/index.php\/producto\/contra-pedido-bomba-hidroneumatica-con-tanque-1hp-100l-hidr-1x100-truper\/","title":{"rendered":"CONTRA PEDIDO BOMBA HIDRONEUMATICA CON TANQUE 1HP 100L HIDR-1X100 TRUPER"},"content":{"rendered":"<p><strong>Producto contra pedido,\u00a0 el tiempo de entrega de este producto es de 2 d\u00edas h\u00e1biles.<\/strong><\/p>\n<p>&nbsp;<\/p>\n<p>CARACTER\u00cdSTICAS<br \/>\nMotor tipo &#8220;jet&#8221; con devanado de cobre, impulsor de lat\u00f3n<br \/>\nInterruptor con presostato calibrado de f\u00e1brica y man\u00f3metro instalado para una revisi\u00f3n continua del desempe\u00f1o<br \/>\nEnciende autom\u00e1ticamente cuando hay una p\u00e9rdida de presi\u00f3n<br \/>\nCapacitor para mayor potencia al arranque<br \/>\nSistema de paro autom\u00e1tico<br \/>\nMotor con bobinas de cobre 2x Mayor durabilidad que las de aluminio<br \/>\nImpulsor de lat\u00f3n<br \/>\nBalero met\u00e1lico<\/p>\n<p>NORMA<br \/>\nCumple con la norma NOM-003-SCFI<\/p>\n<p>ESPECIFICACIONES<br \/>\nMaster: 4<br \/>\nPotencia: 1 HP (746W)<br \/>\nTensi\u00f3n: 120 V<br \/>\nFrecuencia: 60 Hz<br \/>\nCorriente: 11 A<br \/>\nVelocidad: 3,400 r\/min<br \/>\nFlujo m\u00e1ximo: 70 L\/m<br \/>\nAltura m\u00e1xima: 35 m<br \/>\nM\u00e1xima profundidad: 9 m<br \/>\n\u00d8 Entrada \/ salida: 1 NPT<br \/>\nCapacidad del tanque: 100 L<br \/>\nTomas de agua simultaneas: 9<br \/>\nCiclo de trabajo: 50 minutos de trabajo por 20 minutos de descanso<br \/>\nM\u00e1ximo diario: 6 Horas<br \/>\nDimensiones: B 55 x A 112 x D 45 cm<br \/>\nPeso: 30 kg<br \/>\nEmpaque individual: Caja<\/p>\n<p>Aplicaciones<br \/>\nPara uso dom\u00e9stico, residencial, comercial e industrial como lavander\u00edas, hoteles, escuelas y spas<\/p>\n<p>CUIDADOS<br \/>\nSe recomienda que el equipo est\u00e9 calibrado a una presi\u00f3n m\u00e1xima de 280 Kpa (40.6 PSI)<\/p>\n","protected":false},"excerpt":{"rendered":"<p>Producto contra pedido,\u00a0 el tiempo de entrega de este producto es de 2 d\u00edas h\u00e1biles. &nbsp; CARACTER\u00cdSTICAS Motor tipo &#8220;jet&#8221;<\/p>\n","protected":false},"featured_media":99187,"comment_status":"closed","ping_status":"open","template":"","meta":[],"product_brand":[],"product_cat":[15],"product_tag":[],"class_list":{"0":"post-99186","1":"product","2":"type-product","3":"status-publish","4":"has-post-thumbnail","6":"product_cat-uncategorized","8":"first","9":"instock","10":"purchasable","11":"product-type-simple"},"jetpack_sharing_enabled":true,"_links":{"self":[{"href":"https:\/\/www.veneciacr.com\/index.php\/wp-json\/wp\/v2\/product\/99186","targetHints":{"allow":["GET"]}}],"collection":[{"href":"https:\/\/www.veneciacr.com\/index.php\/wp-json\/wp\/v2\/product"}],"about":[{"href":"https:\/\/www.veneciacr.com\/index.php\/wp-json\/wp\/v2\/types\/product"}],"replies":[{"embeddable":true,"href":"https:\/\/www.veneciacr.com\/index.php\/wp-json\/wp\/v2\/comments?post=99186"}],"wp:featuredmedia":[{"embeddable":true,"href":"https:\/\/www.veneciacr.com\/index.php\/wp-json\/wp\/v2\/media\/99187"}],"wp:attachment":[{"href":"https:\/\/www.veneciacr.com\/index.php\/wp-json\/wp\/v2\/media?parent=99186"}],"wp:term":[{"taxonomy":"product_brand","embeddable":true,"href":"https:\/\/www.veneciacr.com\/index.php\/wp-json\/wp\/v2\/product_brand?post=99186"},{"taxonomy":"product_cat","embeddable":true,"href":"https:\/\/www.veneciacr.com\/index.php\/wp-json\/wp\/v2\/product_cat?post=99186"},{"taxonomy":"product_tag","embeddable":true,"href":"https:\/\/www.veneciacr.com\/index.php\/wp-json\/wp\/v2\/product_tag?post=99186"}],"curies":[{"name":"wp","href":"https:\/\/api.w.org\/{rel}","templated":true}]}}