{"id":99184,"date":"2026-04-21T02:18:52","date_gmt":"2026-04-21T08:18:52","guid":{"rendered":"https:\/\/www.veneciacr.com\/index.php\/producto\/zcontrapedido-tanque-hidroneumatico-50l-tn-hn-1-2x50-truper\/"},"modified":"2026-04-21T02:18:55","modified_gmt":"2026-04-21T08:18:55","slug":"contra-pedido-tanque-hidroneumatico-50l-tn-hn-1-2x50-truper","status":"publish","type":"product","link":"https:\/\/www.veneciacr.com\/index.php\/producto\/contra-pedido-tanque-hidroneumatico-50l-tn-hn-1-2x50-truper\/","title":{"rendered":"CONTRA PEDIDO TANQUE HIDRONEUMATICO 50L TN-HN-1\/2X50 TRUPER"},"content":{"rendered":"<p><strong>Producto contra pedido,\u00a0 el tiempo de entrega de este producto es de 2 d\u00edas h\u00e1biles.<\/strong><\/p>\n<p>&nbsp;<\/p>\n<p>Tanque para bomba hidroneum\u00e1tica HIDR-1\/2X50, Truper<br \/>\nVolumen \u00fatil: 18 L<br \/>\nPresi\u00f3n m\u00e1xima de trabajo: 60 psi<br \/>\nMembrana de EPDMC\u00d3DIGO: 13594<br \/>\nCLAVE: TN-HN-1\/2X50<\/p>\n<p>Especificaciones<br \/>\nCapacidad 50 L<br \/>\nVolumen \u00fatil 18 L<br \/>\nDi\u00e1metro de salida 1&#8243; NPT<br \/>\nPresi\u00f3n m\u00e1xima de trabajo 60 psi<br \/>\nDimensiones (Base x Altura x Di\u00e1metro) 57 x 42 x 39 cm<br \/>\nPeso 9 kg<br \/>\nEmpaque individual Caja<\/p>\n","protected":false},"excerpt":{"rendered":"<p>Producto contra pedido,\u00a0 el tiempo de entrega de este producto es de 2 d\u00edas h\u00e1biles. &nbsp; Tanque para bomba hidroneum\u00e1tica<\/p>\n","protected":false},"featured_media":99185,"comment_status":"closed","ping_status":"open","template":"","meta":[],"product_brand":[],"product_cat":[15],"product_tag":[],"class_list":{"0":"post-99184","1":"product","2":"type-product","3":"status-publish","4":"has-post-thumbnail","6":"product_cat-uncategorized","8":"first","9":"instock","10":"purchasable","11":"product-type-simple"},"jetpack_sharing_enabled":true,"_links":{"self":[{"href":"https:\/\/www.veneciacr.com\/index.php\/wp-json\/wp\/v2\/product\/99184","targetHints":{"allow":["GET"]}}],"collection":[{"href":"https:\/\/www.veneciacr.com\/index.php\/wp-json\/wp\/v2\/product"}],"about":[{"href":"https:\/\/www.veneciacr.com\/index.php\/wp-json\/wp\/v2\/types\/product"}],"replies":[{"embeddable":true,"href":"https:\/\/www.veneciacr.com\/index.php\/wp-json\/wp\/v2\/comments?post=99184"}],"wp:featuredmedia":[{"embeddable":true,"href":"https:\/\/www.veneciacr.com\/index.php\/wp-json\/wp\/v2\/media\/99185"}],"wp:attachment":[{"href":"https:\/\/www.veneciacr.com\/index.php\/wp-json\/wp\/v2\/media?parent=99184"}],"wp:term":[{"taxonomy":"product_brand","embeddable":true,"href":"https:\/\/www.veneciacr.com\/index.php\/wp-json\/wp\/v2\/product_brand?post=99184"},{"taxonomy":"product_cat","embeddable":true,"href":"https:\/\/www.veneciacr.com\/index.php\/wp-json\/wp\/v2\/product_cat?post=99184"},{"taxonomy":"product_tag","embeddable":true,"href":"https:\/\/www.veneciacr.com\/index.php\/wp-json\/wp\/v2\/product_tag?post=99184"}],"curies":[{"name":"wp","href":"https:\/\/api.w.org\/{rel}","templated":true}]}}