{"id":99182,"date":"2026-04-21T02:19:01","date_gmt":"2026-04-21T08:19:01","guid":{"rendered":"https:\/\/www.veneciacr.com\/index.php\/producto\/zcontrapedido-bomba-hidroneumatica-con-tanque-1-2hp-con-24l-hidr-1-2x24-truper\/"},"modified":"2026-04-21T02:19:01","modified_gmt":"2026-04-21T08:19:01","slug":"contra-pedido-bomba-hidroneumatica-con-tanque-1-2hp-24l-hidr-1-2x24-truper","status":"publish","type":"product","link":"https:\/\/www.veneciacr.com\/index.php\/producto\/contra-pedido-bomba-hidroneumatica-con-tanque-1-2hp-24l-hidr-1-2x24-truper\/","title":{"rendered":"CONTRA PEDIDO BOMBA HIDRONEUMATICA CON TANQUE 1\/2HP 24L HIDR-1\/2X24 TRUPER"},"content":{"rendered":"<p><strong>Producto contra pedido,\u00a0 el tiempo de entrega de este producto es de 2 dias habiles.<\/strong><\/p>\n<p>&nbsp;<\/p>\n<p>Bomba tipo &#8220;jet&#8221;, motor con bobinas de cobre<br \/>\nMan\u00f3metro instalado para una revisi\u00f3n continua del desempe\u00f1o<br \/>\nManguera interconexi\u00f3n bomba &#8211; tanque<br \/>\nCapacitor para mayor potencia al arranque<br \/>\nImpulsor de lat\u00f3n<br \/>\nBalero met\u00e1lico<br \/>\nBobinas de cobre 2x Mayor durabilidad que las de aluminio<\/p>\n<p>NORMA<br \/>\nCumple con la norma NOM-003-SCFI<\/p>\n<p>ESPECIFICACIONES<br \/>\nPotencia: 1\/2 HP (375 W)<br \/>\nTensi\u00f3n: 120 V<br \/>\nFrecuencia: 60 Hz<br \/>\nVelocidad: 3,400 r\/min<br \/>\nDi\u00e1metro de entrada \/ salida: 1 NPT<br \/>\nFlujo m\u00e1ximo: 43 L\/min<br \/>\nAltura m\u00e1xima: 28 m<br \/>\nM\u00e1xima profundidad: 9 m<br \/>\nCapacidad del tanque: 50 L<br \/>\nTemperatura del l\u00edquido : 40\u00b0C<br \/>\nTomas de agua simult\u00e1neas: 6<br \/>\nCiclo de trabajo: 50 minutos de trabajo por 20 minutos de descanso<br \/>\nM\u00e1ximo diario: 6 Horas<br \/>\nDimensiones: B 62 x A 64 x D 39 cm<br \/>\nPeso: 17.6 kg<br \/>\nEmpaque individual: Caja<\/p>\n<p>Aplicaciones<br \/>\nDe uso dom\u00e9stico<br \/>\nAumenta la presi\u00f3n del agua y la mantiene constante<br \/>\nIdeal para aumentar el caudal de agua en casas o departamentos<\/p>\n<p>CUIDADOS<br \/>\nSi el equipo no va a ser usado por un largo per\u00edodo de tiempo (1 a\u00f1o), es recomendable vaciar completamente<br \/>\nRetire los residuos con agua limpia y gu\u00e1rdelo en un lugar seco donde pueda estar protegido contra muy bajas temperaturas (heladas)<\/p>\n","protected":false},"excerpt":{"rendered":"<p>Producto contra pedido,\u00a0 el tiempo de entrega de este producto es de 2 dias habiles. &nbsp; Bomba tipo &#8220;jet&#8221;, motor<\/p>\n","protected":false},"featured_media":99183,"comment_status":"closed","ping_status":"open","template":"","meta":[],"product_brand":[],"product_cat":[15],"product_tag":[],"class_list":{"0":"post-99182","1":"product","2":"type-product","3":"status-publish","4":"has-post-thumbnail","6":"product_cat-uncategorized","8":"first","9":"instock","10":"purchasable","11":"product-type-simple"},"jetpack_sharing_enabled":true,"_links":{"self":[{"href":"https:\/\/www.veneciacr.com\/index.php\/wp-json\/wp\/v2\/product\/99182","targetHints":{"allow":["GET"]}}],"collection":[{"href":"https:\/\/www.veneciacr.com\/index.php\/wp-json\/wp\/v2\/product"}],"about":[{"href":"https:\/\/www.veneciacr.com\/index.php\/wp-json\/wp\/v2\/types\/product"}],"replies":[{"embeddable":true,"href":"https:\/\/www.veneciacr.com\/index.php\/wp-json\/wp\/v2\/comments?post=99182"}],"wp:featuredmedia":[{"embeddable":true,"href":"https:\/\/www.veneciacr.com\/index.php\/wp-json\/wp\/v2\/media\/99183"}],"wp:attachment":[{"href":"https:\/\/www.veneciacr.com\/index.php\/wp-json\/wp\/v2\/media?parent=99182"}],"wp:term":[{"taxonomy":"product_brand","embeddable":true,"href":"https:\/\/www.veneciacr.com\/index.php\/wp-json\/wp\/v2\/product_brand?post=99182"},{"taxonomy":"product_cat","embeddable":true,"href":"https:\/\/www.veneciacr.com\/index.php\/wp-json\/wp\/v2\/product_cat?post=99182"},{"taxonomy":"product_tag","embeddable":true,"href":"https:\/\/www.veneciacr.com\/index.php\/wp-json\/wp\/v2\/product_tag?post=99182"}],"curies":[{"name":"wp","href":"https:\/\/api.w.org\/{rel}","templated":true}]}}