{"id":99180,"date":"2026-04-21T02:19:45","date_gmt":"2026-04-21T08:19:45","guid":{"rendered":"https:\/\/www.veneciacr.com\/index.php\/producto\/zcontrapedido-bomba-hidroneumatica-con-tanque-1-2hp-con-50l-hidr-1-2x50p-pretul\/"},"modified":"2026-04-21T02:19:47","modified_gmt":"2026-04-21T08:19:47","slug":"contra-pedido-bomba-hidroneumatica-con-tanque-1-2hp-con-50l-hidr-1-2x50p-pretul","status":"publish","type":"product","link":"https:\/\/www.veneciacr.com\/index.php\/producto\/contra-pedido-bomba-hidroneumatica-con-tanque-1-2hp-con-50l-hidr-1-2x50p-pretul\/","title":{"rendered":"CONTRA PEDIDO BOMBA HIDRONEUMATICA CON TANQUE 1\/2HP CON 50L HIDR-1\/2X50P PRETUL"},"content":{"rendered":"<p><strong>Producto contra pedido,\u00a0 el tiempo de entrega de este producto es de 2 d\u00edas h\u00e1biles.<\/strong><\/p>\n<p>&nbsp;<\/p>\n<p>Potencia 1\/2 Hp (375 W)<br \/>\nTensi\u00f3n 120 V<br \/>\nFrecuencia 60 Hz<br \/>\nVelocidad 3,450 rpm<br \/>\nDi\u00e1metro de entrada \/ salida 1-11.5 NPT<br \/>\nFlujo m\u00e1ximo 40 L\/min<br \/>\nAltura m\u00e1xima 20 m<br \/>\nM\u00e1xima profundidad 8 m<br \/>\nCapacidad del tanque 50 L<br \/>\nTemperatura del l\u00edquido 40\u00b0C<br \/>\nTomas de agua simult\u00e1neas 6<br \/>\nCiclo de trabajo 30 minutos de trabajo por 20 minutos de descanso<br \/>\nM\u00e1ximo diario 6 Horas<br \/>\nDimensiones B 63 x A 61 x D 38 cm<br \/>\nPeso 13.6 kg<br \/>\nEmpaque Caja<\/p>\n<p>CARACTER\u00cdSTICAS<br \/>\nBomba perif\u00e9rica, motor con bobinas de aluminio.<br \/>\nTanque de acero.<br \/>\nMan\u00f3metro instalado para una revisi\u00f3n continua del desempe\u00f1o.<br \/>\nManguera interconexi\u00f3n bomba &#8211; tanque.<\/p>\n<p>USOS<br \/>\nDe uso dom\u00e9stico.<br \/>\nPara aumentar la presi\u00f3n del agua y la mantiene sin fluctuaciones.<br \/>\nIdeales para el caudal en casas o departamentos.<\/p>\n<p>CUIDADOS<br \/>\nSi el equipo no va a ser usado por un largo per\u00edodo de tiempo (1 a\u00f1o), es recomendable vaciar completamente.<br \/>\nRetire los residuos con agua limpia y gu\u00e1rdelo en un lugar seco donde pueda estar protegido contra muy bajas temperaturas (heladas).<\/p>\n","protected":false},"excerpt":{"rendered":"<p>Producto contra pedido,\u00a0 el tiempo de entrega de este producto es de 2 d\u00edas h\u00e1biles. &nbsp; Potencia 1\/2 Hp (375<\/p>\n","protected":false},"featured_media":99181,"comment_status":"closed","ping_status":"open","template":"","meta":[],"product_brand":[],"product_cat":[15],"product_tag":[],"class_list":{"0":"post-99180","1":"product","2":"type-product","3":"status-publish","4":"has-post-thumbnail","6":"product_cat-uncategorized","8":"first","9":"instock","10":"purchasable","11":"product-type-simple"},"jetpack_sharing_enabled":true,"_links":{"self":[{"href":"https:\/\/www.veneciacr.com\/index.php\/wp-json\/wp\/v2\/product\/99180","targetHints":{"allow":["GET"]}}],"collection":[{"href":"https:\/\/www.veneciacr.com\/index.php\/wp-json\/wp\/v2\/product"}],"about":[{"href":"https:\/\/www.veneciacr.com\/index.php\/wp-json\/wp\/v2\/types\/product"}],"replies":[{"embeddable":true,"href":"https:\/\/www.veneciacr.com\/index.php\/wp-json\/wp\/v2\/comments?post=99180"}],"wp:featuredmedia":[{"embeddable":true,"href":"https:\/\/www.veneciacr.com\/index.php\/wp-json\/wp\/v2\/media\/99181"}],"wp:attachment":[{"href":"https:\/\/www.veneciacr.com\/index.php\/wp-json\/wp\/v2\/media?parent=99180"}],"wp:term":[{"taxonomy":"product_brand","embeddable":true,"href":"https:\/\/www.veneciacr.com\/index.php\/wp-json\/wp\/v2\/product_brand?post=99180"},{"taxonomy":"product_cat","embeddable":true,"href":"https:\/\/www.veneciacr.com\/index.php\/wp-json\/wp\/v2\/product_cat?post=99180"},{"taxonomy":"product_tag","embeddable":true,"href":"https:\/\/www.veneciacr.com\/index.php\/wp-json\/wp\/v2\/product_tag?post=99180"}],"curies":[{"name":"wp","href":"https:\/\/api.w.org\/{rel}","templated":true}]}}