{"id":99179,"date":"2026-04-21T02:19:07","date_gmt":"2026-04-21T08:19:07","guid":{"rendered":"https:\/\/www.veneciacr.com\/index.php\/producto\/zcontrapedido-motobomba-4t-gasolina-1-x-1-motb-14-truper\/"},"modified":"2026-04-21T02:19:08","modified_gmt":"2026-04-21T08:19:08","slug":"contra-pedido-motobomba-4t-gasolina-1-x-1-motb-14-truper","status":"publish","type":"product","link":"https:\/\/www.veneciacr.com\/index.php\/producto\/contra-pedido-motobomba-4t-gasolina-1-x-1-motb-14-truper\/","title":{"rendered":"CONTRA PEDIDO MOTOBOMBA 4T GASOLINA 1&#8243; X 1&#8243; MOTB-14 TRUPER"},"content":{"rendered":"<p><strong>Producto contra pedido,\u00a0 el tiempo de entrega de este producto es de 2 d\u00edas h\u00e1biles.<\/strong><\/p>\n<p>&nbsp;<\/p>\n<p>Para zonas de dif\u00edcil acceso a electricidad<\/p>\n<p>Se utiliza para trasladar grandes cantidades de agua limpia<\/p>\n<p>Altura m\u00e1xima de bombeo: 25 m<\/p>\n<p>Flujo m\u00e1ximo: 110 L\/min<\/p>\n<p>M\u00e1xima profundidad de succi\u00f3n: 8 m<\/p>\n<div class=\"col-6\">\n<div class=\"table-responsive tabla_border\">\n<table class=\"table table-bordered table_info_prod align-middle m-0\">\n<tbody>\n<tr id=\"tabla_especs\">\n<th class=\"tamanio_th_especs\" scope=\"row\">\n<p class=\"margen_tabla_especs\">Potencia<\/p>\n<\/th>\n<td>\n<p class=\"margen_tabla_especs\">1 1\/3 HP<\/p>\n<\/td>\n<\/tr>\n<tr id=\"tabla_especs\">\n<th class=\"tamanio_th_especs\" scope=\"row\">\n<p class=\"margen_tabla_especs\">Flujo m\u00e1ximo<\/p>\n<\/th>\n<td>\n<p class=\"margen_tabla_especs\">110 L\/min<\/p>\n<\/td>\n<\/tr>\n<tr id=\"tabla_especs\">\n<th class=\"tamanio_th_especs\" scope=\"row\">\n<p class=\"margen_tabla_especs\">Di\u00e1metro de Entrada \/ Salida<\/p>\n<\/th>\n<td>\n<p class=\"margen_tabla_especs\">1&#8243; (25 mm)<\/p>\n<\/td>\n<\/tr>\n<tr id=\"tabla_especs\">\n<th class=\"tamanio_th_especs\" scope=\"row\">\n<p class=\"margen_tabla_especs\">Capacidad del tanque<\/p>\n<\/th>\n<td>\n<p class=\"margen_tabla_especs\">0.7 L<\/p>\n<\/td>\n<\/tr>\n<tr id=\"tabla_especs\">\n<th class=\"tamanio_th_especs\" scope=\"row\">\n<p class=\"margen_tabla_especs\">Cilindrada del motor<\/p>\n<\/th>\n<td>\n<p class=\"margen_tabla_especs\">36 cc<\/p>\n<\/td>\n<\/tr>\n<tr id=\"tabla_especs\">\n<th class=\"tamanio_th_especs\" scope=\"row\">\n<p class=\"margen_tabla_especs\">Peso<\/p>\n<\/th>\n<td>\n<p class=\"margen_tabla_especs\">7 kg<\/p>\n<\/td>\n<\/tr>\n<\/tbody>\n<\/table>\n<\/div>\n<\/div>\n<div class=\"col-6\">\n<div class=\"table-responsive tabla_border\">\n<table class=\"table table-bordered table_info_prod align-middle m-0\">\n<tbody>\n<tr id=\"tabla_especs\">\n<th class=\"tamanio_th_especs\" scope=\"row\">\n<p class=\"margen_tabla_especs\">Altura m\u00e1xima de bombeo<\/p>\n<\/th>\n<td>\n<p class=\"margen_tabla_especs\">25 m<\/p>\n<\/td>\n<\/tr>\n<tr id=\"tabla_especs\">\n<th class=\"tamanio_th_especs\" scope=\"row\">\n<p class=\"margen_tabla_especs\">M\u00e1xima profundidad de succi\u00f3n<\/p>\n<\/th>\n<td>\n<p class=\"margen_tabla_especs\">8 m<\/p>\n<\/td>\n<\/tr>\n<tr id=\"tabla_especs\">\n<th class=\"tamanio_th_especs\" scope=\"row\">\n<p class=\"margen_tabla_especs\">Duraci\u00f3n del tanque con 100% de carga<\/p>\n<\/th>\n<td>\n<p class=\"margen_tabla_especs\">1.2 h<\/p>\n<\/td>\n<\/tr>\n<tr id=\"tabla_especs\">\n<th class=\"tamanio_th_especs\" scope=\"row\">\n<p class=\"margen_tabla_especs\">Velocidad sin carga<\/p>\n<\/th>\n<td>\n<p class=\"margen_tabla_especs\">6,500 rpm<\/p>\n<\/td>\n<\/tr>\n<tr id=\"tabla_especs\">\n<th class=\"tamanio_th_especs\" scope=\"row\">\n<p class=\"margen_tabla_especs\">Dimensiones (Base x Alto x Fondo)<\/p>\n<\/th>\n<td>\n<p class=\"margen_tabla_especs\">20 cm x 32 cm x 39 cm<\/p>\n<\/td>\n<\/tr>\n<\/tbody>\n<\/table>\n<\/div>\n<\/div>\n","protected":false},"excerpt":{"rendered":"<p>Producto contra pedido,\u00a0 el tiempo de entrega de este producto es de 2 d\u00edas h\u00e1biles. &nbsp; Para zonas de dif\u00edcil<\/p>\n","protected":false},"featured_media":99329,"comment_status":"closed","ping_status":"open","template":"","meta":[],"product_brand":[],"product_cat":[15],"product_tag":[],"class_list":{"0":"post-99179","1":"product","2":"type-product","3":"status-publish","4":"has-post-thumbnail","6":"product_cat-uncategorized","8":"first","9":"instock","10":"purchasable","11":"product-type-simple"},"jetpack_sharing_enabled":true,"_links":{"self":[{"href":"https:\/\/www.veneciacr.com\/index.php\/wp-json\/wp\/v2\/product\/99179","targetHints":{"allow":["GET"]}}],"collection":[{"href":"https:\/\/www.veneciacr.com\/index.php\/wp-json\/wp\/v2\/product"}],"about":[{"href":"https:\/\/www.veneciacr.com\/index.php\/wp-json\/wp\/v2\/types\/product"}],"replies":[{"embeddable":true,"href":"https:\/\/www.veneciacr.com\/index.php\/wp-json\/wp\/v2\/comments?post=99179"}],"wp:featuredmedia":[{"embeddable":true,"href":"https:\/\/www.veneciacr.com\/index.php\/wp-json\/wp\/v2\/media\/99329"}],"wp:attachment":[{"href":"https:\/\/www.veneciacr.com\/index.php\/wp-json\/wp\/v2\/media?parent=99179"}],"wp:term":[{"taxonomy":"product_brand","embeddable":true,"href":"https:\/\/www.veneciacr.com\/index.php\/wp-json\/wp\/v2\/product_brand?post=99179"},{"taxonomy":"product_cat","embeddable":true,"href":"https:\/\/www.veneciacr.com\/index.php\/wp-json\/wp\/v2\/product_cat?post=99179"},{"taxonomy":"product_tag","embeddable":true,"href":"https:\/\/www.veneciacr.com\/index.php\/wp-json\/wp\/v2\/product_tag?post=99179"}],"curies":[{"name":"wp","href":"https:\/\/api.w.org\/{rel}","templated":true}]}}