{"id":99122,"date":"2026-04-21T01:59:51","date_gmt":"2026-04-21T07:59:51","guid":{"rendered":"https:\/\/www.veneciacr.com\/index.php\/producto\/silleta-rosca-1-1-2-x-1-2-pvc-atd-1-1-2-foset\/"},"modified":"2026-04-21T01:59:52","modified_gmt":"2026-04-21T07:59:52","slug":"silleta-rosca-1-1-2-x-1-2-pvc-atd-1-1-2-foset","status":"publish","type":"product","link":"https:\/\/www.veneciacr.com\/index.php\/producto\/silleta-rosca-1-1-2-x-1-2-pvc-atd-1-1-2-foset\/","title":{"rendered":"SILLETA ROSCA 1 1\/2 X 1\/2&#8243; PVC ATD-1-1\/2 FOSET"},"content":{"rendered":"<p>Fabricada en polipropileno<\/p>\n<p>4 Tornillos de acero tropicalizado que evitan deslizamientos, para m\u00e1xima seguridad<\/p>\n<p>Instalaci\u00f3n f\u00e1cil y segura<\/p>\n<p>Anillo de hule de alta calidad que evita fugas<\/p>\n<p>Para instalaci\u00f3n de suministros de agua potable sobre la tuber\u00eda de la red de distribuci\u00f3n<\/p>\n","protected":false},"excerpt":{"rendered":"<p>Fabricada en polipropileno 4 Tornillos de acero tropicalizado que evitan deslizamientos, para m\u00e1xima seguridad Instalaci\u00f3n f\u00e1cil y segura Anillo de<\/p>\n","protected":false},"featured_media":99123,"comment_status":"closed","ping_status":"open","template":"","meta":[],"product_brand":[],"product_cat":[29],"product_tag":[],"class_list":{"0":"post-99122","1":"product","2":"type-product","3":"status-publish","4":"has-post-thumbnail","6":"product_cat-plomeria","8":"first","9":"instock","10":"purchasable","11":"product-type-simple"},"jetpack_sharing_enabled":true,"_links":{"self":[{"href":"https:\/\/www.veneciacr.com\/index.php\/wp-json\/wp\/v2\/product\/99122","targetHints":{"allow":["GET"]}}],"collection":[{"href":"https:\/\/www.veneciacr.com\/index.php\/wp-json\/wp\/v2\/product"}],"about":[{"href":"https:\/\/www.veneciacr.com\/index.php\/wp-json\/wp\/v2\/types\/product"}],"replies":[{"embeddable":true,"href":"https:\/\/www.veneciacr.com\/index.php\/wp-json\/wp\/v2\/comments?post=99122"}],"wp:featuredmedia":[{"embeddable":true,"href":"https:\/\/www.veneciacr.com\/index.php\/wp-json\/wp\/v2\/media\/99123"}],"wp:attachment":[{"href":"https:\/\/www.veneciacr.com\/index.php\/wp-json\/wp\/v2\/media?parent=99122"}],"wp:term":[{"taxonomy":"product_brand","embeddable":true,"href":"https:\/\/www.veneciacr.com\/index.php\/wp-json\/wp\/v2\/product_brand?post=99122"},{"taxonomy":"product_cat","embeddable":true,"href":"https:\/\/www.veneciacr.com\/index.php\/wp-json\/wp\/v2\/product_cat?post=99122"},{"taxonomy":"product_tag","embeddable":true,"href":"https:\/\/www.veneciacr.com\/index.php\/wp-json\/wp\/v2\/product_tag?post=99122"}],"curies":[{"name":"wp","href":"https:\/\/api.w.org\/{rel}","templated":true}]}}