{"id":99100,"date":"2026-04-21T01:59:54","date_gmt":"2026-04-21T07:59:54","guid":{"rendered":"https:\/\/www.veneciacr.com\/index.php\/producto\/camara-wifi-c510w-2k-tapo-tp-link\/"},"modified":"2026-04-21T01:59:56","modified_gmt":"2026-04-21T07:59:56","slug":"camara-wifi-2k-c510w-tp-link","status":"publish","type":"product","link":"https:\/\/www.veneciacr.com\/index.php\/producto\/camara-wifi-2k-c510w-tp-link\/","title":{"rendered":"CAMARA WIFI 2K C510W TP LINK"},"content":{"rendered":"<p>Este producto es contrapedido, tarda 1 a 2 dias en llegar<\/p>\n<ul>\n<li>Protecci\u00f3n Integral de 360\u00b0: Proporciona un rango de visi\u00f3n horizontal de 360\u00b0 y vertical de 130\u00b0, eliminando puntos ciegos.<\/li>\n<li>Detecci\u00f3n de Personas: La IA inteligente identifica a una persona con precisi\u00f3n, enviando notificaciones instant\u00e1neas a trav\u00e9s de la app Tapo.<\/li>\n<li>Resoluci\u00f3n 2K: Im\u00e1genes m\u00e1s n\u00edtidas en resoluci\u00f3n 2K superan el est\u00e1ndar 1080p.<\/li>\n<li>Visi\u00f3n Nocturna a Color: Captura visi\u00f3n nocturna a color vibrante hasta 30 metros de distancia.<\/li>\n<li>Resistente a la Intemperie IP65: La c\u00e1mara est\u00e1 protegida contra chorros de agua y polvo, ideal para exteriores.<\/li>\n<li>Alarma de Luz y Sonido: Activa la sirena integrada junto con la alarma de focos para disuadir a intrusos no deseados.<\/li>\n<li>Almacenamiento Local y en la Nube: Guarda todos tus momentos importantes en una tarjeta microSD<sup>2<\/sup> (hasta 512 GB) o suscr\u00edbete a Tapo Care<sup>3<\/sup> para el servicio en la nube.<\/li>\n<\/ul>\n<p>&nbsp;<\/p>\n","protected":false},"excerpt":{"rendered":"<p>Este producto es contrapedido, tarda 1 a 2 dias en llegar Protecci\u00f3n Integral de 360\u00b0: Proporciona un rango de visi\u00f3n<\/p>\n","protected":false},"featured_media":100442,"comment_status":"closed","ping_status":"open","template":"","meta":[],"product_brand":[],"product_cat":[15],"product_tag":[],"class_list":{"0":"post-99100","1":"product","2":"type-product","3":"status-publish","4":"has-post-thumbnail","6":"product_cat-uncategorized","8":"first","9":"outofstock","10":"purchasable","11":"product-type-simple"},"jetpack_sharing_enabled":true,"_links":{"self":[{"href":"https:\/\/www.veneciacr.com\/index.php\/wp-json\/wp\/v2\/product\/99100","targetHints":{"allow":["GET"]}}],"collection":[{"href":"https:\/\/www.veneciacr.com\/index.php\/wp-json\/wp\/v2\/product"}],"about":[{"href":"https:\/\/www.veneciacr.com\/index.php\/wp-json\/wp\/v2\/types\/product"}],"replies":[{"embeddable":true,"href":"https:\/\/www.veneciacr.com\/index.php\/wp-json\/wp\/v2\/comments?post=99100"}],"wp:featuredmedia":[{"embeddable":true,"href":"https:\/\/www.veneciacr.com\/index.php\/wp-json\/wp\/v2\/media\/100442"}],"wp:attachment":[{"href":"https:\/\/www.veneciacr.com\/index.php\/wp-json\/wp\/v2\/media?parent=99100"}],"wp:term":[{"taxonomy":"product_brand","embeddable":true,"href":"https:\/\/www.veneciacr.com\/index.php\/wp-json\/wp\/v2\/product_brand?post=99100"},{"taxonomy":"product_cat","embeddable":true,"href":"https:\/\/www.veneciacr.com\/index.php\/wp-json\/wp\/v2\/product_cat?post=99100"},{"taxonomy":"product_tag","embeddable":true,"href":"https:\/\/www.veneciacr.com\/index.php\/wp-json\/wp\/v2\/product_tag?post=99100"}],"curies":[{"name":"wp","href":"https:\/\/api.w.org\/{rel}","templated":true}]}}