{"id":98940,"date":"2026-04-23T01:54:32","date_gmt":"2026-04-23T07:54:32","guid":{"rendered":"https:\/\/www.veneciacr.com\/index.php\/producto\/camara-wifi-c220-2k-tapo-tp-link\/"},"modified":"2026-04-23T01:54:32","modified_gmt":"2026-04-23T07:54:32","slug":"camara-wifi-2k-c220-tp-link","status":"publish","type":"product","link":"https:\/\/www.veneciacr.com\/index.php\/producto\/camara-wifi-2k-c220-tp-link\/","title":{"rendered":"CAMARA WIFI 2K C220 TP LINK"},"content":{"rendered":"<div class=\"box title\">\n<h1>C\u00e1mara de Vigilancia Wi-Fi de 360 Grados con Vista 2K 4MP y Detecci\u00f3n IA Avanzada<\/h1>\n<\/div>\n<div class=\"box highlights\">\n<ul>\n<li><strong>Grabaci\u00f3n de V\u00eddeo de Alta Calidad<\/strong>: Captura cada detalle con una claridad excepcional en resoluci\u00f3n QHD 2K de 4MP.<\/li>\n<li><strong>Amplio Rango de Movimiento<\/strong>: Disfruta de un rango completo de 360\u00ba en horizontal y 114\u00ba en vertical para la funci\u00f3n Pan\/Tilt, lo que te permite cubrir m\u00e1s \u00e1rea.<\/li>\n<li><strong>Visi\u00f3n Nocturna Mejorada<\/strong>: Ve con claridad incluso en condiciones de poca luz con visi\u00f3n nocturna avanzada que proporciona visibilidad hasta 12\u00a0metros (40 pies).<\/li>\n<li><strong>Detecci\u00f3n Inteligente por IA y Notificaciones<\/strong>:\u00a0Benef\u00edciate de la tecnolog\u00eda de IA inteligente que detecta eventos relevantes y te env\u00eda notificaciones instant\u00e1neas.<\/li>\n<li><strong>Alarma de Luz y Sonido<\/strong>: Ahuyenta a los visitantes no deseados usando una alarma de luz y sonido que activa efectos para llamar la atenci\u00f3n.<\/li>\n<li><strong>Audio Bidireccional<\/strong>: Permite la comunicaci\u00f3n a trav\u00e9s de un micr\u00f3fono y altavoz integrados<\/li>\n<li><strong>Almacenamiento Seguro<\/strong>: Almacena las grabaciones directamente en una tarjeta microSD con una capacidad de hasta 512 GB, garantizando un almacenamiento seguro y c\u00f3modo.(La tarjeta microSD se compra por separado.)<\/li>\n<li><strong>Funcionamiento Manos Libres<\/strong>: Controla el dispositivo usando tu voz gracias a la compatibilidad con Google Assistant y Amazon Alexa, liberando tus manos para otras tareas. (La disponibilidad de Google Assistant y Amazon Alexa puede variar seg\u00fan el idioma y el pa\u00eds)<\/li>\n<\/ul>\n<\/div>\n","protected":false},"excerpt":{"rendered":"<p>C\u00e1mara de Vigilancia Wi-Fi de 360 Grados con Vista 2K 4MP y Detecci\u00f3n IA Avanzada Grabaci\u00f3n de V\u00eddeo de Alta<\/p>\n","protected":false},"featured_media":98942,"comment_status":"closed","ping_status":"open","template":"","meta":[],"product_brand":[],"product_cat":[15],"product_tag":[],"class_list":{"0":"post-98940","1":"product","2":"type-product","3":"status-publish","4":"has-post-thumbnail","6":"product_cat-uncategorized","8":"first","9":"instock","10":"purchasable","11":"product-type-simple"},"jetpack_sharing_enabled":true,"_links":{"self":[{"href":"https:\/\/www.veneciacr.com\/index.php\/wp-json\/wp\/v2\/product\/98940","targetHints":{"allow":["GET"]}}],"collection":[{"href":"https:\/\/www.veneciacr.com\/index.php\/wp-json\/wp\/v2\/product"}],"about":[{"href":"https:\/\/www.veneciacr.com\/index.php\/wp-json\/wp\/v2\/types\/product"}],"replies":[{"embeddable":true,"href":"https:\/\/www.veneciacr.com\/index.php\/wp-json\/wp\/v2\/comments?post=98940"}],"wp:featuredmedia":[{"embeddable":true,"href":"https:\/\/www.veneciacr.com\/index.php\/wp-json\/wp\/v2\/media\/98942"}],"wp:attachment":[{"href":"https:\/\/www.veneciacr.com\/index.php\/wp-json\/wp\/v2\/media?parent=98940"}],"wp:term":[{"taxonomy":"product_brand","embeddable":true,"href":"https:\/\/www.veneciacr.com\/index.php\/wp-json\/wp\/v2\/product_brand?post=98940"},{"taxonomy":"product_cat","embeddable":true,"href":"https:\/\/www.veneciacr.com\/index.php\/wp-json\/wp\/v2\/product_cat?post=98940"},{"taxonomy":"product_tag","embeddable":true,"href":"https:\/\/www.veneciacr.com\/index.php\/wp-json\/wp\/v2\/product_tag?post=98940"}],"curies":[{"name":"wp","href":"https:\/\/api.w.org\/{rel}","templated":true}]}}