{"id":98730,"date":"2026-04-21T01:59:57","date_gmt":"2026-04-21T07:59:57","guid":{"rendered":"https:\/\/www.veneciacr.com\/index.php\/producto\/adaptador-usb-3-0-a-sd-y-microsd-ua430-tp-link\/"},"modified":"2026-04-21T02:00:00","modified_gmt":"2026-04-21T08:00:00","slug":"adaptador-usb-3-0-a-sd-y-microsd-ua430-tp-link","status":"publish","type":"product","link":"https:\/\/www.veneciacr.com\/index.php\/producto\/adaptador-usb-3-0-a-sd-y-microsd-ua430-tp-link\/","title":{"rendered":"ADAPTADOR USB 3.0 A SD Y MICROSD UA430 TP LINK"},"content":{"rendered":"<div class=\"box title\">\n<h1>Lector de Tarjetas USB 3.0 Tipo-C a SD y microSD 3.0<\/h1>\n<\/div>\n<div class=\"box highlights\">\n<ul>\n<li><strong>Compatible con tarjetas SD y microSD(TF).\u00a0 A<\/strong>dmite tarjetas SD, SDHC, SDXC, microSD, microSDHC, microSDXC de hasta 2 TB.<\/li>\n<li><strong>USB 3.0 Tipo-C.<\/strong>\u00a0Velocidades hasta<strong>\u00a0<\/strong>5 Gbps.<\/li>\n<li><strong>Transmisi\u00f3n M\u00e1s R\u00e1pida. <\/strong>Compatible con UHS-I, lo que te permite disfrutar de velocidades de lectura de hasta 200 MB\/s.<a class=\"tp-ada-note-link\" href=\"https:\/\/www.tp-link.com\/es\/home-networking\/usb-c-hub-and-converter\/ua430c\/#footnote-1\" aria-label=\"Footnote 1\">*<\/a><\/li>\n<li><strong>Lectura\/Escritura Simult\u00e1nea de Dos Tarjetas. <\/strong>Duplica la productividad gracias al acceso simult\u00e1neo a tarjetas SD y microSD. Elimina la necesidad de conectar y desconectar constantemente.<\/li>\n<li><strong>Plug and Play.\u00a0<\/strong>Sin necesidad de drivers. Puedes conectarlo a ordenadores de sobremesa, port\u00e1tiles, tel\u00e9fonos y tables compatibles con Mac OS, Windows, iPadOS, iOS, Android, Linux y Chrome OS.<\/li>\n<li><strong>Resistente.<\/strong>\u00a0Carcasa de aleaci\u00f3n de aluminio\u00a0y\u00a0cable trenzado de 15 cm de longitud que\u00a0reduce las interferencias con otros puertos<\/li>\n<\/ul>\n<\/div>\n","protected":false},"excerpt":{"rendered":"<p>Lector de Tarjetas USB 3.0 Tipo-C a SD y microSD 3.0 Compatible con tarjetas SD y microSD(TF).\u00a0 Admite tarjetas SD,<\/p>\n","protected":false},"featured_media":98735,"comment_status":"closed","ping_status":"open","template":"","meta":[],"product_brand":[],"product_cat":[15],"product_tag":[],"class_list":{"0":"post-98730","1":"product","2":"type-product","3":"status-publish","4":"has-post-thumbnail","6":"product_cat-uncategorized","8":"first","9":"instock","10":"purchasable","11":"product-type-simple"},"jetpack_sharing_enabled":true,"_links":{"self":[{"href":"https:\/\/www.veneciacr.com\/index.php\/wp-json\/wp\/v2\/product\/98730","targetHints":{"allow":["GET"]}}],"collection":[{"href":"https:\/\/www.veneciacr.com\/index.php\/wp-json\/wp\/v2\/product"}],"about":[{"href":"https:\/\/www.veneciacr.com\/index.php\/wp-json\/wp\/v2\/types\/product"}],"replies":[{"embeddable":true,"href":"https:\/\/www.veneciacr.com\/index.php\/wp-json\/wp\/v2\/comments?post=98730"}],"wp:featuredmedia":[{"embeddable":true,"href":"https:\/\/www.veneciacr.com\/index.php\/wp-json\/wp\/v2\/media\/98735"}],"wp:attachment":[{"href":"https:\/\/www.veneciacr.com\/index.php\/wp-json\/wp\/v2\/media?parent=98730"}],"wp:term":[{"taxonomy":"product_brand","embeddable":true,"href":"https:\/\/www.veneciacr.com\/index.php\/wp-json\/wp\/v2\/product_brand?post=98730"},{"taxonomy":"product_cat","embeddable":true,"href":"https:\/\/www.veneciacr.com\/index.php\/wp-json\/wp\/v2\/product_cat?post=98730"},{"taxonomy":"product_tag","embeddable":true,"href":"https:\/\/www.veneciacr.com\/index.php\/wp-json\/wp\/v2\/product_tag?post=98730"}],"curies":[{"name":"wp","href":"https:\/\/api.w.org\/{rel}","templated":true}]}}