{"id":98728,"date":"2026-04-21T01:59:57","date_gmt":"2026-04-21T07:59:57","guid":{"rendered":"https:\/\/www.veneciacr.com\/index.php\/producto\/gata-carretillo-hidraulica-3-ton-tht10834-total\/"},"modified":"2026-04-21T01:59:59","modified_gmt":"2026-04-21T07:59:59","slug":"contra-pedido-gata-carretillo-hidraulica-3-ton-tht10834-total","status":"publish","type":"product","link":"https:\/\/www.veneciacr.com\/index.php\/producto\/contra-pedido-gata-carretillo-hidraulica-3-ton-tht10834-total\/","title":{"rendered":"CONTRA PEDIDO GATA CARRETILLO HIDRAULICA 3 TON THT10834 TOTAL"},"content":{"rendered":"<p><strong>Producto contra pedido,\u00a0 el tiempo de entrega de este producto es de 2 d\u00edas h\u00e1biles.<\/strong><\/p>\n<p>&nbsp;<\/p>\n<p>-Caracter\u00edsticas: Estilo pat\u00edn de bajo perfil con bomba doble para levantamiento r\u00e1pido.<\/p>\n<p>-Altura de elevaci\u00f3n m\u00e1x.: 515mm.<\/p>\n<p>-Altura elevaci\u00f3n m\u00edn.: 85mm.<\/p>\n<p>-Capacidad: 3 toneladas.<\/p>\n<p>-Material: Metal.<\/p>\n<p>-Peso 32 kg.<\/p>\n","protected":false},"excerpt":{"rendered":"<p>Producto contra pedido,\u00a0 el tiempo de entrega de este producto es de 2 d\u00edas h\u00e1biles. &nbsp; -Caracter\u00edsticas: Estilo pat\u00edn de<\/p>\n","protected":false},"featured_media":98729,"comment_status":"closed","ping_status":"open","template":"","meta":[],"product_brand":[],"product_cat":[15],"product_tag":[],"class_list":{"0":"post-98728","1":"product","2":"type-product","3":"status-publish","4":"has-post-thumbnail","6":"product_cat-uncategorized","8":"first","9":"instock","10":"purchasable","11":"product-type-simple"},"jetpack_sharing_enabled":true,"_links":{"self":[{"href":"https:\/\/www.veneciacr.com\/index.php\/wp-json\/wp\/v2\/product\/98728","targetHints":{"allow":["GET"]}}],"collection":[{"href":"https:\/\/www.veneciacr.com\/index.php\/wp-json\/wp\/v2\/product"}],"about":[{"href":"https:\/\/www.veneciacr.com\/index.php\/wp-json\/wp\/v2\/types\/product"}],"replies":[{"embeddable":true,"href":"https:\/\/www.veneciacr.com\/index.php\/wp-json\/wp\/v2\/comments?post=98728"}],"wp:featuredmedia":[{"embeddable":true,"href":"https:\/\/www.veneciacr.com\/index.php\/wp-json\/wp\/v2\/media\/98729"}],"wp:attachment":[{"href":"https:\/\/www.veneciacr.com\/index.php\/wp-json\/wp\/v2\/media?parent=98728"}],"wp:term":[{"taxonomy":"product_brand","embeddable":true,"href":"https:\/\/www.veneciacr.com\/index.php\/wp-json\/wp\/v2\/product_brand?post=98728"},{"taxonomy":"product_cat","embeddable":true,"href":"https:\/\/www.veneciacr.com\/index.php\/wp-json\/wp\/v2\/product_cat?post=98728"},{"taxonomy":"product_tag","embeddable":true,"href":"https:\/\/www.veneciacr.com\/index.php\/wp-json\/wp\/v2\/product_tag?post=98728"}],"curies":[{"name":"wp","href":"https:\/\/api.w.org\/{rel}","templated":true}]}}