{"id":98705,"date":"2026-04-21T02:02:08","date_gmt":"2026-04-21T08:02:08","guid":{"rendered":"https:\/\/www.veneciacr.com\/index.php\/producto\/tope-puerta-tornillo-codo-negro-toco-6-hermex\/"},"modified":"2026-04-21T02:02:10","modified_gmt":"2026-04-21T08:02:10","slug":"tope-puerta-tornillo-codo-negro-toco-6-hermex","status":"publish","type":"product","link":"https:\/\/www.veneciacr.com\/index.php\/producto\/tope-puerta-tornillo-codo-negro-toco-6-hermex\/","title":{"rendered":"TOPE PUERTA TORNILLO CODO NEGRO TOCO-6 HERMEX"},"content":{"rendered":"<p>Met\u00e1lico, acabado negro<\/p>\n<p>Con protecci\u00f3n de hule<\/p>\n<p>Para puerta, ayudan a prevenir da\u00f1os en las paredes<\/p>\n","protected":false},"excerpt":{"rendered":"<p>Met\u00e1lico, acabado negro Con protecci\u00f3n de hule Para puerta, ayudan a prevenir da\u00f1os en las paredes<\/p>\n","protected":false},"featured_media":98706,"comment_status":"closed","ping_status":"open","template":"","meta":[],"product_brand":[],"product_cat":[15],"product_tag":[],"class_list":{"0":"post-98705","1":"product","2":"type-product","3":"status-publish","4":"has-post-thumbnail","6":"product_cat-uncategorized","8":"first","9":"instock","10":"purchasable","11":"product-type-simple"},"jetpack_sharing_enabled":true,"_links":{"self":[{"href":"https:\/\/www.veneciacr.com\/index.php\/wp-json\/wp\/v2\/product\/98705","targetHints":{"allow":["GET"]}}],"collection":[{"href":"https:\/\/www.veneciacr.com\/index.php\/wp-json\/wp\/v2\/product"}],"about":[{"href":"https:\/\/www.veneciacr.com\/index.php\/wp-json\/wp\/v2\/types\/product"}],"replies":[{"embeddable":true,"href":"https:\/\/www.veneciacr.com\/index.php\/wp-json\/wp\/v2\/comments?post=98705"}],"wp:featuredmedia":[{"embeddable":true,"href":"https:\/\/www.veneciacr.com\/index.php\/wp-json\/wp\/v2\/media\/98706"}],"wp:attachment":[{"href":"https:\/\/www.veneciacr.com\/index.php\/wp-json\/wp\/v2\/media?parent=98705"}],"wp:term":[{"taxonomy":"product_brand","embeddable":true,"href":"https:\/\/www.veneciacr.com\/index.php\/wp-json\/wp\/v2\/product_brand?post=98705"},{"taxonomy":"product_cat","embeddable":true,"href":"https:\/\/www.veneciacr.com\/index.php\/wp-json\/wp\/v2\/product_cat?post=98705"},{"taxonomy":"product_tag","embeddable":true,"href":"https:\/\/www.veneciacr.com\/index.php\/wp-json\/wp\/v2\/product_tag?post=98705"}],"curies":[{"name":"wp","href":"https:\/\/api.w.org\/{rel}","templated":true}]}}