{"id":98703,"date":"2026-04-21T02:02:08","date_gmt":"2026-04-21T08:02:08","guid":{"rendered":"https:\/\/www.veneciacr.com\/index.php\/producto\/tope-puerta-magnetico-negro-toma-6-hermex\/"},"modified":"2026-04-21T02:02:10","modified_gmt":"2026-04-21T08:02:10","slug":"tope-puerta-magnetico-negro-toma-6-hermex","status":"publish","type":"product","link":"https:\/\/www.veneciacr.com\/index.php\/producto\/tope-puerta-magnetico-negro-toma-6-hermex\/","title":{"rendered":"TOPE PUERTA MAGNETICO NEGRO TOMA-6 HERMEX"},"content":{"rendered":"<p>Met\u00e1lico, acabado negro<\/p>\n<p>Magn\u00e9tico<\/p>\n<p>F\u00e1cil instalaci\u00f3n<\/p>\n<p>Mantiene la puerta abierta<\/p>\n<p>Ayuda a prevenir da\u00f1os en la puerta y pared<\/p>\n<div class=\"col-6\">\n<div class=\"table-responsive tabla_border\">\n<table class=\"table table-bordered table_info_prod align-middle m-0\">\n<tbody>\n<tr id=\"tabla_especs\">\n<th class=\"tamanio_th_especs\" scope=\"row\">\n<p class=\"margen_tabla_especs\">Acabado<\/p>\n<\/th>\n<td>\n<p class=\"margen_tabla_especs\">Negro<\/p>\n<\/td>\n<\/tr>\n<\/tbody>\n<\/table>\n<\/div>\n<\/div>\n<div class=\"col-6\">\n<div class=\"table-responsive tabla_border\">\n<table class=\"table table-bordered table_info_prod align-middle m-0\">\n<tbody>\n<tr id=\"tabla_especs\">\n<th class=\"tamanio_th_especs\" scope=\"row\">\n<p class=\"margen_tabla_especs\">Dimensiones (Alto x Ancho x\u00a0Di\u00e1metro)<\/p>\n<\/th>\n<td>\n<p class=\"margen_tabla_especs\">3 cm x 5 cm x 2 cm<\/p>\n<\/td>\n<\/tr>\n<\/tbody>\n<\/table>\n<\/div>\n<\/div>\n","protected":false},"excerpt":{"rendered":"<p>Met\u00e1lico, acabado negro Magn\u00e9tico F\u00e1cil instalaci\u00f3n Mantiene la puerta abierta Ayuda a prevenir da\u00f1os en la puerta y pared Acabado<\/p>\n","protected":false},"featured_media":98704,"comment_status":"closed","ping_status":"open","template":"","meta":[],"product_brand":[],"product_cat":[15],"product_tag":[],"class_list":{"0":"post-98703","1":"product","2":"type-product","3":"status-publish","4":"has-post-thumbnail","6":"product_cat-uncategorized","8":"first","9":"instock","10":"purchasable","11":"product-type-simple"},"jetpack_sharing_enabled":true,"_links":{"self":[{"href":"https:\/\/www.veneciacr.com\/index.php\/wp-json\/wp\/v2\/product\/98703","targetHints":{"allow":["GET"]}}],"collection":[{"href":"https:\/\/www.veneciacr.com\/index.php\/wp-json\/wp\/v2\/product"}],"about":[{"href":"https:\/\/www.veneciacr.com\/index.php\/wp-json\/wp\/v2\/types\/product"}],"replies":[{"embeddable":true,"href":"https:\/\/www.veneciacr.com\/index.php\/wp-json\/wp\/v2\/comments?post=98703"}],"wp:featuredmedia":[{"embeddable":true,"href":"https:\/\/www.veneciacr.com\/index.php\/wp-json\/wp\/v2\/media\/98704"}],"wp:attachment":[{"href":"https:\/\/www.veneciacr.com\/index.php\/wp-json\/wp\/v2\/media?parent=98703"}],"wp:term":[{"taxonomy":"product_brand","embeddable":true,"href":"https:\/\/www.veneciacr.com\/index.php\/wp-json\/wp\/v2\/product_brand?post=98703"},{"taxonomy":"product_cat","embeddable":true,"href":"https:\/\/www.veneciacr.com\/index.php\/wp-json\/wp\/v2\/product_cat?post=98703"},{"taxonomy":"product_tag","embeddable":true,"href":"https:\/\/www.veneciacr.com\/index.php\/wp-json\/wp\/v2\/product_tag?post=98703"}],"curies":[{"name":"wp","href":"https:\/\/api.w.org\/{rel}","templated":true}]}}