{"id":98695,"date":"2026-04-21T02:02:05","date_gmt":"2026-04-21T08:02:05","guid":{"rendered":"https:\/\/www.veneciacr.com\/index.php\/producto\/unidad-escuadra-negra-trenzado-6x6-med-6nt-fiero\/"},"modified":"2026-04-21T02:02:07","modified_gmt":"2026-04-21T08:02:07","slug":"unidad-escuadra-ec13-negra-trenzado-6x6-med-6nt-fiero","status":"publish","type":"product","link":"https:\/\/www.veneciacr.com\/index.php\/producto\/unidad-escuadra-ec13-negra-trenzado-6x6-med-6nt-fiero\/","title":{"rendered":"UNIDAD ESCUADRA EC13 NEGRA TRENZADO 6X6&#8243; MED-6NT FIERO"},"content":{"rendered":"<p>Fabricada de acero<\/p>\n<p>F\u00e1cil instalaci\u00f3n<\/p>\n<p>\u00datil para emplearse como soporte de repisas o cubiertas<\/p>\n<div class=\"col-6\">\n<div class=\"table-responsive tabla_border\">\n<table class=\"table table-bordered table_info_prod align-middle m-0\">\n<tbody>\n<tr id=\"tabla_especs\">\n<th class=\"tamanio_th_especs\" scope=\"row\">\n<p class=\"margen_tabla_especs\">Color<\/p>\n<\/th>\n<td>\n<p class=\"margen_tabla_especs\">Negro<\/p>\n<\/td>\n<\/tr>\n<tr id=\"tabla_especs\">\n<th class=\"tamanio_th_especs\" scope=\"row\">\n<p class=\"margen_tabla_especs\">Medida<\/p>\n<\/th>\n<td>\n<p class=\"margen_tabla_especs\">6&#8243; x 6&#8243;<\/p>\n<\/td>\n<\/tr>\n<tr id=\"tabla_especs\">\n<th class=\"tamanio_th_especs\" scope=\"row\">\n<p class=\"margen_tabla_especs\">Puntos de sujeci\u00f3n<\/p>\n<\/th>\n<td>\n<p class=\"margen_tabla_especs\">4<\/p>\n<\/td>\n<\/tr>\n<\/tbody>\n<\/table>\n<\/div>\n<\/div>\n<div class=\"col-6\">\n<div class=\"table-responsive tabla_border\">\n<table class=\"table table-bordered table_info_prod align-middle m-0\">\n<tbody>\n<tr id=\"tabla_especs\">\n<th class=\"tamanio_th_especs\" scope=\"row\">\n<p class=\"margen_tabla_especs\">Carga de trabajo calculada por par<\/p>\n<\/th>\n<td>\n<p class=\"margen_tabla_especs\">40 kg<\/p>\n<\/td>\n<\/tr>\n<tr id=\"tabla_especs\">\n<th class=\"tamanio_th_especs\" scope=\"row\">\n<p class=\"margen_tabla_especs\">Espesor<\/p>\n<\/th>\n<td>\n<p class=\"margen_tabla_especs\">3 mm<\/p>\n<\/td>\n<\/tr>\n<\/tbody>\n<\/table>\n<\/div>\n<\/div>\n","protected":false},"excerpt":{"rendered":"<p>Fabricada de acero F\u00e1cil instalaci\u00f3n \u00datil para emplearse como soporte de repisas o cubiertas Color Negro Medida 6&#8243; x 6&#8243;<\/p>\n","protected":false},"featured_media":98696,"comment_status":"closed","ping_status":"open","template":"","meta":[],"product_brand":[],"product_cat":[15],"product_tag":[],"class_list":{"0":"post-98695","1":"product","2":"type-product","3":"status-publish","4":"has-post-thumbnail","6":"product_cat-uncategorized","8":"first","9":"instock","10":"purchasable","11":"product-type-simple"},"jetpack_sharing_enabled":true,"_links":{"self":[{"href":"https:\/\/www.veneciacr.com\/index.php\/wp-json\/wp\/v2\/product\/98695","targetHints":{"allow":["GET"]}}],"collection":[{"href":"https:\/\/www.veneciacr.com\/index.php\/wp-json\/wp\/v2\/product"}],"about":[{"href":"https:\/\/www.veneciacr.com\/index.php\/wp-json\/wp\/v2\/types\/product"}],"replies":[{"embeddable":true,"href":"https:\/\/www.veneciacr.com\/index.php\/wp-json\/wp\/v2\/comments?post=98695"}],"wp:featuredmedia":[{"embeddable":true,"href":"https:\/\/www.veneciacr.com\/index.php\/wp-json\/wp\/v2\/media\/98696"}],"wp:attachment":[{"href":"https:\/\/www.veneciacr.com\/index.php\/wp-json\/wp\/v2\/media?parent=98695"}],"wp:term":[{"taxonomy":"product_brand","embeddable":true,"href":"https:\/\/www.veneciacr.com\/index.php\/wp-json\/wp\/v2\/product_brand?post=98695"},{"taxonomy":"product_cat","embeddable":true,"href":"https:\/\/www.veneciacr.com\/index.php\/wp-json\/wp\/v2\/product_cat?post=98695"},{"taxonomy":"product_tag","embeddable":true,"href":"https:\/\/www.veneciacr.com\/index.php\/wp-json\/wp\/v2\/product_tag?post=98695"}],"curies":[{"name":"wp","href":"https:\/\/api.w.org\/{rel}","templated":true}]}}