{"id":98633,"date":"2026-04-21T02:02:14","date_gmt":"2026-04-21T08:02:14","guid":{"rendered":"https:\/\/www.veneciacr.com\/index.php\/producto\/ups-1000va-r-upr1008-8-salidas-cdp\/"},"modified":"2026-04-21T02:02:17","modified_gmt":"2026-04-21T08:02:17","slug":"ups-1000va-r-upr1008-8-salidas-cdp","status":"publish","type":"product","link":"https:\/\/www.veneciacr.com\/index.php\/producto\/ups-1000va-r-upr1008-8-salidas-cdp\/","title":{"rendered":"UPS 1000VA R-UPR1008 8 SALIDAS CDP"},"content":{"rendered":"<p>UPS interactivo de l\u00ednea de 1000VA con 8 toma corrientes NEMA 5-15 dise\u00f1ados para el hogar \/ oficina. Bater\u00edas de plomo Acido selladas internas, regulador de voltaje supresor de sobre tensiones y salidas de derivaci\u00f3n para cargas m\u00e1s grandes. Proporciona energ\u00eda continua a enrutadores WIFI, sistemas de alarma y equipos inform\u00e1ticos. Las alarmas audibles indican el funcionamiento y los niveles de bater\u00eda. Certificado por las agencias reguladoras NOM, ISO9001-2015, ISO14001, RETIE.<\/p>\n<table class=\"table\">\n<tbody>\n<tr>\n<td class=\"specs-label\" width=\"40%\">Capacidad<\/td>\n<td>1000VA \/ 500W<\/td>\n<\/tr>\n<tr class=\"specitem\">\n<td class=\"specs-label\" width=\"40%\">Tipo de onda<\/td>\n<td>Simulaci\u00f3n onda senoidal<\/td>\n<\/tr>\n<tr>\n<td class=\"specs-label\" width=\"40%\">Peso<\/td>\n<td>5.45Kg \/ 5Kgs*<\/td>\n<\/tr>\n<tr class=\"specitem\">\n<td class=\"specs-label\" width=\"40%\">Protecci\u00f3n<\/td>\n<td>Breaker termomagn\u00e9tico y circuitos electr\u00f3nicos (Modo de l\u00ednea) y contra corto circuito<\/td>\n<\/tr>\n<tr class=\"specitem\">\n<td class=\"specs-label\" width=\"40%\">Conector de entrada<\/td>\n<td>40 min aprox.<\/td>\n<\/tr>\n<tr class=\"specitem\">\n<td class=\"specs-label\" width=\"40%\">Tipo de Salida\/Numero<\/td>\n<td>4 NEMA 5-15R con respaldo de bater\u00eda + 4 NEMA 5-15R con supresi\u00f3n de picos<\/td>\n<\/tr>\n<tr class=\"specitem\">\n<td class=\"specs-label\" width=\"40%\">Voltaje<\/td>\n<td>120Vca<\/td>\n<\/tr>\n<tr>\n<td class=\"specs-label\" width=\"40%\">Dimensiones<\/td>\n<td>95 x 140 x 300 mm \/ 101 x 142 x 279 mm* (Largo x Alto x Profundo)<\/td>\n<\/tr>\n<tr>\n<td class=\"specs-label\" width=\"40%\">Certificaciones<\/td>\n<td>ISO 9001, ISO 14001, RETIE y NOM<\/td>\n<\/tr>\n<\/tbody>\n<\/table>\n","protected":false},"excerpt":{"rendered":"<p>UPS interactivo de l\u00ednea de 1000VA con 8 toma corrientes NEMA 5-15 dise\u00f1ados para el hogar \/ oficina. Bater\u00edas de<\/p>\n","protected":false},"featured_media":98634,"comment_status":"closed","ping_status":"open","template":"","meta":[],"product_brand":[],"product_cat":[15],"product_tag":[],"class_list":{"0":"post-98633","1":"product","2":"type-product","3":"status-publish","4":"has-post-thumbnail","6":"product_cat-uncategorized","8":"first","9":"outofstock","10":"purchasable","11":"product-type-simple"},"jetpack_sharing_enabled":true,"_links":{"self":[{"href":"https:\/\/www.veneciacr.com\/index.php\/wp-json\/wp\/v2\/product\/98633","targetHints":{"allow":["GET"]}}],"collection":[{"href":"https:\/\/www.veneciacr.com\/index.php\/wp-json\/wp\/v2\/product"}],"about":[{"href":"https:\/\/www.veneciacr.com\/index.php\/wp-json\/wp\/v2\/types\/product"}],"replies":[{"embeddable":true,"href":"https:\/\/www.veneciacr.com\/index.php\/wp-json\/wp\/v2\/comments?post=98633"}],"wp:featuredmedia":[{"embeddable":true,"href":"https:\/\/www.veneciacr.com\/index.php\/wp-json\/wp\/v2\/media\/98634"}],"wp:attachment":[{"href":"https:\/\/www.veneciacr.com\/index.php\/wp-json\/wp\/v2\/media?parent=98633"}],"wp:term":[{"taxonomy":"product_brand","embeddable":true,"href":"https:\/\/www.veneciacr.com\/index.php\/wp-json\/wp\/v2\/product_brand?post=98633"},{"taxonomy":"product_cat","embeddable":true,"href":"https:\/\/www.veneciacr.com\/index.php\/wp-json\/wp\/v2\/product_cat?post=98633"},{"taxonomy":"product_tag","embeddable":true,"href":"https:\/\/www.veneciacr.com\/index.php\/wp-json\/wp\/v2\/product_tag?post=98633"}],"curies":[{"name":"wp","href":"https:\/\/api.w.org\/{rel}","templated":true}]}}