{"id":98627,"date":"2026-04-21T02:02:11","date_gmt":"2026-04-21T08:02:11","guid":{"rendered":"https:\/\/www.veneciacr.com\/index.php\/producto\/set-cuchillos-y-tijera-wkk2k61-wadfow\/"},"modified":"2026-04-21T02:02:14","modified_gmt":"2026-04-21T08:02:14","slug":"set-cuchillos-y-tijera-wkk2k61-wadfow","status":"publish","type":"product","link":"https:\/\/www.veneciacr.com\/index.php\/producto\/set-cuchillos-y-tijera-wkk2k61-wadfow\/","title":{"rendered":"SET CUCHILLOS Y TIJERA WKK2K61 WADFOW"},"content":{"rendered":"<ul>\n<li>N\u00famero de parte: WKK2K61<\/li>\n<li>Material de la hoja: Acero inoxidable 3Cr14, conocido por su resistencia a la corrosi\u00f3n y durabilidad<\/li>\n<li>Mango: Pl\u00e1stico (PP), dise\u00f1ado para un agarre c\u00f3modo y seguro<\/li>\n<li>Empaque: Tarjeta blister<\/li>\n<li>Uso recomendado: Profesional y dom\u00e9stico<\/li>\n<\/ul>\n<p><strong>En la Caja<\/strong><\/p>\n<ul>\n<li>5x Wadfow Cuchillos<\/li>\n<li>1x Wadfow Tijera<\/li>\n<\/ul>\n","protected":false},"excerpt":{"rendered":"<p>N\u00famero de parte: WKK2K61 Material de la hoja: Acero inoxidable 3Cr14, conocido por su resistencia a la corrosi\u00f3n y durabilidad<\/p>\n","protected":false},"featured_media":98628,"comment_status":"closed","ping_status":"open","template":"","meta":[],"product_brand":[],"product_cat":[15],"product_tag":[],"class_list":{"0":"post-98627","1":"product","2":"type-product","3":"status-publish","4":"has-post-thumbnail","6":"product_cat-uncategorized","8":"first","9":"outofstock","10":"purchasable","11":"product-type-simple"},"jetpack_sharing_enabled":true,"_links":{"self":[{"href":"https:\/\/www.veneciacr.com\/index.php\/wp-json\/wp\/v2\/product\/98627","targetHints":{"allow":["GET"]}}],"collection":[{"href":"https:\/\/www.veneciacr.com\/index.php\/wp-json\/wp\/v2\/product"}],"about":[{"href":"https:\/\/www.veneciacr.com\/index.php\/wp-json\/wp\/v2\/types\/product"}],"replies":[{"embeddable":true,"href":"https:\/\/www.veneciacr.com\/index.php\/wp-json\/wp\/v2\/comments?post=98627"}],"wp:featuredmedia":[{"embeddable":true,"href":"https:\/\/www.veneciacr.com\/index.php\/wp-json\/wp\/v2\/media\/98628"}],"wp:attachment":[{"href":"https:\/\/www.veneciacr.com\/index.php\/wp-json\/wp\/v2\/media?parent=98627"}],"wp:term":[{"taxonomy":"product_brand","embeddable":true,"href":"https:\/\/www.veneciacr.com\/index.php\/wp-json\/wp\/v2\/product_brand?post=98627"},{"taxonomy":"product_cat","embeddable":true,"href":"https:\/\/www.veneciacr.com\/index.php\/wp-json\/wp\/v2\/product_cat?post=98627"},{"taxonomy":"product_tag","embeddable":true,"href":"https:\/\/www.veneciacr.com\/index.php\/wp-json\/wp\/v2\/product_tag?post=98627"}],"curies":[{"name":"wp","href":"https:\/\/api.w.org\/{rel}","templated":true}]}}